{"id":116,"date":"2024-05-15T11:27:34","date_gmt":"2024-05-15T15:27:34","guid":{"rendered":"http:\/\/200.11.228.221\/?page_id=116"},"modified":"2026-02-26T11:43:26","modified_gmt":"2026-02-26T15:43:26","slug":"interaccion-social-instituto-de-altos-estudios-dr-arnoldo-gabaldon","status":"publish","type":"page","link":"https:\/\/iaes.edu.ve\/?page_id=116","title":{"rendered":"Interacci\u00f3n Social"},"content":{"rendered":"\t\t<div data-elementor-type=\"wp-page\" data-elementor-id=\"116\" class=\"elementor elementor-116\">\n\t\t\t\t\t\t<section class=\"elementor-section elementor-top-section elementor-element elementor-element-308fe13d elementor-section-boxed elementor-section-height-default elementor-section-height-default\" data-id=\"308fe13d\" data-element_type=\"section\" data-e-type=\"section\">\n\t\t\t\t\t\t<div class=\"elementor-container elementor-column-gap-default\">\n\t\t\t\t\t<div class=\"elementor-column elementor-col-100 elementor-top-column elementor-element elementor-element-5f031ca7\" data-id=\"5f031ca7\" data-element_type=\"column\" data-e-type=\"column\">\n\t\t\t<div class=\"elementor-widget-wrap elementor-element-populated\">\n\t\t\t\t\t\t<div class=\"elementor-element elementor-element-abb284a elementor-widget elementor-widget-image\" data-id=\"abb284a\" data-element_type=\"widget\" data-e-type=\"widget\" data-widget_type=\"image.default\">\n\t\t\t\t<div class=\"elementor-widget-container\">\n\t\t\t\t\t\t\t\t\t\t\t\t\t\t\t<img fetchpriority=\"high\" decoding=\"async\" width=\"640\" height=\"160\" src=\"https:\/\/iaes.edu.ve\/wp-content\/uploads\/2024\/06\/banners-interaccion.jpg\" class=\"attachment-large size-large wp-image-581\" alt=\"\" \/>\t\t\t\t\t\t\t\t\t\t\t\t\t\t\t<\/div>\n\t\t\t\t<\/div>\n\t\t\t\t<div class=\"elementor-element elementor-element-63c3cb9d elementor-widget elementor-widget-elementskit-heading\" data-id=\"63c3cb9d\" data-element_type=\"widget\" data-e-type=\"widget\" data-widget_type=\"elementskit-heading.default\">\n\t\t\t\t<div class=\"elementor-widget-container\">\n\t\t\t\t\t<div class=\"ekit-wid-con\" ><div class=\"ekit-heading elementskit-section-title-wraper center   ekit_heading_tablet-   ekit_heading_mobile-\"><h2 class=\"ekit-heading--title elementskit-section-title \">Interacci\u00f3n Social<\/h2><div class=\"ekit_heading_separetor_wraper ekit_heading_elementskit-border-divider ekit-dotted\"><div class=\"elementskit-border-divider ekit-dotted\"><\/div><\/div>\t\t\t\t<div class='ekit-heading__description'>\n\t\t\t\t\t<p>Dependencia formativa adscrita al Servicio Aut\u00f3nomo Instituto de Altos Estudios \u201cDr. Arnoldo Gabaldon\u201d (IAE), encargada de dirigir la capacitaci\u00f3n de ciudadanos y ciudadanas para la apropiaci\u00f3n de pr\u00e1cticas y conocimientos cient\u00edficos, ancestrales, tradicionales y populares, y su participaci\u00f3n ciudadana, articulaci\u00f3n intersectorial, interinstitucional y comunitaria en la construcci\u00f3n y fortalecimiento del Poder Popular en salud.<\/p>\n\t\t\t\t<\/div>\n\t\t\t<\/div><\/div>\t\t\t\t<\/div>\n\t\t\t\t<\/div>\n\t\t\t\t\t<\/div>\n\t\t<\/div>\n\t\t\t\t\t<\/div>\n\t\t<\/section>\n\t\t<div class=\"elementor-element elementor-element-ce20877 e-flex e-con-boxed e-con e-parent\" data-id=\"ce20877\" data-element_type=\"container\" data-e-type=\"container\">\n\t\t\t\t\t<div class=\"e-con-inner\">\n\t\t<div class=\"elementor-element elementor-element-49cbefa e-flex e-con-boxed e-con e-child\" data-id=\"49cbefa\" data-element_type=\"container\" data-e-type=\"container\">\n\t\t\t\t\t<div class=\"e-con-inner\">\n\t\t\t\t<div class=\"elementor-element elementor-element-7679bdc elementor-widget-divider--view-line_icon elementor-view-default elementor-widget-divider--element-align-center elementor-widget elementor-widget-divider\" data-id=\"7679bdc\" data-element_type=\"widget\" data-e-type=\"widget\" data-widget_type=\"divider.default\">\n\t\t\t\t<div class=\"elementor-widget-container\">\n\t\t\t\t\t\t\t<div class=\"elementor-divider\">\n\t\t\t<span class=\"elementor-divider-separator\">\n\t\t\t\t\t\t\t<div class=\"elementor-icon elementor-divider__element\">\n\t\t\t\t\t<svg aria-hidden=\"true\" class=\"e-font-icon-svg e-fas-dot-circle\" viewBox=\"0 0 512 512\" xmlns=\"http:\/\/www.w3.org\/2000\/svg\"><path d=\"M256 8C119.033 8 8 119.033 8 256s111.033 248 248 248 248-111.033 248-248S392.967 8 256 8zm80 248c0 44.112-35.888 80-80 80s-80-35.888-80-80 35.888-80 80-80 80 35.888 80 80z\"><\/path><\/svg><\/div>\n\t\t\t\t\t\t<\/span>\n\t\t<\/div>\n\t\t\t\t\t\t<\/div>\n\t\t\t\t<\/div>\n\t\t\t\t\t<\/div>\n\t\t\t\t<\/div>\n\t\t<div class=\"elementor-element elementor-element-cacdb3c e-con-full e-flex e-con e-child\" data-id=\"cacdb3c\" data-element_type=\"container\" data-e-type=\"container\">\n\t\t\t\t<div class=\"elementor-element elementor-element-dd13381 elementor-widget elementor-widget-heading\" data-id=\"dd13381\" data-element_type=\"widget\" data-e-type=\"widget\" data-widget_type=\"heading.default\">\n\t\t\t\t<div class=\"elementor-widget-container\">\n\t\t\t\t\t<h1 class=\"elementor-heading-title elementor-size-default\">Misi\u00f3n<\/h1>\t\t\t\t<\/div>\n\t\t\t\t<\/div>\n\t\t\t\t<div class=\"elementor-element elementor-element-cac1725 elementor-widget elementor-widget-text-editor\" data-id=\"cac1725\" data-element_type=\"widget\" data-e-type=\"widget\" data-widget_type=\"text-editor.default\">\n\t\t\t\t<div class=\"elementor-widget-container\">\n\t\t\t\t\t\t\t\t\t<p>Establecer relaciones intrainstitucionales, interinstitucionales, intersectoriales y comunitarias, en el \u00e1mbito nacional e internacional, que contribuyan a mejorar las condiciones de salud y vida de la poblaci\u00f3n a trav\u00e9s de la ejecuci\u00f3n de los procesos acad\u00e9micos, investigativos y de Interacci\u00f3n Social del Servicio Aut\u00f3nomo Instituto de Altos Estudios \u00abDr. Arnoldo Gabaldon\u00bb.<\/p>\t\t\t\t\t\t\t\t<\/div>\n\t\t\t\t<\/div>\n\t\t\t\t<div class=\"elementor-element elementor-element-b15c66b elementor-widget elementor-widget-heading\" data-id=\"b15c66b\" data-element_type=\"widget\" data-e-type=\"widget\" data-widget_type=\"heading.default\">\n\t\t\t\t<div class=\"elementor-widget-container\">\n\t\t\t\t\t<h1 class=\"elementor-heading-title elementor-size-default\">Visi\u00f3n<\/h1>\t\t\t\t<\/div>\n\t\t\t\t<\/div>\n\t\t\t\t<div class=\"elementor-element elementor-element-3fb1a60 elementor-widget elementor-widget-text-editor\" data-id=\"3fb1a60\" data-element_type=\"widget\" data-e-type=\"widget\" data-widget_type=\"text-editor.default\">\n\t\t\t\t<div class=\"elementor-widget-container\">\n\t\t\t\t\t\t\t\t\t<p>Ser una direcci\u00f3n reconocida nacional e internacionalmente, por su liderazgo en la promoci\u00f3n y ejecuci\u00f3n de relaciones de integraci\u00f3n, orientadas a la ejecuci\u00f3n de pol\u00edticas de formaci\u00f3n, de investigaci\u00f3n e interacci\u00f3n social en salud colectiva, que contribuyan a fortalecer sistemas p\u00fablicos de salud.<\/p>\t\t\t\t\t\t\t\t<\/div>\n\t\t\t\t<\/div>\n\t\t\t\t<\/div>\n\t\t\t\t\t<\/div>\n\t\t\t\t<\/div>\n\t\t<div class=\"elementor-element elementor-element-f6dc6f8 e-flex e-con-boxed e-con e-parent\" data-id=\"f6dc6f8\" data-element_type=\"container\" data-e-type=\"container\">\n\t\t\t\t\t<div class=\"e-con-inner\">\n\t\t<div class=\"elementor-element elementor-element-5ddb12a e-con-full e-flex e-con e-child\" data-id=\"5ddb12a\" data-element_type=\"container\" data-e-type=\"container\">\n\t\t\t\t<div class=\"elementor-element elementor-element-f450b3c elementor-widget elementor-widget-heading\" data-id=\"f450b3c\" data-element_type=\"widget\" data-e-type=\"widget\" data-widget_type=\"heading.default\">\n\t\t\t\t<div class=\"elementor-widget-container\">\n\t\t\t\t\t<h3 class=\"elementor-heading-title elementor-size-default\">Principios que inspiran la gesti\u00f3n organizacional de la DIS:<\/h3>\t\t\t\t<\/div>\n\t\t\t\t<\/div>\n\t\t\t\t<div class=\"elementor-element elementor-element-ac27715 elementor-widget-tablet__width-initial elementor-widget elementor-widget-text-editor\" data-id=\"ac27715\" data-element_type=\"widget\" data-e-type=\"widget\" data-widget_type=\"text-editor.default\">\n\t\t\t\t<div class=\"elementor-widget-container\">\n\t\t\t\t\t\t\t\t\t<ul><li>Lucha contra las desigualdades<\/li><li>Participaci\u00f3n protag\u00f3nica<\/li><li>Pertinencia social<\/li><li>Solidaridad<\/li><li>Informaci\u00f3n Veraz<\/li><li>Cooperaci\u00f3n<\/li><li>Corresponsabilidad<\/li><li>Reciprocidad<\/li><li>Complementariedad<\/li><li>Reconocimiento<\/li><\/ul>\t\t\t\t\t\t\t\t<\/div>\n\t\t\t\t<\/div>\n\t\t\t\t<\/div>\n\t\t<div class=\"elementor-element elementor-element-cb950ac e-con-full e-flex e-con e-child\" data-id=\"cb950ac\" data-element_type=\"container\" data-e-type=\"container\">\n\t\t\t\t<div class=\"elementor-element elementor-element-5d994bb elementor-widget elementor-widget-image\" data-id=\"5d994bb\" data-element_type=\"widget\" data-e-type=\"widget\" data-widget_type=\"image.default\">\n\t\t\t\t<div class=\"elementor-widget-container\">\n\t\t\t\t\t\t\t\t\t\t\t\t\t\t\t<img decoding=\"async\" width=\"300\" height=\"270\" src=\"https:\/\/iaes.edu.ve\/wp-content\/uploads\/2024\/09\/organizacion.png\" class=\"attachment-medium size-medium wp-image-890\" alt=\"\" \/>\t\t\t\t\t\t\t\t\t\t\t\t\t\t\t<\/div>\n\t\t\t\t<\/div>\n\t\t\t\t<\/div>\n\t\t\t\t\t<\/div>\n\t\t\t\t<\/div>\n\t\t\t\t<\/div>\n\t\t<p>Views: 1492<\/p>","protected":false},"excerpt":{"rendered":"<p>Interacci\u00f3n Social Dependencia formativa adscrita al Servicio Aut\u00f3nomo Instituto de Altos Estudios \u201cDr. Arnoldo Gabaldon\u201d (IAE), encargada de dirigir la capacitaci\u00f3n de ciudadanos y ciudadanas para la apropiaci\u00f3n de pr\u00e1cticas y conocimientos cient\u00edficos, ancestrales, tradicionales y populares, y su participaci\u00f3n ciudadana, articulaci\u00f3n intersectorial, interinstitucional y comunitaria en la construcci\u00f3n y fortalecimiento del Poder Popular en [&hellip;]<\/p>\n","protected":false},"author":1,"featured_media":0,"parent":0,"menu_order":0,"comment_status":"closed","ping_status":"closed","template":"","meta":{"inline_featured_image":false,"footnotes":""},"class_list":["post-116","page","type-page","status-publish","hentry"],"yoast_head":"<!-- This site is optimized with the Yoast SEO plugin v27.4 - https:\/\/yoast.com\/product\/yoast-seo-wordpress\/ -->\n<title>Insteracci\u00f3n Social - iaes<\/title>\n<meta name=\"description\" content=\"MPPS, IAE, Interacci\u00f3n Social, Salud P\u00fablica, Salud Ocupacional, Epidemiolog\u00eda, Salud Colectiva, Malaria, Investigaci\u00f3n, Poder Popular, ASIC\" \/>\n<meta name=\"robots\" content=\"index, follow, max-snippet:-1, max-image-preview:large, max-video-preview:-1\" \/>\n<link rel=\"canonical\" href=\"https:\/\/iaes.edu.ve\/?page_id=116\" \/>\n<meta property=\"og:locale\" content=\"es_ES\" \/>\n<meta property=\"og:type\" content=\"article\" \/>\n<meta property=\"og:title\" content=\"Insteracci\u00f3n Social - iaes\" \/>\n<meta property=\"og:description\" content=\"MPPS, IAE, Interacci\u00f3n Social, Salud P\u00fablica, Salud Ocupacional, Epidemiolog\u00eda, Salud Colectiva, Malaria, Investigaci\u00f3n, Poder Popular, ASIC\" \/>\n<meta property=\"og:url\" content=\"https:\/\/iaes.edu.ve\/?page_id=116\" \/>\n<meta property=\"og:site_name\" content=\"iaes\" \/>\n<meta property=\"article:publisher\" content=\"https:\/\/www.facebook.com\/IAEGabaldonOficial\" \/>\n<meta property=\"article:modified_time\" content=\"2026-02-26T15:43:26+00:00\" \/>\n<meta property=\"og:image\" content=\"https:\/\/iaes.edu.ve\/wp-content\/uploads\/2024\/06\/banners-interaccion.jpg\" \/>\n<meta name=\"twitter:card\" content=\"summary_large_image\" \/>\n<meta name=\"twitter:site\" content=\"@iaegabaldon\" \/>\n<meta name=\"twitter:label1\" content=\"Tiempo estimado de lectura\" \/>\n\t<meta name=\"twitter:data1\" content=\"2 minutos\" \/>\n<script type=\"application\/ld+json\" class=\"yoast-schema-graph\">{\"@context\":\"https:\\\/\\\/schema.org\",\"@graph\":[{\"@type\":\"WebPage\",\"@id\":\"https:\\\/\\\/iaes.edu.ve\\\/?page_id=116\",\"url\":\"https:\\\/\\\/iaes.edu.ve\\\/?page_id=116\",\"name\":\"Insteracci\u00f3n Social - iaes\",\"isPartOf\":{\"@id\":\"https:\\\/\\\/iaes.edu.ve\\\/#website\"},\"primaryImageOfPage\":{\"@id\":\"https:\\\/\\\/iaes.edu.ve\\\/?page_id=116#primaryimage\"},\"image\":{\"@id\":\"https:\\\/\\\/iaes.edu.ve\\\/?page_id=116#primaryimage\"},\"thumbnailUrl\":\"https:\\\/\\\/iaes.edu.ve\\\/wp-content\\\/uploads\\\/2024\\\/06\\\/banners-interaccion.jpg\",\"datePublished\":\"2024-05-15T15:27:34+00:00\",\"dateModified\":\"2026-02-26T15:43:26+00:00\",\"description\":\"MPPS, IAE, Interacci\u00f3n Social, Salud P\u00fablica, Salud Ocupacional, Epidemiolog\u00eda, Salud Colectiva, Malaria, Investigaci\u00f3n, Poder Popular, ASIC\",\"breadcrumb\":{\"@id\":\"https:\\\/\\\/iaes.edu.ve\\\/?page_id=116#breadcrumb\"},\"inLanguage\":\"es\",\"potentialAction\":[{\"@type\":\"ReadAction\",\"target\":[\"https:\\\/\\\/iaes.edu.ve\\\/?page_id=116\"]}]},{\"@type\":\"ImageObject\",\"inLanguage\":\"es\",\"@id\":\"https:\\\/\\\/iaes.edu.ve\\\/?page_id=116#primaryimage\",\"url\":\"https:\\\/\\\/iaes.edu.ve\\\/wp-content\\\/uploads\\\/2024\\\/06\\\/banners-interaccion.jpg\",\"contentUrl\":\"https:\\\/\\\/iaes.edu.ve\\\/wp-content\\\/uploads\\\/2024\\\/06\\\/banners-interaccion.jpg\",\"width\":1600,\"height\":400},{\"@type\":\"BreadcrumbList\",\"@id\":\"https:\\\/\\\/iaes.edu.ve\\\/?page_id=116#breadcrumb\",\"itemListElement\":[{\"@type\":\"ListItem\",\"position\":1,\"name\":\"Portada\",\"item\":\"https:\\\/\\\/iaes.edu.ve\\\/\"},{\"@type\":\"ListItem\",\"position\":2,\"name\":\"Interacci\u00f3n Social\"}]},{\"@type\":\"WebSite\",\"@id\":\"https:\\\/\\\/iaes.edu.ve\\\/#website\",\"url\":\"https:\\\/\\\/iaes.edu.ve\\\/\",\"name\":\"iaes\",\"description\":\"Formando al talento humano del Sistema P\u00fablico Nacional de Salud\",\"publisher\":{\"@id\":\"https:\\\/\\\/iaes.edu.ve\\\/#organization\"},\"potentialAction\":[{\"@type\":\"SearchAction\",\"target\":{\"@type\":\"EntryPoint\",\"urlTemplate\":\"https:\\\/\\\/iaes.edu.ve\\\/?s={search_term_string}\"},\"query-input\":{\"@type\":\"PropertyValueSpecification\",\"valueRequired\":true,\"valueName\":\"search_term_string\"}}],\"inLanguage\":\"es\"},{\"@type\":\"Organization\",\"@id\":\"https:\\\/\\\/iaes.edu.ve\\\/#organization\",\"name\":\"Servicio Aut\u00f3nomo Instituto de Altos Estudios Dr. Arnoldo Gabaldon\",\"alternateName\":\"IAE Dr. Arnoldo Gabaldon\",\"url\":\"https:\\\/\\\/iaes.edu.ve\\\/\",\"logo\":{\"@type\":\"ImageObject\",\"inLanguage\":\"es\",\"@id\":\"https:\\\/\\\/iaes.edu.ve\\\/#\\\/schema\\\/logo\\\/image\\\/\",\"url\":\"https:\\\/\\\/iaes.edu.ve\\\/wp-content\\\/uploads\\\/2024\\\/05\\\/logo-iae-hor.png\",\"contentUrl\":\"https:\\\/\\\/iaes.edu.ve\\\/wp-content\\\/uploads\\\/2024\\\/05\\\/logo-iae-hor.png\",\"width\":512,\"height\":170,\"caption\":\"Servicio Aut\u00f3nomo Instituto de Altos Estudios Dr. Arnoldo Gabaldon\"},\"image\":{\"@id\":\"https:\\\/\\\/iaes.edu.ve\\\/#\\\/schema\\\/logo\\\/image\\\/\"},\"sameAs\":[\"https:\\\/\\\/www.facebook.com\\\/IAEGabaldonOficial\",\"https:\\\/\\\/x.com\\\/iaegabaldon\",\"https:\\\/\\\/www.instagram.com\\\/iaegabaldon_oficial\\\/\",\"https:\\\/\\\/www.youtube.com\\\/@iaesgabaldon\"]}]}<\/script>\n<!-- \/ Yoast SEO plugin. -->","yoast_head_json":{"title":"Insteracci\u00f3n Social - iaes","description":"MPPS, IAE, Interacci\u00f3n Social, Salud P\u00fablica, Salud Ocupacional, Epidemiolog\u00eda, Salud Colectiva, Malaria, Investigaci\u00f3n, Poder Popular, ASIC","robots":{"index":"index","follow":"follow","max-snippet":"max-snippet:-1","max-image-preview":"max-image-preview:large","max-video-preview":"max-video-preview:-1"},"canonical":"https:\/\/iaes.edu.ve\/?page_id=116","og_locale":"es_ES","og_type":"article","og_title":"Insteracci\u00f3n Social - iaes","og_description":"MPPS, IAE, Interacci\u00f3n Social, Salud P\u00fablica, Salud Ocupacional, Epidemiolog\u00eda, Salud Colectiva, Malaria, Investigaci\u00f3n, Poder Popular, ASIC","og_url":"https:\/\/iaes.edu.ve\/?page_id=116","og_site_name":"iaes","article_publisher":"https:\/\/www.facebook.com\/IAEGabaldonOficial","article_modified_time":"2026-02-26T15:43:26+00:00","og_image":[{"url":"https:\/\/iaes.edu.ve\/wp-content\/uploads\/2024\/06\/banners-interaccion.jpg","type":"","width":"","height":""}],"twitter_card":"summary_large_image","twitter_site":"@iaegabaldon","twitter_misc":{"Tiempo estimado de lectura":"2 minutos"},"schema":{"@context":"https:\/\/schema.org","@graph":[{"@type":"WebPage","@id":"https:\/\/iaes.edu.ve\/?page_id=116","url":"https:\/\/iaes.edu.ve\/?page_id=116","name":"Insteracci\u00f3n Social - iaes","isPartOf":{"@id":"https:\/\/iaes.edu.ve\/#website"},"primaryImageOfPage":{"@id":"https:\/\/iaes.edu.ve\/?page_id=116#primaryimage"},"image":{"@id":"https:\/\/iaes.edu.ve\/?page_id=116#primaryimage"},"thumbnailUrl":"https:\/\/iaes.edu.ve\/wp-content\/uploads\/2024\/06\/banners-interaccion.jpg","datePublished":"2024-05-15T15:27:34+00:00","dateModified":"2026-02-26T15:43:26+00:00","description":"MPPS, IAE, Interacci\u00f3n Social, Salud P\u00fablica, Salud Ocupacional, Epidemiolog\u00eda, Salud Colectiva, Malaria, Investigaci\u00f3n, Poder Popular, ASIC","breadcrumb":{"@id":"https:\/\/iaes.edu.ve\/?page_id=116#breadcrumb"},"inLanguage":"es","potentialAction":[{"@type":"ReadAction","target":["https:\/\/iaes.edu.ve\/?page_id=116"]}]},{"@type":"ImageObject","inLanguage":"es","@id":"https:\/\/iaes.edu.ve\/?page_id=116#primaryimage","url":"https:\/\/iaes.edu.ve\/wp-content\/uploads\/2024\/06\/banners-interaccion.jpg","contentUrl":"https:\/\/iaes.edu.ve\/wp-content\/uploads\/2024\/06\/banners-interaccion.jpg","width":1600,"height":400},{"@type":"BreadcrumbList","@id":"https:\/\/iaes.edu.ve\/?page_id=116#breadcrumb","itemListElement":[{"@type":"ListItem","position":1,"name":"Portada","item":"https:\/\/iaes.edu.ve\/"},{"@type":"ListItem","position":2,"name":"Interacci\u00f3n Social"}]},{"@type":"WebSite","@id":"https:\/\/iaes.edu.ve\/#website","url":"https:\/\/iaes.edu.ve\/","name":"iaes","description":"Formando al talento humano del Sistema P\u00fablico Nacional de Salud","publisher":{"@id":"https:\/\/iaes.edu.ve\/#organization"},"potentialAction":[{"@type":"SearchAction","target":{"@type":"EntryPoint","urlTemplate":"https:\/\/iaes.edu.ve\/?s={search_term_string}"},"query-input":{"@type":"PropertyValueSpecification","valueRequired":true,"valueName":"search_term_string"}}],"inLanguage":"es"},{"@type":"Organization","@id":"https:\/\/iaes.edu.ve\/#organization","name":"Servicio Aut\u00f3nomo Instituto de Altos Estudios Dr. Arnoldo Gabaldon","alternateName":"IAE Dr. Arnoldo Gabaldon","url":"https:\/\/iaes.edu.ve\/","logo":{"@type":"ImageObject","inLanguage":"es","@id":"https:\/\/iaes.edu.ve\/#\/schema\/logo\/image\/","url":"https:\/\/iaes.edu.ve\/wp-content\/uploads\/2024\/05\/logo-iae-hor.png","contentUrl":"https:\/\/iaes.edu.ve\/wp-content\/uploads\/2024\/05\/logo-iae-hor.png","width":512,"height":170,"caption":"Servicio Aut\u00f3nomo Instituto de Altos Estudios Dr. Arnoldo Gabaldon"},"image":{"@id":"https:\/\/iaes.edu.ve\/#\/schema\/logo\/image\/"},"sameAs":["https:\/\/www.facebook.com\/IAEGabaldonOficial","https:\/\/x.com\/iaegabaldon","https:\/\/www.instagram.com\/iaegabaldon_oficial\/","https:\/\/www.youtube.com\/@iaesgabaldon"]}]}},"_links":{"self":[{"href":"https:\/\/iaes.edu.ve\/index.php?rest_route=\/wp\/v2\/pages\/116","targetHints":{"allow":["GET"]}}],"collection":[{"href":"https:\/\/iaes.edu.ve\/index.php?rest_route=\/wp\/v2\/pages"}],"about":[{"href":"https:\/\/iaes.edu.ve\/index.php?rest_route=\/wp\/v2\/types\/page"}],"author":[{"embeddable":true,"href":"https:\/\/iaes.edu.ve\/index.php?rest_route=\/wp\/v2\/users\/1"}],"replies":[{"embeddable":true,"href":"https:\/\/iaes.edu.ve\/index.php?rest_route=%2Fwp%2Fv2%2Fcomments&post=116"}],"version-history":[{"count":42,"href":"https:\/\/iaes.edu.ve\/index.php?rest_route=\/wp\/v2\/pages\/116\/revisions"}],"predecessor-version":[{"id":5346,"href":"https:\/\/iaes.edu.ve\/index.php?rest_route=\/wp\/v2\/pages\/116\/revisions\/5346"}],"wp:attachment":[{"href":"https:\/\/iaes.edu.ve\/index.php?rest_route=%2Fwp%2Fv2%2Fmedia&parent=116"}],"curies":[{"name":"wp","href":"https:\/\/api.w.org\/{rel}","templated":true}]}}