{"id":15,"date":"2024-05-14T10:04:30","date_gmt":"2024-05-14T14:04:30","guid":{"rendered":"http:\/\/200.11.228.221\/?page_id=15"},"modified":"2026-05-11T15:03:54","modified_gmt":"2026-05-11T19:03:54","slug":"gestion-academica","status":"publish","type":"page","link":"https:\/\/iaes.edu.ve\/?page_id=15","title":{"rendered":"Gesti\u00f3n Acad\u00e9mica"},"content":{"rendered":"\t\t<div data-elementor-type=\"wp-page\" data-elementor-id=\"15\" class=\"elementor elementor-15\">\n\t\t\t\t\t\t<section class=\"elementor-section elementor-top-section elementor-element elementor-element-2ffeb97b elementor-section-boxed elementor-section-height-default elementor-section-height-default\" data-id=\"2ffeb97b\" data-element_type=\"section\" data-e-type=\"section\">\n\t\t\t\t\t\t<div class=\"elementor-container elementor-column-gap-default\">\n\t\t\t\t\t<div class=\"elementor-column elementor-col-100 elementor-top-column elementor-element elementor-element-1ca81183\" data-id=\"1ca81183\" data-element_type=\"column\" data-e-type=\"column\">\n\t\t\t<div class=\"elementor-widget-wrap elementor-element-populated\">\n\t\t\t\t\t\t<div class=\"elementor-element elementor-element-6d59825 elementor-widget elementor-widget-image\" data-id=\"6d59825\" data-element_type=\"widget\" data-e-type=\"widget\" data-widget_type=\"image.default\">\n\t\t\t\t<div class=\"elementor-widget-container\">\n\t\t\t\t\t\t\t\t\t\t\t\t\t\t\t<img fetchpriority=\"high\" decoding=\"async\" width=\"640\" height=\"160\" src=\"https:\/\/iaes.edu.ve\/wp-content\/uploads\/2024\/06\/banners-academica.jpg\" class=\"attachment-large size-large wp-image-570\" alt=\"\" \/>\t\t\t\t\t\t\t\t\t\t\t\t\t\t\t<\/div>\n\t\t\t\t<\/div>\n\t\t\t\t<div class=\"elementor-element elementor-element-2a241d0d elementor-widget elementor-widget-elementskit-heading\" data-id=\"2a241d0d\" data-element_type=\"widget\" data-e-type=\"widget\" data-widget_type=\"elementskit-heading.default\">\n\t\t\t\t<div class=\"elementor-widget-container\">\n\t\t\t\t\t<div class=\"ekit-wid-con\" ><div class=\"ekit-heading elementskit-section-title-wraper center   ekit_heading_tablet-   ekit_heading_mobile-\"><h2 class=\"ekit-heading--title elementskit-section-title \">Gesti\u00f3n Acad\u00e9mica<\/h2><div class=\"ekit_heading_separetor_wraper ekit_heading_elementskit-border-divider ekit-dotted\"><div class=\"elementskit-border-divider ekit-dotted\"><\/div><\/div>\t\t\t\t<div class='ekit-heading__description'>\n\t\t\t\t\t<p>Nuestra misi\u00f3n es gestionar los procesos administrativos relacionados con la actividad acad\u00e9mica y los espacios docentes con criterios de eficacia, eficiencia, profesionalidad y responsabilidad social, en colaboraci\u00f3n con las distintas unidades del instituto, para facilitar el desarrollo de la docencia y el cumplimiento de la normativa vigente.<\/p>\n\t\t\t\t<\/div>\n\t\t\t<\/div><\/div>\t\t\t\t<\/div>\n\t\t\t\t<\/div>\n\t\t\t\t<section class=\"elementor-section elementor-inner-section elementor-element elementor-element-a35c335 elementor-section-boxed elementor-section-height-default elementor-section-height-default\" data-id=\"a35c335\" data-element_type=\"section\" data-e-type=\"section\">\n\t\t\t\t\t\t<div class=\"elementor-container elementor-column-gap-default\">\n\t\t\t\t\t<div class=\"elementor-column elementor-col-50 elementor-inner-column elementor-element elementor-element-7222dc5a\" data-id=\"7222dc5a\" data-element_type=\"column\" data-e-type=\"column\">\n\t\t\t<div class=\"elementor-widget-wrap elementor-element-populated\">\n\t\t\t\t\t\t<div class=\"elementor-element elementor-element-3aa13cf8 ekit-equal-height-disable elementor-widget elementor-widget-elementskit-icon-box\" data-id=\"3aa13cf8\" data-element_type=\"widget\" data-e-type=\"widget\" data-widget_type=\"elementskit-icon-box.default\">\n\t\t\t\t<div class=\"elementor-widget-container\">\n\t\t\t\t\t<div class=\"ekit-wid-con\" >        <!-- link opening -->\n                <!-- end link opening -->\n\n        <div class=\"elementskit-infobox text- text-left icon-lef-right-aligin elementor-animation- media  \">\n                            <div class=\"elementskit-box-header\">\n                <div class=\"elementskit-info-box-icon text-center\">\n                    <img decoding=\"async\" width=\"2133\" height=\"2133\" src=\"https:\/\/iaes.edu.ve\/wp-content\/uploads\/2024\/10\/llamado-1.png\" class=\"attachment- size-\" alt=\"\" \/>                <\/div>\n          <\/div>\n                <div class=\"box-body\">\n                            <h3 class=\"elementskit-info-box-title\">\n                    Oferta Acad\u00e9mica                <\/h3>\n                                                    <div class=\"box-footer disable_hover_button\">\n                    <div class=\"btn-wraper\">\n                                                            <a class=\"elementskit-btn whitespace--normal\" href=\"https:\/\/iaes.edu.ve\/?page_id=5916\">\n                                        Ver m\u00e1s                                                                            <\/a>\n                                                        <\/div>\n                <\/div>\n                    <\/div>\n        \n        \n                <\/div>\n        <\/div>\t\t\t\t<\/div>\n\t\t\t\t<\/div>\n\t\t\t\t\t<\/div>\n\t\t<\/div>\n\t\t\t\t<div class=\"elementor-column elementor-col-50 elementor-inner-column elementor-element elementor-element-20c0cb96\" data-id=\"20c0cb96\" data-element_type=\"column\" data-e-type=\"column\">\n\t\t\t<div class=\"elementor-widget-wrap elementor-element-populated\">\n\t\t\t\t\t\t<div class=\"elementor-element elementor-element-8525cc1 ekit-equal-height-disable elementor-widget elementor-widget-elementskit-icon-box\" data-id=\"8525cc1\" data-element_type=\"widget\" data-e-type=\"widget\" data-widget_type=\"elementskit-icon-box.default\">\n\t\t\t\t<div class=\"elementor-widget-container\">\n\t\t\t\t\t<div class=\"ekit-wid-con\" >        <!-- link opening -->\n                <!-- end link opening -->\n\n        <div class=\"elementskit-infobox text- text-left icon-lef-right-aligin elementor-animation- media  \">\n                            <div class=\"elementskit-box-header\">\n                <div class=\"elementskit-info-box-icon text-center\">\n                    <img decoding=\"async\" width=\"54\" height=\"59\" src=\"https:\/\/iaes.edu.ve\/wp-content\/uploads\/2024\/05\/oferta.png\" class=\"attachment- size-\" alt=\"Oferta Acad\u00e9mica\" \/>                <\/div>\n          <\/div>\n                <div class=\"box-body\">\n                            <h3 class=\"elementskit-info-box-title\">\n                    Programas Acad\u00e9micos                <\/h3>\n                                                    <div class=\"box-footer disable_hover_button\">\n                    <div class=\"btn-wraper\">\n                                                            <a class=\"elementskit-btn whitespace--normal\" href=\"https:\/\/iaes.edu.ve\/?page_id=682\">\n                                        Ver m\u00e1s                                                                            <\/a>\n                                                        <\/div>\n                <\/div>\n                    <\/div>\n        \n        \n                <\/div>\n        <\/div>\t\t\t\t<\/div>\n\t\t\t\t<\/div>\n\t\t\t\t\t<\/div>\n\t\t<\/div>\n\t\t\t\t\t<\/div>\n\t\t<\/section>\n\t\t\t\t<section class=\"elementor-section elementor-inner-section elementor-element elementor-element-d66f736 elementor-section-boxed elementor-section-height-default elementor-section-height-default\" data-id=\"d66f736\" data-element_type=\"section\" data-e-type=\"section\">\n\t\t\t\t\t\t<div class=\"elementor-container elementor-column-gap-default\">\n\t\t\t\t\t<div class=\"elementor-column elementor-col-50 elementor-inner-column elementor-element elementor-element-7098f39b\" data-id=\"7098f39b\" data-element_type=\"column\" data-e-type=\"column\">\n\t\t\t<div class=\"elementor-widget-wrap elementor-element-populated\">\n\t\t\t\t\t\t<div class=\"elementor-element elementor-element-e484052 ekit-equal-height-disable elementor-widget elementor-widget-elementskit-icon-box\" data-id=\"e484052\" data-element_type=\"widget\" data-e-type=\"widget\" data-widget_type=\"elementskit-icon-box.default\">\n\t\t\t\t<div class=\"elementor-widget-container\">\n\t\t\t\t\t<div class=\"ekit-wid-con\" >        <!-- link opening -->\n                <!-- end link opening -->\n\n        <div class=\"elementskit-infobox text- text-left icon-lef-right-aligin elementor-animation- media  \">\n                            <div class=\"elementskit-box-header\">\n                <div class=\"elementskit-info-box-icon text-center\">\n                    <img loading=\"lazy\" decoding=\"async\" width=\"54\" height=\"62\" src=\"https:\/\/iaes.edu.ve\/wp-content\/uploads\/2024\/05\/lineamientos-1.png\" class=\"attachment- size-\" alt=\"Secretar\u00eda Acad\u00e9mica\" \/>                <\/div>\n          <\/div>\n                <div class=\"box-body\">\n                            <h3 class=\"elementskit-info-box-title\">\n                    Secretar\u00eda Acad\u00e9mica                <\/h3>\n                                                    <div class=\"box-footer disable_hover_button\">\n                    <div class=\"btn-wraper\">\n                                                            <a class=\"elementskit-btn whitespace--normal\" href=\"https:\/\/iaes.edu.ve\/?page_id=897\">\n                                        Ver m\u00e1s                                                                            <\/a>\n                                                        <\/div>\n                <\/div>\n                    <\/div>\n        \n        \n                <\/div>\n        <\/div>\t\t\t\t<\/div>\n\t\t\t\t<\/div>\n\t\t\t\t\t<\/div>\n\t\t<\/div>\n\t\t\t\t<div class=\"elementor-column elementor-col-50 elementor-inner-column elementor-element elementor-element-2b278cbd\" data-id=\"2b278cbd\" data-element_type=\"column\" data-e-type=\"column\">\n\t\t\t<div class=\"elementor-widget-wrap elementor-element-populated\">\n\t\t\t\t\t\t<div class=\"elementor-element elementor-element-c695d66 ekit-equal-height-disable elementor-widget elementor-widget-elementskit-icon-box\" data-id=\"c695d66\" data-element_type=\"widget\" data-e-type=\"widget\" data-widget_type=\"elementskit-icon-box.default\">\n\t\t\t\t<div class=\"elementor-widget-container\">\n\t\t\t\t\t<div class=\"ekit-wid-con\" >        <!-- link opening -->\n                <!-- end link opening -->\n\n        <div class=\"elementskit-infobox text- text-left icon-lef-right-aligin elementor-animation- media  \">\n                            <div class=\"elementskit-box-header\">\n                <div class=\"elementskit-info-box-icon text-center\">\n                    <img loading=\"lazy\" decoding=\"async\" width=\"54\" height=\"70\" src=\"https:\/\/iaes.edu.ve\/wp-content\/uploads\/2024\/06\/cursos.png\" class=\"attachment- size-\" alt=\"Cursos de Formaci\u00f3n Continua\" \/>                <\/div>\n          <\/div>\n                <div class=\"box-body\">\n                            <h3 class=\"elementskit-info-box-title\">\n                    Programas de Formaci\u00f3n Continua                <\/h3>\n                                                    <div class=\"box-footer disable_hover_button\">\n                    <div class=\"btn-wraper\">\n                                                            <a >\n                                        Ingresar                                                                            <\/a>\n                                                        <\/div>\n                <\/div>\n                    <\/div>\n        \n        \n                <\/div>\n        <\/div>\t\t\t\t<\/div>\n\t\t\t\t<\/div>\n\t\t\t\t\t<\/div>\n\t\t<\/div>\n\t\t\t\t\t<\/div>\n\t\t<\/section>\n\t\t\t\t<section class=\"elementor-section elementor-inner-section elementor-element elementor-element-18abf4f elementor-section-boxed elementor-section-height-default elementor-section-height-default\" data-id=\"18abf4f\" data-element_type=\"section\" data-e-type=\"section\">\n\t\t\t\t\t\t<div class=\"elementor-container elementor-column-gap-default\">\n\t\t\t\t\t<div class=\"elementor-column elementor-col-50 elementor-inner-column elementor-element elementor-element-e9099f2\" data-id=\"e9099f2\" data-element_type=\"column\" data-e-type=\"column\">\n\t\t\t<div class=\"elementor-widget-wrap elementor-element-populated\">\n\t\t\t\t\t\t<div class=\"elementor-element elementor-element-7e8cfb8 ekit-equal-height-disable elementor-widget elementor-widget-elementskit-icon-box\" data-id=\"7e8cfb8\" data-element_type=\"widget\" data-e-type=\"widget\" data-widget_type=\"elementskit-icon-box.default\">\n\t\t\t\t<div class=\"elementor-widget-container\">\n\t\t\t\t\t<div class=\"ekit-wid-con\" >        <!-- link opening -->\n                <!-- end link opening -->\n\n        <div class=\"elementskit-infobox text- text-left icon-lef-right-aligin elementor-animation- media  \">\n                            <div class=\"elementskit-box-header\">\n                <div class=\"elementskit-info-box-icon text-center\">\n                    <img loading=\"lazy\" decoding=\"async\" width=\"54\" height=\"54\" src=\"https:\/\/iaes.edu.ve\/wp-content\/uploads\/2024\/05\/ead-1.png\" class=\"attachment- size-\" alt=\"EaD\" \/>                <\/div>\n          <\/div>\n                <div class=\"box-body\">\n                            <h3 class=\"elementskit-info-box-title\">\n                    Plataforma de Educaci\u00f3n a Distancia (MOODLE)                <\/h3>\n                                                    <div class=\"box-footer disable_hover_button\">\n                    <div class=\"btn-wraper\">\n                                                            <a class=\"elementskit-btn whitespace--normal\" href=\"https:\/\/ead.iaes.edu.ve\/\" target=\"_blank\">\n                                        Ingresar                                                                            <\/a>\n                                                        <\/div>\n                <\/div>\n                    <\/div>\n        \n        \n                <\/div>\n        <\/div>\t\t\t\t<\/div>\n\t\t\t\t<\/div>\n\t\t\t\t\t<\/div>\n\t\t<\/div>\n\t\t\t\t<div class=\"elementor-column elementor-col-50 elementor-inner-column elementor-element elementor-element-7e7ac31\" data-id=\"7e7ac31\" data-element_type=\"column\" data-e-type=\"column\">\n\t\t\t<div class=\"elementor-widget-wrap elementor-element-populated\">\n\t\t\t\t\t\t<div class=\"elementor-element elementor-element-b37887a ekit-equal-height-disable elementor-widget elementor-widget-elementskit-icon-box\" data-id=\"b37887a\" data-element_type=\"widget\" data-e-type=\"widget\" data-widget_type=\"elementskit-icon-box.default\">\n\t\t\t\t<div class=\"elementor-widget-container\">\n\t\t\t\t\t<div class=\"ekit-wid-con\" >        <!-- link opening -->\n                <!-- end link opening -->\n\n        <div class=\"elementskit-infobox text- text-left icon-lef-right-aligin elementor-animation- media  \">\n                            <div class=\"elementskit-box-header\">\n                <div class=\"elementskit-info-box-icon text-center\">\n                    <img loading=\"lazy\" decoding=\"async\" width=\"54\" height=\"54\" src=\"https:\/\/iaes.edu.ve\/wp-content\/uploads\/2024\/06\/pregumtas.png\" class=\"attachment- size-\" alt=\"\" \/>                <\/div>\n          <\/div>\n                <div class=\"box-body\">\n                            <h3 class=\"elementskit-info-box-title\">\n                    Preguntas Frecuentes (FAQ)                <\/h3>\n                                                    <div class=\"box-footer disable_hover_button\">\n                    <div class=\"btn-wraper\">\n                                                            <a class=\"elementskit-btn whitespace--normal\" href=\"https:\/\/iaes.edu.ve\/?page_id=304\">\n                                        Ver m\u00e1s                                                                            <\/a>\n                                                        <\/div>\n                <\/div>\n                    <\/div>\n        \n        \n                <\/div>\n        <\/div>\t\t\t\t<\/div>\n\t\t\t\t<\/div>\n\t\t\t\t\t<\/div>\n\t\t<\/div>\n\t\t\t\t\t<\/div>\n\t\t<\/section>\n\t\t\t\t\t<\/div>\n\t\t<\/div>\n\t\t\t\t\t<\/div>\n\t\t<\/section>\n\t\t\t\t<\/div>\n\t\t<p>Views: 24050<\/p>","protected":false},"excerpt":{"rendered":"<p>Gesti\u00f3n Acad\u00e9mica Nuestra misi\u00f3n es gestionar los procesos administrativos relacionados con la actividad acad\u00e9mica y los espacios docentes con criterios de eficacia, eficiencia, profesionalidad y responsabilidad social, en colaboraci\u00f3n con las distintas unidades del instituto, para facilitar el desarrollo de la docencia y el cumplimiento de la normativa vigente. Oferta Acad\u00e9mica Ver m\u00e1s Programas Acad\u00e9micos [&hellip;]<\/p>\n","protected":false},"author":1,"featured_media":0,"parent":0,"menu_order":0,"comment_status":"closed","ping_status":"closed","template":"","meta":{"inline_featured_image":false,"footnotes":""},"class_list":["post-15","page","type-page","status-publish","hentry"],"yoast_head":"<!-- This site is optimized with the Yoast SEO plugin v27.6 - https:\/\/yoast.com\/product\/yoast-seo-wordpress\/ -->\n<title>Gesti\u00f3n Acad\u00e9mica - iaes<\/title>\n<meta name=\"description\" content=\"Salud P\u00fablica, Salud Ocupacional, Epidemiolog\u00eda, Enfermedades Metax\u00e9nicas, Salud Colectiva, Interacci\u00f3n Social, Postgrados, Diplomados\" \/>\n<meta name=\"robots\" content=\"index, follow, max-snippet:-1, max-image-preview:large, max-video-preview:-1\" \/>\n<link rel=\"canonical\" href=\"https:\/\/iaes.edu.ve\/?page_id=15\" \/>\n<meta property=\"og:locale\" content=\"es_ES\" \/>\n<meta property=\"og:type\" content=\"article\" \/>\n<meta property=\"og:title\" content=\"Gesti\u00f3n Acad\u00e9mica - iaes\" \/>\n<meta property=\"og:description\" content=\"Salud P\u00fablica, Salud Ocupacional, Epidemiolog\u00eda, Enfermedades Metax\u00e9nicas, Salud Colectiva, Interacci\u00f3n Social, Postgrados, Diplomados\" \/>\n<meta property=\"og:url\" content=\"https:\/\/iaes.edu.ve\/?page_id=15\" \/>\n<meta property=\"og:site_name\" content=\"iaes\" \/>\n<meta property=\"article:publisher\" content=\"https:\/\/www.facebook.com\/IAEGabaldonOficial\" \/>\n<meta property=\"article:modified_time\" content=\"2026-05-11T19:03:54+00:00\" \/>\n<meta property=\"og:image\" content=\"https:\/\/iaes.edu.ve\/wp-content\/uploads\/2024\/06\/banners-academica.jpg\" \/>\n\t<meta property=\"og:image:width\" content=\"1600\" \/>\n\t<meta property=\"og:image:height\" content=\"400\" \/>\n\t<meta property=\"og:image:type\" content=\"image\/jpeg\" \/>\n<meta name=\"twitter:card\" content=\"summary_large_image\" \/>\n<meta name=\"twitter:site\" content=\"@iaegabaldon\" \/>\n<meta name=\"twitter:label1\" content=\"Tiempo estimado de lectura\" \/>\n\t<meta name=\"twitter:data1\" content=\"2 minutos\" \/>\n<script type=\"application\/ld+json\" class=\"yoast-schema-graph\">{\"@context\":\"https:\\\/\\\/schema.org\",\"@graph\":[{\"@type\":\"WebPage\",\"@id\":\"https:\\\/\\\/iaes.edu.ve\\\/?page_id=15\",\"url\":\"https:\\\/\\\/iaes.edu.ve\\\/?page_id=15\",\"name\":\"Gesti\u00f3n Acad\u00e9mica - iaes\",\"isPartOf\":{\"@id\":\"https:\\\/\\\/iaes.edu.ve\\\/#website\"},\"primaryImageOfPage\":{\"@id\":\"https:\\\/\\\/iaes.edu.ve\\\/?page_id=15#primaryimage\"},\"image\":{\"@id\":\"https:\\\/\\\/iaes.edu.ve\\\/?page_id=15#primaryimage\"},\"thumbnailUrl\":\"https:\\\/\\\/iaes.edu.ve\\\/wp-content\\\/uploads\\\/2024\\\/06\\\/banners-academica.jpg\",\"datePublished\":\"2024-05-14T14:04:30+00:00\",\"dateModified\":\"2026-05-11T19:03:54+00:00\",\"description\":\"Salud P\u00fablica, Salud Ocupacional, Epidemiolog\u00eda, Enfermedades Metax\u00e9nicas, Salud Colectiva, Interacci\u00f3n Social, Postgrados, Diplomados\",\"breadcrumb\":{\"@id\":\"https:\\\/\\\/iaes.edu.ve\\\/?page_id=15#breadcrumb\"},\"inLanguage\":\"es\",\"potentialAction\":[{\"@type\":\"ReadAction\",\"target\":[\"https:\\\/\\\/iaes.edu.ve\\\/?page_id=15\"]}]},{\"@type\":\"ImageObject\",\"inLanguage\":\"es\",\"@id\":\"https:\\\/\\\/iaes.edu.ve\\\/?page_id=15#primaryimage\",\"url\":\"https:\\\/\\\/iaes.edu.ve\\\/wp-content\\\/uploads\\\/2024\\\/06\\\/banners-academica.jpg\",\"contentUrl\":\"https:\\\/\\\/iaes.edu.ve\\\/wp-content\\\/uploads\\\/2024\\\/06\\\/banners-academica.jpg\",\"width\":1600,\"height\":400},{\"@type\":\"BreadcrumbList\",\"@id\":\"https:\\\/\\\/iaes.edu.ve\\\/?page_id=15#breadcrumb\",\"itemListElement\":[{\"@type\":\"ListItem\",\"position\":1,\"name\":\"Portada\",\"item\":\"https:\\\/\\\/iaes.edu.ve\\\/\"},{\"@type\":\"ListItem\",\"position\":2,\"name\":\"Gesti\u00f3n Acad\u00e9mica\"}]},{\"@type\":\"WebSite\",\"@id\":\"https:\\\/\\\/iaes.edu.ve\\\/#website\",\"url\":\"https:\\\/\\\/iaes.edu.ve\\\/\",\"name\":\"iaes\",\"description\":\"Formando al talento humano del Sistema P\u00fablico Nacional de Salud\",\"publisher\":{\"@id\":\"https:\\\/\\\/iaes.edu.ve\\\/#organization\"},\"potentialAction\":[{\"@type\":\"SearchAction\",\"target\":{\"@type\":\"EntryPoint\",\"urlTemplate\":\"https:\\\/\\\/iaes.edu.ve\\\/?s={search_term_string}\"},\"query-input\":{\"@type\":\"PropertyValueSpecification\",\"valueRequired\":true,\"valueName\":\"search_term_string\"}}],\"inLanguage\":\"es\"},{\"@type\":\"Organization\",\"@id\":\"https:\\\/\\\/iaes.edu.ve\\\/#organization\",\"name\":\"Servicio Aut\u00f3nomo Instituto de Altos Estudios Dr. Arnoldo Gabaldon\",\"alternateName\":\"IAE Dr. Arnoldo Gabaldon\",\"url\":\"https:\\\/\\\/iaes.edu.ve\\\/\",\"logo\":{\"@type\":\"ImageObject\",\"inLanguage\":\"es\",\"@id\":\"https:\\\/\\\/iaes.edu.ve\\\/#\\\/schema\\\/logo\\\/image\\\/\",\"url\":\"https:\\\/\\\/iaes.edu.ve\\\/wp-content\\\/uploads\\\/2024\\\/05\\\/logo-iae-hor.png\",\"contentUrl\":\"https:\\\/\\\/iaes.edu.ve\\\/wp-content\\\/uploads\\\/2024\\\/05\\\/logo-iae-hor.png\",\"width\":512,\"height\":170,\"caption\":\"Servicio Aut\u00f3nomo Instituto de Altos Estudios Dr. Arnoldo Gabaldon\"},\"image\":{\"@id\":\"https:\\\/\\\/iaes.edu.ve\\\/#\\\/schema\\\/logo\\\/image\\\/\"},\"sameAs\":[\"https:\\\/\\\/www.facebook.com\\\/IAEGabaldonOficial\",\"https:\\\/\\\/x.com\\\/iaegabaldon\",\"https:\\\/\\\/www.instagram.com\\\/iaegabaldon_oficial\\\/\",\"https:\\\/\\\/www.youtube.com\\\/@iaesgabaldon\"]}]}<\/script>\n<!-- \/ Yoast SEO plugin. -->","yoast_head_json":{"title":"Gesti\u00f3n Acad\u00e9mica - iaes","description":"Salud P\u00fablica, Salud Ocupacional, Epidemiolog\u00eda, Enfermedades Metax\u00e9nicas, Salud Colectiva, Interacci\u00f3n Social, Postgrados, Diplomados","robots":{"index":"index","follow":"follow","max-snippet":"max-snippet:-1","max-image-preview":"max-image-preview:large","max-video-preview":"max-video-preview:-1"},"canonical":"https:\/\/iaes.edu.ve\/?page_id=15","og_locale":"es_ES","og_type":"article","og_title":"Gesti\u00f3n Acad\u00e9mica - iaes","og_description":"Salud P\u00fablica, Salud Ocupacional, Epidemiolog\u00eda, Enfermedades Metax\u00e9nicas, Salud Colectiva, Interacci\u00f3n Social, Postgrados, Diplomados","og_url":"https:\/\/iaes.edu.ve\/?page_id=15","og_site_name":"iaes","article_publisher":"https:\/\/www.facebook.com\/IAEGabaldonOficial","article_modified_time":"2026-05-11T19:03:54+00:00","og_image":[{"width":1600,"height":400,"url":"https:\/\/iaes.edu.ve\/wp-content\/uploads\/2024\/06\/banners-academica.jpg","type":"image\/jpeg"}],"twitter_card":"summary_large_image","twitter_site":"@iaegabaldon","twitter_misc":{"Tiempo estimado de lectura":"2 minutos"},"schema":{"@context":"https:\/\/schema.org","@graph":[{"@type":"WebPage","@id":"https:\/\/iaes.edu.ve\/?page_id=15","url":"https:\/\/iaes.edu.ve\/?page_id=15","name":"Gesti\u00f3n Acad\u00e9mica - iaes","isPartOf":{"@id":"https:\/\/iaes.edu.ve\/#website"},"primaryImageOfPage":{"@id":"https:\/\/iaes.edu.ve\/?page_id=15#primaryimage"},"image":{"@id":"https:\/\/iaes.edu.ve\/?page_id=15#primaryimage"},"thumbnailUrl":"https:\/\/iaes.edu.ve\/wp-content\/uploads\/2024\/06\/banners-academica.jpg","datePublished":"2024-05-14T14:04:30+00:00","dateModified":"2026-05-11T19:03:54+00:00","description":"Salud P\u00fablica, Salud Ocupacional, Epidemiolog\u00eda, Enfermedades Metax\u00e9nicas, Salud Colectiva, Interacci\u00f3n Social, Postgrados, Diplomados","breadcrumb":{"@id":"https:\/\/iaes.edu.ve\/?page_id=15#breadcrumb"},"inLanguage":"es","potentialAction":[{"@type":"ReadAction","target":["https:\/\/iaes.edu.ve\/?page_id=15"]}]},{"@type":"ImageObject","inLanguage":"es","@id":"https:\/\/iaes.edu.ve\/?page_id=15#primaryimage","url":"https:\/\/iaes.edu.ve\/wp-content\/uploads\/2024\/06\/banners-academica.jpg","contentUrl":"https:\/\/iaes.edu.ve\/wp-content\/uploads\/2024\/06\/banners-academica.jpg","width":1600,"height":400},{"@type":"BreadcrumbList","@id":"https:\/\/iaes.edu.ve\/?page_id=15#breadcrumb","itemListElement":[{"@type":"ListItem","position":1,"name":"Portada","item":"https:\/\/iaes.edu.ve\/"},{"@type":"ListItem","position":2,"name":"Gesti\u00f3n Acad\u00e9mica"}]},{"@type":"WebSite","@id":"https:\/\/iaes.edu.ve\/#website","url":"https:\/\/iaes.edu.ve\/","name":"iaes","description":"Formando al talento humano del Sistema P\u00fablico Nacional de Salud","publisher":{"@id":"https:\/\/iaes.edu.ve\/#organization"},"potentialAction":[{"@type":"SearchAction","target":{"@type":"EntryPoint","urlTemplate":"https:\/\/iaes.edu.ve\/?s={search_term_string}"},"query-input":{"@type":"PropertyValueSpecification","valueRequired":true,"valueName":"search_term_string"}}],"inLanguage":"es"},{"@type":"Organization","@id":"https:\/\/iaes.edu.ve\/#organization","name":"Servicio Aut\u00f3nomo Instituto de Altos Estudios Dr. Arnoldo Gabaldon","alternateName":"IAE Dr. Arnoldo Gabaldon","url":"https:\/\/iaes.edu.ve\/","logo":{"@type":"ImageObject","inLanguage":"es","@id":"https:\/\/iaes.edu.ve\/#\/schema\/logo\/image\/","url":"https:\/\/iaes.edu.ve\/wp-content\/uploads\/2024\/05\/logo-iae-hor.png","contentUrl":"https:\/\/iaes.edu.ve\/wp-content\/uploads\/2024\/05\/logo-iae-hor.png","width":512,"height":170,"caption":"Servicio Aut\u00f3nomo Instituto de Altos Estudios Dr. Arnoldo Gabaldon"},"image":{"@id":"https:\/\/iaes.edu.ve\/#\/schema\/logo\/image\/"},"sameAs":["https:\/\/www.facebook.com\/IAEGabaldonOficial","https:\/\/x.com\/iaegabaldon","https:\/\/www.instagram.com\/iaegabaldon_oficial\/","https:\/\/www.youtube.com\/@iaesgabaldon"]}]}},"_links":{"self":[{"href":"https:\/\/iaes.edu.ve\/index.php?rest_route=\/wp\/v2\/pages\/15","targetHints":{"allow":["GET"]}}],"collection":[{"href":"https:\/\/iaes.edu.ve\/index.php?rest_route=\/wp\/v2\/pages"}],"about":[{"href":"https:\/\/iaes.edu.ve\/index.php?rest_route=\/wp\/v2\/types\/page"}],"author":[{"embeddable":true,"href":"https:\/\/iaes.edu.ve\/index.php?rest_route=\/wp\/v2\/users\/1"}],"replies":[{"embeddable":true,"href":"https:\/\/iaes.edu.ve\/index.php?rest_route=%2Fwp%2Fv2%2Fcomments&post=15"}],"version-history":[{"count":118,"href":"https:\/\/iaes.edu.ve\/index.php?rest_route=\/wp\/v2\/pages\/15\/revisions"}],"predecessor-version":[{"id":5992,"href":"https:\/\/iaes.edu.ve\/index.php?rest_route=\/wp\/v2\/pages\/15\/revisions\/5992"}],"wp:attachment":[{"href":"https:\/\/iaes.edu.ve\/index.php?rest_route=%2Fwp%2Fv2%2Fmedia&parent=15"}],"curies":[{"name":"wp","href":"https:\/\/api.w.org\/{rel}","templated":true}]}}