{"id":1751,"date":"2024-10-21T16:24:21","date_gmt":"2024-10-21T20:24:21","guid":{"rendered":"http:\/\/200.11.228.221\/?page_id=1751"},"modified":"2024-10-31T13:51:27","modified_gmt":"2024-10-31T17:51:27","slug":"centros-de-investigacion-iae","status":"publish","type":"page","link":"https:\/\/iaes.edu.ve\/?page_id=1751","title":{"rendered":"Centros de Investigaci\u00f3n IAE"},"content":{"rendered":"\t\t<div data-elementor-type=\"wp-page\" data-elementor-id=\"1751\" class=\"elementor elementor-1751\">\n\t\t\t\t<div class=\"elementor-element elementor-element-96c5c06 e-flex e-con-boxed e-con e-parent\" data-id=\"96c5c06\" data-element_type=\"container\" data-e-type=\"container\">\n\t\t\t\t\t<div class=\"e-con-inner\">\n\t\t\t\t<div class=\"elementor-element elementor-element-01f3914 elementor-widget elementor-widget-toggle\" data-id=\"01f3914\" data-element_type=\"widget\" data-e-type=\"widget\" data-widget_type=\"toggle.default\">\n\t\t\t\t<div class=\"elementor-widget-container\">\n\t\t\t\t\t\t\t<div class=\"elementor-toggle\">\n\t\t\t\t\t\t\t<div class=\"elementor-toggle-item\">\n\t\t\t\t\t<h4 id=\"elementor-tab-title-2041\" class=\"elementor-tab-title\" data-tab=\"1\" role=\"button\" aria-controls=\"elementor-tab-content-2041\" aria-expanded=\"false\">\n\t\t\t\t\t\t\t\t\t\t\t\t<span class=\"elementor-toggle-icon elementor-toggle-icon-left\" aria-hidden=\"true\">\n\t\t\t\t\t\t\t\t\t\t\t\t\t\t\t<span class=\"elementor-toggle-icon-closed\"><svg class=\"e-font-icon-svg e-fas-caret-right\" viewBox=\"0 0 192 512\" xmlns=\"http:\/\/www.w3.org\/2000\/svg\"><path d=\"M0 384.662V127.338c0-17.818 21.543-26.741 34.142-14.142l128.662 128.662c7.81 7.81 7.81 20.474 0 28.284L34.142 398.804C21.543 411.404 0 402.48 0 384.662z\"><\/path><\/svg><\/span>\n\t\t\t\t\t\t\t\t<span class=\"elementor-toggle-icon-opened\"><svg class=\"elementor-toggle-icon-opened e-font-icon-svg e-fas-caret-up\" viewBox=\"0 0 320 512\" xmlns=\"http:\/\/www.w3.org\/2000\/svg\"><path d=\"M288.662 352H31.338c-17.818 0-26.741-21.543-14.142-34.142l128.662-128.662c7.81-7.81 20.474-7.81 28.284 0l128.662 128.662c12.6 12.599 3.676 34.142-14.142 34.142z\"><\/path><\/svg><\/span>\n\t\t\t\t\t\t\t\t\t\t\t\t\t<\/span>\n\t\t\t\t\t\t\t\t\t\t\t\t<a class=\"elementor-toggle-title\" tabindex=\"0\">Centro de Estudio de Enfermedades End\u00e9micas y Salud Ambiental (CEEESA)<\/a>\n\t\t\t\t\t<\/h4>\n\n\t\t\t\t\t<div id=\"elementor-tab-content-2041\" class=\"elementor-tab-content elementor-clearfix\" data-tab=\"1\" role=\"region\" aria-labelledby=\"elementor-tab-title-2041\"><p><strong>Ubicaci\u00f3n:<\/strong> Calle Arnoldo Gabaldon, entre Av. principal La Cooperativa y Av. Las Delicias. Maracay, Edo. Aragua &#8211; Venezuela.<\/p><p><strong>Laboratorios y \u00c1reas de Trabajo:<\/strong><\/p><ul><li>\u00c1rea de Evaluaci\u00f3n de Insecticidas (Bioensayos y Bioqu\u00edmica).<\/li><li>\u00c1rea de Entomolog\u00eda.<\/li><li>\u00c1rea de Biolog\u00eda Molecular.<\/li><li>\u00c1rea de Biolog\u00eda de Vectores y Reservorios.<\/li><\/ul><p><strong>Entrenamiento y capacitaci\u00f3n en:<\/strong><\/p><ul><li>T\u00e9cnicas de colecta, montaje y preservaci\u00f3n de insectos de importancia en salud publica.<\/li><li>T\u00e9cnicas de muestreo de criaderos de vectores de importancia medica.<\/li><li>T\u00e9cnicas de cr\u00eda de insectos y mantenimiento de colonias en laboratorio.<\/li><li>Taxonom\u00eda e identificaci\u00f3n de insectos vectores de enfermedades.<\/li><li>Ecolog\u00eda de vectores de importancia medica.<\/li><li>T\u00e9cnicas de evaluaci\u00f3n de insecticidas qu\u00edmicos, biol\u00f3gicos y bioqu\u00edmicos.<\/li><li>T\u00e9cnicas de muestreo de reservorios de importancia medica.<\/li><li>Manipulaci\u00f3n y conservaci\u00f3n de muestras parasitol\u00f3gicas e histopatol\u00f3gicas.<\/li><\/ul><\/div>\n\t\t\t\t<\/div>\n\t\t\t\t\t\t\t<div class=\"elementor-toggle-item\">\n\t\t\t\t\t<h4 id=\"elementor-tab-title-2042\" class=\"elementor-tab-title\" data-tab=\"2\" role=\"button\" aria-controls=\"elementor-tab-content-2042\" aria-expanded=\"false\">\n\t\t\t\t\t\t\t\t\t\t\t\t<span class=\"elementor-toggle-icon elementor-toggle-icon-left\" aria-hidden=\"true\">\n\t\t\t\t\t\t\t\t\t\t\t\t\t\t\t<span class=\"elementor-toggle-icon-closed\"><svg class=\"e-font-icon-svg e-fas-caret-right\" viewBox=\"0 0 192 512\" xmlns=\"http:\/\/www.w3.org\/2000\/svg\"><path d=\"M0 384.662V127.338c0-17.818 21.543-26.741 34.142-14.142l128.662 128.662c7.81 7.81 7.81 20.474 0 28.284L34.142 398.804C21.543 411.404 0 402.48 0 384.662z\"><\/path><\/svg><\/span>\n\t\t\t\t\t\t\t\t<span class=\"elementor-toggle-icon-opened\"><svg class=\"elementor-toggle-icon-opened e-font-icon-svg e-fas-caret-up\" viewBox=\"0 0 320 512\" xmlns=\"http:\/\/www.w3.org\/2000\/svg\"><path d=\"M288.662 352H31.338c-17.818 0-26.741-21.543-14.142-34.142l128.662-128.662c7.81-7.81 20.474-7.81 28.284 0l128.662 128.662c12.6 12.599 3.676 34.142-14.142 34.142z\"><\/path><\/svg><\/span>\n\t\t\t\t\t\t\t\t\t\t\t\t\t<\/span>\n\t\t\t\t\t\t\t\t\t\t\t\t<a class=\"elementor-toggle-title\" tabindex=\"0\">Centro de Estudios sobre Malaria (CESM)<\/a>\n\t\t\t\t\t<\/h4>\n\n\t\t\t\t\t<div id=\"elementor-tab-content-2042\" class=\"elementor-tab-content elementor-clearfix\" data-tab=\"2\" role=\"region\" aria-labelledby=\"elementor-tab-title-2042\"><p><strong>Ubicaci\u00f3n:<\/strong> Facultad de Medicina, Universidad Central de Venezuela, Caracas &#8211; Venezuela.<\/p><p><strong>Laboratorios y \u00c1reas de Trabajo:<\/strong><\/p><ul><li>Laboratorio Principal<\/li><li>Laboratorio de Diagn\u00f3stico.<\/li><li>Laboratorio de Cultivo<\/li><\/ul><p><strong>Entrenamiento y capacitaci\u00f3n en:<\/strong><\/p><ul><li>Preparaci\u00f3n de columnas CF-11 celulosa para la eliminaci\u00f3n de los gl\u00f3bulos blancos de muestras de sangre infectadas con <i>Plasmodium vivax<\/i>.<\/li><li>Concentraci\u00f3n de par\u00e1sitos de <i>Plasmodium falciparum<\/i> y <i>P. vivax<\/i> por el m\u00e9todo Percoll al 90%.<\/li><li>Preparaci\u00f3n de ant\u00edgenos de <i>P. falciparum<\/i> FCB2 y <i>Anopheles marajoara<\/i> por sonicaci\u00f3n .<\/li><li>T\u00e9cnicas inmunol\u00f3gicas ELISA, MABA.<\/li><li>Inoculaci\u00f3n de gallinas ISABROWN con ant\u00edgenos de mosquitos <i>A. marajoara<\/i>, <i>P. falciparum<\/i> y <i>P. vivax<\/i>.<\/li><li>Purificaci\u00f3n de inmunoglobulinas IgY de huevos de gallinas ISABROWN.<\/li><li>Determinaci\u00f3n de concentraci\u00f3n de prote\u00ednas por el m\u00e9todo Microbradford.<\/li><\/ul><\/div>\n\t\t\t\t<\/div>\n\t\t\t\t\t\t\t<div class=\"elementor-toggle-item\">\n\t\t\t\t\t<h4 id=\"elementor-tab-title-2043\" class=\"elementor-tab-title\" data-tab=\"3\" role=\"button\" aria-controls=\"elementor-tab-content-2043\" aria-expanded=\"false\">\n\t\t\t\t\t\t\t\t\t\t\t\t<span class=\"elementor-toggle-icon elementor-toggle-icon-left\" aria-hidden=\"true\">\n\t\t\t\t\t\t\t\t\t\t\t\t\t\t\t<span class=\"elementor-toggle-icon-closed\"><svg class=\"e-font-icon-svg e-fas-caret-right\" viewBox=\"0 0 192 512\" xmlns=\"http:\/\/www.w3.org\/2000\/svg\"><path d=\"M0 384.662V127.338c0-17.818 21.543-26.741 34.142-14.142l128.662 128.662c7.81 7.81 7.81 20.474 0 28.284L34.142 398.804C21.543 411.404 0 402.48 0 384.662z\"><\/path><\/svg><\/span>\n\t\t\t\t\t\t\t\t<span class=\"elementor-toggle-icon-opened\"><svg class=\"elementor-toggle-icon-opened e-font-icon-svg e-fas-caret-up\" viewBox=\"0 0 320 512\" xmlns=\"http:\/\/www.w3.org\/2000\/svg\"><path d=\"M288.662 352H31.338c-17.818 0-26.741-21.543-14.142-34.142l128.662-128.662c7.81-7.81 20.474-7.81 28.284 0l128.662 128.662c12.6 12.599 3.676 34.142-14.142 34.142z\"><\/path><\/svg><\/span>\n\t\t\t\t\t\t\t\t\t\t\t\t\t<\/span>\n\t\t\t\t\t\t\t\t\t\t\t\t<a class=\"elementor-toggle-title\" tabindex=\"0\">Centro de Investigaci\u00f3n Francesco Vitanza (CIFV)<\/a>\n\t\t\t\t\t<\/h4>\n\n\t\t\t\t\t<div id=\"elementor-tab-content-2043\" class=\"elementor-tab-content elementor-clearfix\" data-tab=\"3\" role=\"region\" aria-labelledby=\"elementor-tab-title-2043\"><p><strong>Ubicaci\u00f3n:<\/strong> Tumeremo, estado Bol\u00edvar, Venezuela.<\/p><p><strong>Laboratorios y \u00c1reas de Trabajo:<\/strong><\/p><ul><li>Consultorio de enfermedades ictero-hemorragicas:<br \/>Atenci\u00f3n a los pacientes de malaria, dengue, lehismaniosis y cualquier otra de s\u00edndrome febril, y estudios cl\u00ednicos y de terap\u00e9utica.<\/li><li>Laboratorio de entomolog\u00eda:<br \/>Se realiza todo el trabajo de laboratorio en cuanto a preservaci\u00f3n y montaje de mosquitos (colecci\u00f3n), cr\u00eda de mosquitos para bioensayos, procesamiento del material colectado en el campo.<\/li><li>Laboratorio de diagn\u00f3stico parasitol\u00f3gico de malaria y lehismaniosis:<br \/>Se hace todo el diagn\u00f3stico para brindar servicio y para investigaci\u00f3n.<\/li><li>Red de f\u00e1rmaco vigilancia RAVREDA:<br \/>Es una red iniciativa OPS-OMS para la vigilancia epidemiol\u00f3gica de la resistencia a los antimalaricos en la regi\u00f3n Amaz\u00f3nica.<\/li><li>Laboratorio de Salud P\u00fablica:<br \/>Perteneciente al Instituto Nacional de Higiene \u201cRafael Rangel\u201d con el objetivo de dar diagnostico temprano y oportuno a patolog\u00edas asociadas a s\u00edndrome ictero-hemorr\u00e1gico y VIH.<\/li><\/ul><p><strong>Entrenamiento y capacitaci\u00f3n en:<\/strong><\/p><ul><li>Entrenamiento en t\u00e9cnica de evaluaci\u00f3n de criaderos de anofelinos y aplicaci\u00f3n de biolarvicidas.<\/li><li>Entrenamiento en t\u00e9cnicas de evaluaci\u00f3n entomol\u00f3gicas para la formaci\u00f3n de unidades de vigilancia entomol\u00f3gica.<\/li><li>Entrenamiento individual constante en microscopia de malaria del estado para la formaci\u00f3n de nuevos microscopistas o reentrenamiento y evaluaci\u00f3n de los existentes<\/li><\/ul><\/div>\n\t\t\t\t<\/div>\n\t\t\t\t\t\t\t\t<\/div>\n\t\t\t\t\t\t<\/div>\n\t\t\t\t<\/div>\n\t\t\t\t\t<\/div>\n\t\t\t\t<\/div>\n\t\t<div class=\"elementor-element elementor-element-fa04ef6 e-flex e-con-boxed e-con e-parent\" data-id=\"fa04ef6\" data-element_type=\"container\" data-e-type=\"container\">\n\t\t\t\t\t<div class=\"e-con-inner\">\n\t\t\t\t<div class=\"elementor-element elementor-element-2570de8 elementor-widget elementor-widget-button\" data-id=\"2570de8\" data-element_type=\"widget\" data-e-type=\"widget\" data-widget_type=\"button.default\">\n\t\t\t\t<div class=\"elementor-widget-container\">\n\t\t\t\t\t\t\t\t\t<div class=\"elementor-button-wrapper\">\n\t\t\t\t\t<a class=\"elementor-button elementor-button-link elementor-size-sm elementor-animation-grow\" href=\"https:\/\/iaes.edu.ve\/?page_id=101\">\n\t\t\t\t\t\t<span class=\"elementor-button-content-wrapper\">\n\t\t\t\t\t\t<span class=\"elementor-button-icon\">\n\t\t\t\t<svg aria-hidden=\"true\" class=\"e-font-icon-svg e-fas-arrow-circle-left\" viewBox=\"0 0 512 512\" xmlns=\"http:\/\/www.w3.org\/2000\/svg\"><path d=\"M256 504C119 504 8 393 8 256S119 8 256 8s248 111 248 248-111 248-248 248zm28.9-143.6L209.4 288H392c13.3 0 24-10.7 24-24v-16c0-13.3-10.7-24-24-24H209.4l75.5-72.4c9.7-9.3 9.9-24.8.4-34.3l-11-10.9c-9.4-9.4-24.6-9.4-33.9 0L107.7 239c-9.4 9.4-9.4 24.6 0 33.9l132.7 132.7c9.4 9.4 24.6 9.4 33.9 0l11-10.9c9.5-9.5 9.3-25-.4-34.3z\"><\/path><\/svg>\t\t\t<\/span>\n\t\t\t\t\t\t\t\t\t<span class=\"elementor-button-text\">Volver<\/span>\n\t\t\t\t\t<\/span>\n\t\t\t\t\t<\/a>\n\t\t\t\t<\/div>\n\t\t\t\t\t\t\t\t<\/div>\n\t\t\t\t<\/div>\n\t\t\t\t\t<\/div>\n\t\t\t\t<\/div>\n\t\t\t\t<\/div>\n\t\t<p>Views: 436<\/p>","protected":false},"excerpt":{"rendered":"<p>Centro de Estudio de Enfermedades End\u00e9micas y Salud Ambiental (CEEESA) Ubicaci\u00f3n: Calle Arnoldo Gabaldon, entre Av. principal La Cooperativa y Av. Las Delicias. Maracay, Edo. Aragua &#8211; Venezuela. Laboratorios y \u00c1reas de Trabajo: \u00c1rea de Evaluaci\u00f3n de Insecticidas (Bioensayos y Bioqu\u00edmica). \u00c1rea de Entomolog\u00eda. \u00c1rea de Biolog\u00eda Molecular. \u00c1rea de Biolog\u00eda de Vectores y Reservorios. [&hellip;]<\/p>\n","protected":false},"author":1,"featured_media":0,"parent":0,"menu_order":0,"comment_status":"closed","ping_status":"closed","template":"","meta":{"inline_featured_image":false,"footnotes":""},"class_list":["post-1751","page","type-page","status-publish","hentry"],"yoast_head":"<!-- This site is optimized with the Yoast SEO plugin v27.4 - https:\/\/yoast.com\/product\/yoast-seo-wordpress\/ -->\n<title>Centros de Investigaci\u00f3n IAE - iaes<\/title>\n<meta name=\"description\" content=\"Centros de Investigaci\u00f3n, IAE, Epidemiolog\u00eda, Epidemiolog\u00eda de las Enfermedades Metax\u00e9nicas, Entomolog\u00eda, Malaria, Salud Ambiental, Vectores\" \/>\n<meta name=\"robots\" content=\"index, follow, max-snippet:-1, max-image-preview:large, max-video-preview:-1\" \/>\n<link rel=\"canonical\" href=\"https:\/\/iaes.edu.ve\/?page_id=1751\" \/>\n<meta property=\"og:locale\" content=\"es_ES\" \/>\n<meta property=\"og:type\" content=\"article\" \/>\n<meta property=\"og:title\" content=\"Centros de Investigaci\u00f3n IAE - iaes\" \/>\n<meta property=\"og:description\" content=\"Centros de Investigaci\u00f3n, IAE, Epidemiolog\u00eda, Epidemiolog\u00eda de las Enfermedades Metax\u00e9nicas, Entomolog\u00eda, Malaria, Salud Ambiental, Vectores\" \/>\n<meta property=\"og:url\" content=\"https:\/\/iaes.edu.ve\/?page_id=1751\" \/>\n<meta property=\"og:site_name\" content=\"iaes\" \/>\n<meta property=\"article:publisher\" content=\"https:\/\/www.facebook.com\/IAEGabaldonOficial\" \/>\n<meta property=\"article:modified_time\" content=\"2024-10-31T17:51:27+00:00\" \/>\n<meta name=\"twitter:card\" content=\"summary_large_image\" \/>\n<meta name=\"twitter:site\" content=\"@iaegabaldon\" \/>\n<meta name=\"twitter:label1\" content=\"Tiempo estimado de lectura\" \/>\n\t<meta name=\"twitter:data1\" content=\"3 minutos\" \/>\n<script type=\"application\/ld+json\" class=\"yoast-schema-graph\">{\"@context\":\"https:\\\/\\\/schema.org\",\"@graph\":[{\"@type\":\"WebPage\",\"@id\":\"https:\\\/\\\/iaes.edu.ve\\\/?page_id=1751\",\"url\":\"https:\\\/\\\/iaes.edu.ve\\\/?page_id=1751\",\"name\":\"Centros de Investigaci\u00f3n IAE - iaes\",\"isPartOf\":{\"@id\":\"https:\\\/\\\/iaes.edu.ve\\\/#website\"},\"datePublished\":\"2024-10-21T20:24:21+00:00\",\"dateModified\":\"2024-10-31T17:51:27+00:00\",\"description\":\"Centros de Investigaci\u00f3n, IAE, Epidemiolog\u00eda, Epidemiolog\u00eda de las Enfermedades Metax\u00e9nicas, Entomolog\u00eda, Malaria, Salud Ambiental, Vectores\",\"breadcrumb\":{\"@id\":\"https:\\\/\\\/iaes.edu.ve\\\/?page_id=1751#breadcrumb\"},\"inLanguage\":\"es\",\"potentialAction\":[{\"@type\":\"ReadAction\",\"target\":[\"https:\\\/\\\/iaes.edu.ve\\\/?page_id=1751\"]}]},{\"@type\":\"BreadcrumbList\",\"@id\":\"https:\\\/\\\/iaes.edu.ve\\\/?page_id=1751#breadcrumb\",\"itemListElement\":[{\"@type\":\"ListItem\",\"position\":1,\"name\":\"Portada\",\"item\":\"https:\\\/\\\/iaes.edu.ve\\\/\"},{\"@type\":\"ListItem\",\"position\":2,\"name\":\"Centros de Investigaci\u00f3n IAE\"}]},{\"@type\":\"WebSite\",\"@id\":\"https:\\\/\\\/iaes.edu.ve\\\/#website\",\"url\":\"https:\\\/\\\/iaes.edu.ve\\\/\",\"name\":\"iaes\",\"description\":\"Formando al talento humano del Sistema P\u00fablico Nacional de Salud\",\"publisher\":{\"@id\":\"https:\\\/\\\/iaes.edu.ve\\\/#organization\"},\"potentialAction\":[{\"@type\":\"SearchAction\",\"target\":{\"@type\":\"EntryPoint\",\"urlTemplate\":\"https:\\\/\\\/iaes.edu.ve\\\/?s={search_term_string}\"},\"query-input\":{\"@type\":\"PropertyValueSpecification\",\"valueRequired\":true,\"valueName\":\"search_term_string\"}}],\"inLanguage\":\"es\"},{\"@type\":\"Organization\",\"@id\":\"https:\\\/\\\/iaes.edu.ve\\\/#organization\",\"name\":\"Servicio Aut\u00f3nomo Instituto de Altos Estudios Dr. Arnoldo Gabaldon\",\"alternateName\":\"IAE Dr. Arnoldo Gabaldon\",\"url\":\"https:\\\/\\\/iaes.edu.ve\\\/\",\"logo\":{\"@type\":\"ImageObject\",\"inLanguage\":\"es\",\"@id\":\"https:\\\/\\\/iaes.edu.ve\\\/#\\\/schema\\\/logo\\\/image\\\/\",\"url\":\"https:\\\/\\\/iaes.edu.ve\\\/wp-content\\\/uploads\\\/2024\\\/05\\\/logo-iae-hor.png\",\"contentUrl\":\"https:\\\/\\\/iaes.edu.ve\\\/wp-content\\\/uploads\\\/2024\\\/05\\\/logo-iae-hor.png\",\"width\":512,\"height\":170,\"caption\":\"Servicio Aut\u00f3nomo Instituto de Altos Estudios Dr. Arnoldo Gabaldon\"},\"image\":{\"@id\":\"https:\\\/\\\/iaes.edu.ve\\\/#\\\/schema\\\/logo\\\/image\\\/\"},\"sameAs\":[\"https:\\\/\\\/www.facebook.com\\\/IAEGabaldonOficial\",\"https:\\\/\\\/x.com\\\/iaegabaldon\",\"https:\\\/\\\/www.instagram.com\\\/iaegabaldon_oficial\\\/\",\"https:\\\/\\\/www.youtube.com\\\/@iaesgabaldon\"]}]}<\/script>\n<!-- \/ Yoast SEO plugin. -->","yoast_head_json":{"title":"Centros de Investigaci\u00f3n IAE - iaes","description":"Centros de Investigaci\u00f3n, IAE, Epidemiolog\u00eda, Epidemiolog\u00eda de las Enfermedades Metax\u00e9nicas, Entomolog\u00eda, Malaria, Salud Ambiental, Vectores","robots":{"index":"index","follow":"follow","max-snippet":"max-snippet:-1","max-image-preview":"max-image-preview:large","max-video-preview":"max-video-preview:-1"},"canonical":"https:\/\/iaes.edu.ve\/?page_id=1751","og_locale":"es_ES","og_type":"article","og_title":"Centros de Investigaci\u00f3n IAE - iaes","og_description":"Centros de Investigaci\u00f3n, IAE, Epidemiolog\u00eda, Epidemiolog\u00eda de las Enfermedades Metax\u00e9nicas, Entomolog\u00eda, Malaria, Salud Ambiental, Vectores","og_url":"https:\/\/iaes.edu.ve\/?page_id=1751","og_site_name":"iaes","article_publisher":"https:\/\/www.facebook.com\/IAEGabaldonOficial","article_modified_time":"2024-10-31T17:51:27+00:00","twitter_card":"summary_large_image","twitter_site":"@iaegabaldon","twitter_misc":{"Tiempo estimado de lectura":"3 minutos"},"schema":{"@context":"https:\/\/schema.org","@graph":[{"@type":"WebPage","@id":"https:\/\/iaes.edu.ve\/?page_id=1751","url":"https:\/\/iaes.edu.ve\/?page_id=1751","name":"Centros de Investigaci\u00f3n IAE - iaes","isPartOf":{"@id":"https:\/\/iaes.edu.ve\/#website"},"datePublished":"2024-10-21T20:24:21+00:00","dateModified":"2024-10-31T17:51:27+00:00","description":"Centros de Investigaci\u00f3n, IAE, Epidemiolog\u00eda, Epidemiolog\u00eda de las Enfermedades Metax\u00e9nicas, Entomolog\u00eda, Malaria, Salud Ambiental, Vectores","breadcrumb":{"@id":"https:\/\/iaes.edu.ve\/?page_id=1751#breadcrumb"},"inLanguage":"es","potentialAction":[{"@type":"ReadAction","target":["https:\/\/iaes.edu.ve\/?page_id=1751"]}]},{"@type":"BreadcrumbList","@id":"https:\/\/iaes.edu.ve\/?page_id=1751#breadcrumb","itemListElement":[{"@type":"ListItem","position":1,"name":"Portada","item":"https:\/\/iaes.edu.ve\/"},{"@type":"ListItem","position":2,"name":"Centros de Investigaci\u00f3n IAE"}]},{"@type":"WebSite","@id":"https:\/\/iaes.edu.ve\/#website","url":"https:\/\/iaes.edu.ve\/","name":"iaes","description":"Formando al talento humano del Sistema P\u00fablico Nacional de Salud","publisher":{"@id":"https:\/\/iaes.edu.ve\/#organization"},"potentialAction":[{"@type":"SearchAction","target":{"@type":"EntryPoint","urlTemplate":"https:\/\/iaes.edu.ve\/?s={search_term_string}"},"query-input":{"@type":"PropertyValueSpecification","valueRequired":true,"valueName":"search_term_string"}}],"inLanguage":"es"},{"@type":"Organization","@id":"https:\/\/iaes.edu.ve\/#organization","name":"Servicio Aut\u00f3nomo Instituto de Altos Estudios Dr. Arnoldo Gabaldon","alternateName":"IAE Dr. Arnoldo Gabaldon","url":"https:\/\/iaes.edu.ve\/","logo":{"@type":"ImageObject","inLanguage":"es","@id":"https:\/\/iaes.edu.ve\/#\/schema\/logo\/image\/","url":"https:\/\/iaes.edu.ve\/wp-content\/uploads\/2024\/05\/logo-iae-hor.png","contentUrl":"https:\/\/iaes.edu.ve\/wp-content\/uploads\/2024\/05\/logo-iae-hor.png","width":512,"height":170,"caption":"Servicio Aut\u00f3nomo Instituto de Altos Estudios Dr. Arnoldo Gabaldon"},"image":{"@id":"https:\/\/iaes.edu.ve\/#\/schema\/logo\/image\/"},"sameAs":["https:\/\/www.facebook.com\/IAEGabaldonOficial","https:\/\/x.com\/iaegabaldon","https:\/\/www.instagram.com\/iaegabaldon_oficial\/","https:\/\/www.youtube.com\/@iaesgabaldon"]}]}},"_links":{"self":[{"href":"https:\/\/iaes.edu.ve\/index.php?rest_route=\/wp\/v2\/pages\/1751","targetHints":{"allow":["GET"]}}],"collection":[{"href":"https:\/\/iaes.edu.ve\/index.php?rest_route=\/wp\/v2\/pages"}],"about":[{"href":"https:\/\/iaes.edu.ve\/index.php?rest_route=\/wp\/v2\/types\/page"}],"author":[{"embeddable":true,"href":"https:\/\/iaes.edu.ve\/index.php?rest_route=\/wp\/v2\/users\/1"}],"replies":[{"embeddable":true,"href":"https:\/\/iaes.edu.ve\/index.php?rest_route=%2Fwp%2Fv2%2Fcomments&post=1751"}],"version-history":[{"count":13,"href":"https:\/\/iaes.edu.ve\/index.php?rest_route=\/wp\/v2\/pages\/1751\/revisions"}],"predecessor-version":[{"id":2330,"href":"https:\/\/iaes.edu.ve\/index.php?rest_route=\/wp\/v2\/pages\/1751\/revisions\/2330"}],"wp:attachment":[{"href":"https:\/\/iaes.edu.ve\/index.php?rest_route=%2Fwp%2Fv2%2Fmedia&parent=1751"}],"curies":[{"name":"wp","href":"https:\/\/api.w.org\/{rel}","templated":true}]}}