{"id":1793,"date":"2024-10-23T14:35:24","date_gmt":"2024-10-23T18:35:24","guid":{"rendered":"http:\/\/200.11.228.221\/?page_id=1793"},"modified":"2024-10-23T15:29:37","modified_gmt":"2024-10-23T19:29:37","slug":"boletin-de-malariologia-y-salud-ambiental","status":"publish","type":"page","link":"https:\/\/iaes.edu.ve\/?page_id=1793","title":{"rendered":"Bolet\u00edn de Malariolog\u00eda y Salud Ambiental"},"content":{"rendered":"\t\t<div data-elementor-type=\"wp-page\" data-elementor-id=\"1793\" class=\"elementor elementor-1793\">\n\t\t\t\t<div class=\"elementor-element elementor-element-c6f0715 e-flex e-con-boxed e-con e-parent\" data-id=\"c6f0715\" data-element_type=\"container\" data-e-type=\"container\">\n\t\t\t\t\t<div class=\"e-con-inner\">\n\t\t\t\t<div class=\"elementor-element elementor-element-0a55ac8 elementor-widget elementor-widget-text-editor\" data-id=\"0a55ac8\" data-element_type=\"widget\" data-e-type=\"widget\" data-widget_type=\"text-editor.default\">\n\t\t\t\t<div class=\"elementor-widget-container\">\n\t\t\t\t\t\t\t\t\t<blockquote><p>El Bolet\u00edn de la Direcci\u00f3n de Malariolog\u00eda y Saneamiento Ambiental es una publicaci\u00f3n editada por la antigua Escuela de Malariolog\u00eda, ahora Servicio Aut\u00f3nomo Instituto de Altos Estudios \u201cDr. Arnoldo Gabaldon\u201d, desde el a\u00f1o 1961. Su editor fundador, el Dr. Gabaldon es reconocido por su exitosa labor en el control de la enfermedad end\u00e9mica de mayor importancia en el pa\u00eds para la \u00e9poca, la Malaria.<\/p><\/blockquote><p>Desde los primeros n\u00fameros, se publican art\u00edculos originales y revisiones relacionadas con Parasitolog\u00eda, Medicina Tropical, Entomolog\u00eda M\u00e9dica, Epidemiolog\u00eda y Control, Inmunolog\u00eda, Ingenier\u00eda Sanitaria, Saneamiento Ambiental, Educaci\u00f3n Sanitaria y Ciencias Sociales.<\/p><figure id=\"attachment_1796\" aria-describedby=\"caption-attachment-1796\" style=\"width: 150px\" class=\"wp-caption alignright\"><a href=\"https:\/\/iaes.edu.ve\/wp-content\/uploads\/2024\/10\/portada-bmsa-01.jpg\"><img decoding=\"async\" class=\"wp-image-1796\" src=\"https:\/\/iaes.edu.ve\/wp-content\/uploads\/2024\/10\/portada-bmsa-01.jpg\" alt=\"\" width=\"150\" height=\"196\" \/><\/a><figcaption id=\"caption-attachment-1796\" class=\"wp-caption-text\">Bolet\u00edn de Malariolog\u00eda y Salud Ambiental<\/figcaption><\/figure><p>En el a\u00f1o 2003, la revista actualiza tanto en su presentaci\u00f3n, como en el Comit\u00e9 Editorial, en pro de mejorar su calidad, adem\u00e1s de estrenar un nuevo t\u00edtulo <b>Bolet\u00edn de Malariolog\u00eda y Salud Ambiental<\/b>.<\/p><p>Esta revista, al igual que muchas otras publicaciones latinoamericanas, con m\u00e1s de <b>60 a\u00f1os<\/b> de existencia, ha afrontado dificultades para garantizar su periodicidad. Sin embargo, gracias al empe\u00f1o y dedicaci\u00f3n de su cuerpo editorial, ha logrado mantenerse en el tiempo y, hoy por hoy, es una publicaci\u00f3n reconocida internacionalmente, fuente de consulta de investigadores, gerentes y personal t\u00e9cnico, indizada en la base de datos de Literatura Latinoamericana Cient\u00edfica en Salud (LILACS) de BIREME, Global Health, Latindex y registrada en la Asociaci\u00f3n de Editores de Revistas M\u00e9dicas (ASEREME).<\/p>\t\t\t\t\t\t\t\t<\/div>\n\t\t\t\t<\/div>\n\t\t\t\t\t<\/div>\n\t\t\t\t<\/div>\n\t\t<div class=\"elementor-element elementor-element-a55a24f e-flex e-con-boxed e-con e-parent\" data-id=\"a55a24f\" data-element_type=\"container\" data-e-type=\"container\">\n\t\t\t\t\t<div class=\"e-con-inner\">\n\t\t\t\t<div class=\"elementor-element elementor-element-0d6c08a elementor-widget-divider--view-line_icon elementor-view-default elementor-widget-divider--element-align-center elementor-widget elementor-widget-divider\" data-id=\"0d6c08a\" data-element_type=\"widget\" data-e-type=\"widget\" data-widget_type=\"divider.default\">\n\t\t\t\t<div class=\"elementor-widget-container\">\n\t\t\t\t\t\t\t<div class=\"elementor-divider\">\n\t\t\t<span class=\"elementor-divider-separator\">\n\t\t\t\t\t\t\t<div class=\"elementor-icon elementor-divider__element\">\n\t\t\t\t\t<svg aria-hidden=\"true\" class=\"e-font-icon-svg e-fas-dot-circle\" viewBox=\"0 0 512 512\" xmlns=\"http:\/\/www.w3.org\/2000\/svg\"><path d=\"M256 8C119.033 8 8 119.033 8 256s111.033 248 248 248 248-111.033 248-248S392.967 8 256 8zm80 248c0 44.112-35.888 80-80 80s-80-35.888-80-80 35.888-80 80-80 80 35.888 80 80z\"><\/path><\/svg><\/div>\n\t\t\t\t\t\t<\/span>\n\t\t<\/div>\n\t\t\t\t\t\t<\/div>\n\t\t\t\t<\/div>\n\t\t\t\t\t<\/div>\n\t\t\t\t<\/div>\n\t\t\t\t<\/div>\n\t\t<p>Views: 37<\/p>","protected":false},"excerpt":{"rendered":"<p>El Bolet\u00edn de la Direcci\u00f3n de Malariolog\u00eda y Saneamiento Ambiental es una publicaci\u00f3n editada por la antigua Escuela de Malariolog\u00eda, ahora Servicio Aut\u00f3nomo Instituto de Altos Estudios \u201cDr. Arnoldo Gabaldon\u201d, desde el a\u00f1o 1961. Su editor fundador, el Dr. Gabaldon es reconocido por su exitosa labor en el control de la enfermedad end\u00e9mica de mayor [&hellip;]<\/p>\n","protected":false},"author":1,"featured_media":0,"parent":0,"menu_order":0,"comment_status":"closed","ping_status":"closed","template":"","meta":{"inline_featured_image":false,"footnotes":""},"class_list":["post-1793","page","type-page","status-publish","hentry"],"yoast_head":"<!-- This site is optimized with the Yoast SEO plugin v27.4 - https:\/\/yoast.com\/product\/yoast-seo-wordpress\/ -->\n<title>Bolet\u00edn de Malariolog\u00eda y Salud Ambiental - iaes<\/title>\n<meta name=\"description\" content=\"Bol Mal Salud Amb, IAE, Epidemiolog\u00eda, Salud P\u00fablica, Salud Ambiental, Enfermedades Metax\u00e9nicas, Malaria, Vectores, Reservorios en Salud\" \/>\n<meta name=\"robots\" content=\"index, follow, max-snippet:-1, max-image-preview:large, max-video-preview:-1\" \/>\n<link rel=\"canonical\" href=\"https:\/\/iaes.edu.ve\/?page_id=1793\" \/>\n<meta property=\"og:locale\" content=\"es_ES\" \/>\n<meta property=\"og:type\" content=\"article\" \/>\n<meta property=\"og:title\" content=\"Bolet\u00edn de Malariolog\u00eda y Salud Ambiental - iaes\" \/>\n<meta property=\"og:description\" content=\"Bol Mal Salud Amb, IAE, Epidemiolog\u00eda, Salud P\u00fablica, Salud Ambiental, Enfermedades Metax\u00e9nicas, Malaria, Vectores, Reservorios en Salud\" \/>\n<meta property=\"og:url\" content=\"https:\/\/iaes.edu.ve\/?page_id=1793\" \/>\n<meta property=\"og:site_name\" content=\"iaes\" \/>\n<meta property=\"article:publisher\" content=\"https:\/\/www.facebook.com\/IAEGabaldonOficial\" \/>\n<meta property=\"article:modified_time\" content=\"2024-10-23T19:29:37+00:00\" \/>\n<meta property=\"og:image\" content=\"http:\/\/200.11.228.221\/wp-content\/uploads\/2024\/10\/portada-bmsa-01.jpg\" \/>\n<meta name=\"twitter:card\" content=\"summary_large_image\" \/>\n<meta name=\"twitter:site\" content=\"@iaegabaldon\" \/>\n<meta name=\"twitter:label1\" content=\"Tiempo estimado de lectura\" \/>\n\t<meta name=\"twitter:data1\" content=\"1 minuto\" \/>\n<script type=\"application\/ld+json\" class=\"yoast-schema-graph\">{\"@context\":\"https:\\\/\\\/schema.org\",\"@graph\":[{\"@type\":\"WebPage\",\"@id\":\"https:\\\/\\\/iaes.edu.ve\\\/?page_id=1793\",\"url\":\"https:\\\/\\\/iaes.edu.ve\\\/?page_id=1793\",\"name\":\"Bolet\u00edn de Malariolog\u00eda y Salud Ambiental - iaes\",\"isPartOf\":{\"@id\":\"https:\\\/\\\/iaes.edu.ve\\\/#website\"},\"primaryImageOfPage\":{\"@id\":\"https:\\\/\\\/iaes.edu.ve\\\/?page_id=1793#primaryimage\"},\"image\":{\"@id\":\"https:\\\/\\\/iaes.edu.ve\\\/?page_id=1793#primaryimage\"},\"thumbnailUrl\":\"http:\\\/\\\/200.11.228.221\\\/wp-content\\\/uploads\\\/2024\\\/10\\\/portada-bmsa-01.jpg\",\"datePublished\":\"2024-10-23T18:35:24+00:00\",\"dateModified\":\"2024-10-23T19:29:37+00:00\",\"description\":\"Bol Mal Salud Amb, IAE, Epidemiolog\u00eda, Salud P\u00fablica, Salud Ambiental, Enfermedades Metax\u00e9nicas, Malaria, Vectores, Reservorios en Salud\",\"breadcrumb\":{\"@id\":\"https:\\\/\\\/iaes.edu.ve\\\/?page_id=1793#breadcrumb\"},\"inLanguage\":\"es\",\"potentialAction\":[{\"@type\":\"ReadAction\",\"target\":[\"https:\\\/\\\/iaes.edu.ve\\\/?page_id=1793\"]}]},{\"@type\":\"ImageObject\",\"inLanguage\":\"es\",\"@id\":\"https:\\\/\\\/iaes.edu.ve\\\/?page_id=1793#primaryimage\",\"url\":\"http:\\\/\\\/200.11.228.221\\\/wp-content\\\/uploads\\\/2024\\\/10\\\/portada-bmsa-01.jpg\",\"contentUrl\":\"http:\\\/\\\/200.11.228.221\\\/wp-content\\\/uploads\\\/2024\\\/10\\\/portada-bmsa-01.jpg\"},{\"@type\":\"BreadcrumbList\",\"@id\":\"https:\\\/\\\/iaes.edu.ve\\\/?page_id=1793#breadcrumb\",\"itemListElement\":[{\"@type\":\"ListItem\",\"position\":1,\"name\":\"Portada\",\"item\":\"https:\\\/\\\/iaes.edu.ve\\\/\"},{\"@type\":\"ListItem\",\"position\":2,\"name\":\"Bolet\u00edn de Malariolog\u00eda y Salud Ambiental\"}]},{\"@type\":\"WebSite\",\"@id\":\"https:\\\/\\\/iaes.edu.ve\\\/#website\",\"url\":\"https:\\\/\\\/iaes.edu.ve\\\/\",\"name\":\"iaes\",\"description\":\"Formando al talento humano del Sistema P\u00fablico Nacional de Salud\",\"publisher\":{\"@id\":\"https:\\\/\\\/iaes.edu.ve\\\/#organization\"},\"potentialAction\":[{\"@type\":\"SearchAction\",\"target\":{\"@type\":\"EntryPoint\",\"urlTemplate\":\"https:\\\/\\\/iaes.edu.ve\\\/?s={search_term_string}\"},\"query-input\":{\"@type\":\"PropertyValueSpecification\",\"valueRequired\":true,\"valueName\":\"search_term_string\"}}],\"inLanguage\":\"es\"},{\"@type\":\"Organization\",\"@id\":\"https:\\\/\\\/iaes.edu.ve\\\/#organization\",\"name\":\"Servicio Aut\u00f3nomo Instituto de Altos Estudios Dr. Arnoldo Gabaldon\",\"alternateName\":\"IAE Dr. Arnoldo Gabaldon\",\"url\":\"https:\\\/\\\/iaes.edu.ve\\\/\",\"logo\":{\"@type\":\"ImageObject\",\"inLanguage\":\"es\",\"@id\":\"https:\\\/\\\/iaes.edu.ve\\\/#\\\/schema\\\/logo\\\/image\\\/\",\"url\":\"https:\\\/\\\/iaes.edu.ve\\\/wp-content\\\/uploads\\\/2024\\\/05\\\/logo-iae-hor.png\",\"contentUrl\":\"https:\\\/\\\/iaes.edu.ve\\\/wp-content\\\/uploads\\\/2024\\\/05\\\/logo-iae-hor.png\",\"width\":512,\"height\":170,\"caption\":\"Servicio Aut\u00f3nomo Instituto de Altos Estudios Dr. Arnoldo Gabaldon\"},\"image\":{\"@id\":\"https:\\\/\\\/iaes.edu.ve\\\/#\\\/schema\\\/logo\\\/image\\\/\"},\"sameAs\":[\"https:\\\/\\\/www.facebook.com\\\/IAEGabaldonOficial\",\"https:\\\/\\\/x.com\\\/iaegabaldon\",\"https:\\\/\\\/www.instagram.com\\\/iaegabaldon_oficial\\\/\",\"https:\\\/\\\/www.youtube.com\\\/@iaesgabaldon\"]}]}<\/script>\n<!-- \/ Yoast SEO plugin. -->","yoast_head_json":{"title":"Bolet\u00edn de Malariolog\u00eda y Salud Ambiental - iaes","description":"Bol Mal Salud Amb, IAE, Epidemiolog\u00eda, Salud P\u00fablica, Salud Ambiental, Enfermedades Metax\u00e9nicas, Malaria, Vectores, Reservorios en Salud","robots":{"index":"index","follow":"follow","max-snippet":"max-snippet:-1","max-image-preview":"max-image-preview:large","max-video-preview":"max-video-preview:-1"},"canonical":"https:\/\/iaes.edu.ve\/?page_id=1793","og_locale":"es_ES","og_type":"article","og_title":"Bolet\u00edn de Malariolog\u00eda y Salud Ambiental - iaes","og_description":"Bol Mal Salud Amb, IAE, Epidemiolog\u00eda, Salud P\u00fablica, Salud Ambiental, Enfermedades Metax\u00e9nicas, Malaria, Vectores, Reservorios en Salud","og_url":"https:\/\/iaes.edu.ve\/?page_id=1793","og_site_name":"iaes","article_publisher":"https:\/\/www.facebook.com\/IAEGabaldonOficial","article_modified_time":"2024-10-23T19:29:37+00:00","og_image":[{"url":"http:\/\/200.11.228.221\/wp-content\/uploads\/2024\/10\/portada-bmsa-01.jpg","type":"","width":"","height":""}],"twitter_card":"summary_large_image","twitter_site":"@iaegabaldon","twitter_misc":{"Tiempo estimado de lectura":"1 minuto"},"schema":{"@context":"https:\/\/schema.org","@graph":[{"@type":"WebPage","@id":"https:\/\/iaes.edu.ve\/?page_id=1793","url":"https:\/\/iaes.edu.ve\/?page_id=1793","name":"Bolet\u00edn de Malariolog\u00eda y Salud Ambiental - iaes","isPartOf":{"@id":"https:\/\/iaes.edu.ve\/#website"},"primaryImageOfPage":{"@id":"https:\/\/iaes.edu.ve\/?page_id=1793#primaryimage"},"image":{"@id":"https:\/\/iaes.edu.ve\/?page_id=1793#primaryimage"},"thumbnailUrl":"http:\/\/200.11.228.221\/wp-content\/uploads\/2024\/10\/portada-bmsa-01.jpg","datePublished":"2024-10-23T18:35:24+00:00","dateModified":"2024-10-23T19:29:37+00:00","description":"Bol Mal Salud Amb, IAE, Epidemiolog\u00eda, Salud P\u00fablica, Salud Ambiental, Enfermedades Metax\u00e9nicas, Malaria, Vectores, Reservorios en Salud","breadcrumb":{"@id":"https:\/\/iaes.edu.ve\/?page_id=1793#breadcrumb"},"inLanguage":"es","potentialAction":[{"@type":"ReadAction","target":["https:\/\/iaes.edu.ve\/?page_id=1793"]}]},{"@type":"ImageObject","inLanguage":"es","@id":"https:\/\/iaes.edu.ve\/?page_id=1793#primaryimage","url":"http:\/\/200.11.228.221\/wp-content\/uploads\/2024\/10\/portada-bmsa-01.jpg","contentUrl":"http:\/\/200.11.228.221\/wp-content\/uploads\/2024\/10\/portada-bmsa-01.jpg"},{"@type":"BreadcrumbList","@id":"https:\/\/iaes.edu.ve\/?page_id=1793#breadcrumb","itemListElement":[{"@type":"ListItem","position":1,"name":"Portada","item":"https:\/\/iaes.edu.ve\/"},{"@type":"ListItem","position":2,"name":"Bolet\u00edn de Malariolog\u00eda y Salud Ambiental"}]},{"@type":"WebSite","@id":"https:\/\/iaes.edu.ve\/#website","url":"https:\/\/iaes.edu.ve\/","name":"iaes","description":"Formando al talento humano del Sistema P\u00fablico Nacional de Salud","publisher":{"@id":"https:\/\/iaes.edu.ve\/#organization"},"potentialAction":[{"@type":"SearchAction","target":{"@type":"EntryPoint","urlTemplate":"https:\/\/iaes.edu.ve\/?s={search_term_string}"},"query-input":{"@type":"PropertyValueSpecification","valueRequired":true,"valueName":"search_term_string"}}],"inLanguage":"es"},{"@type":"Organization","@id":"https:\/\/iaes.edu.ve\/#organization","name":"Servicio Aut\u00f3nomo Instituto de Altos Estudios Dr. Arnoldo Gabaldon","alternateName":"IAE Dr. Arnoldo Gabaldon","url":"https:\/\/iaes.edu.ve\/","logo":{"@type":"ImageObject","inLanguage":"es","@id":"https:\/\/iaes.edu.ve\/#\/schema\/logo\/image\/","url":"https:\/\/iaes.edu.ve\/wp-content\/uploads\/2024\/05\/logo-iae-hor.png","contentUrl":"https:\/\/iaes.edu.ve\/wp-content\/uploads\/2024\/05\/logo-iae-hor.png","width":512,"height":170,"caption":"Servicio Aut\u00f3nomo Instituto de Altos Estudios Dr. Arnoldo Gabaldon"},"image":{"@id":"https:\/\/iaes.edu.ve\/#\/schema\/logo\/image\/"},"sameAs":["https:\/\/www.facebook.com\/IAEGabaldonOficial","https:\/\/x.com\/iaegabaldon","https:\/\/www.instagram.com\/iaegabaldon_oficial\/","https:\/\/www.youtube.com\/@iaesgabaldon"]}]}},"_links":{"self":[{"href":"https:\/\/iaes.edu.ve\/index.php?rest_route=\/wp\/v2\/pages\/1793","targetHints":{"allow":["GET"]}}],"collection":[{"href":"https:\/\/iaes.edu.ve\/index.php?rest_route=\/wp\/v2\/pages"}],"about":[{"href":"https:\/\/iaes.edu.ve\/index.php?rest_route=\/wp\/v2\/types\/page"}],"author":[{"embeddable":true,"href":"https:\/\/iaes.edu.ve\/index.php?rest_route=\/wp\/v2\/users\/1"}],"replies":[{"embeddable":true,"href":"https:\/\/iaes.edu.ve\/index.php?rest_route=%2Fwp%2Fv2%2Fcomments&post=1793"}],"version-history":[{"count":16,"href":"https:\/\/iaes.edu.ve\/index.php?rest_route=\/wp\/v2\/pages\/1793\/revisions"}],"predecessor-version":[{"id":1812,"href":"https:\/\/iaes.edu.ve\/index.php?rest_route=\/wp\/v2\/pages\/1793\/revisions\/1812"}],"wp:attachment":[{"href":"https:\/\/iaes.edu.ve\/index.php?rest_route=%2Fwp%2Fv2%2Fmedia&parent=1793"}],"curies":[{"name":"wp","href":"https:\/\/api.w.org\/{rel}","templated":true}]}}