{"id":2684,"date":"2024-11-25T15:53:36","date_gmt":"2024-11-25T19:53:36","guid":{"rendered":"https:\/\/iaes.edu.ve\/?page_id=2684"},"modified":"2024-11-25T15:56:33","modified_gmt":"2024-11-25T19:56:33","slug":"requisitos-de-ingreso-a-diplomados-y-o-postgrados","status":"publish","type":"page","link":"https:\/\/iaes.edu.ve\/?page_id=2684","title":{"rendered":"Requisitos de Ingreso a Diplomados y\/o Postgrados"},"content":{"rendered":"\t\t<div data-elementor-type=\"wp-page\" data-elementor-id=\"2684\" class=\"elementor elementor-2684\">\n\t\t\t\t<div class=\"elementor-element elementor-element-0df7fbf e-flex e-con-boxed e-con e-parent\" data-id=\"0df7fbf\" data-element_type=\"container\" data-e-type=\"container\">\n\t\t\t\t\t<div class=\"e-con-inner\">\n\t\t\t\t<div class=\"elementor-element elementor-element-98a1b62 elementor-widget elementor-widget-elementskit-heading\" data-id=\"98a1b62\" data-element_type=\"widget\" data-e-type=\"widget\" data-widget_type=\"elementskit-heading.default\">\n\t\t\t\t<div class=\"elementor-widget-container\">\n\t\t\t\t\t<div class=\"ekit-wid-con\" ><div class=\"ekit-heading elementskit-section-title-wraper center   ekit_heading_tablet-   ekit_heading_mobile-\"><div class=\"ekit_heading_separetor_wraper ekit_heading_elementskit-border-divider ekit-dotted\"><div class=\"elementskit-border-divider ekit-dotted\"><\/div><\/div>\t\t\t\t<div class='ekit-heading__description'>\n\t\t\t\t\t<p>En esta secci\u00f3n encontrar\u00e1s las los requisitos para ingresar a Diplomados y\/o a los Postgrados.\u00a0<\/p>\n\t\t\t\t<\/div>\n\t\t\t<\/div><\/div>\t\t\t\t<\/div>\n\t\t\t\t<\/div>\n\t\t\t\t\t<\/div>\n\t\t\t\t<\/div>\n\t\t<div class=\"elementor-element elementor-element-9c50df3 e-flex e-con-boxed e-con e-parent\" data-id=\"9c50df3\" data-element_type=\"container\" data-e-type=\"container\">\n\t\t\t\t\t<div class=\"e-con-inner\">\n\t\t<div class=\"elementor-element elementor-element-068b9ec e-con-full e-flex e-con e-child\" data-id=\"068b9ec\" data-element_type=\"container\" data-e-type=\"container\">\n\t\t\t\t<div class=\"elementor-element elementor-element-1ff49c0 elementor-view-default elementor-position-block-start elementor-mobile-position-block-start elementor-widget elementor-widget-icon-box\" data-id=\"1ff49c0\" data-element_type=\"widget\" data-e-type=\"widget\" data-widget_type=\"icon-box.default\">\n\t\t\t\t<div class=\"elementor-widget-container\">\n\t\t\t\t\t\t\t<div class=\"elementor-icon-box-wrapper\">\n\n\t\t\t\t\t\t<div class=\"elementor-icon-box-icon\">\n\t\t\t\t<a href=\"https:\/\/iaes.edu.ve\/wp-content\/uploads\/2024\/11\/requisitos_ingreso_diplomados_2024.pdf\" target=\"_blank\" class=\"elementor-icon\" tabindex=\"-1\" aria-label=\"Requisitos para Ingresar a Diplomados\">\n\t\t\t\t<svg aria-hidden=\"true\" class=\"e-font-icon-svg e-fas-file-pdf\" viewBox=\"0 0 384 512\" xmlns=\"http:\/\/www.w3.org\/2000\/svg\"><path d=\"M181.9 256.1c-5-16-4.9-46.9-2-46.9 8.4 0 7.6 36.9 2 46.9zm-1.7 47.2c-7.7 20.2-17.3 43.3-28.4 62.7 18.3-7 39-17.2 62.9-21.9-12.7-9.6-24.9-23.4-34.5-40.8zM86.1 428.1c0 .8 13.2-5.4 34.9-40.2-6.7 6.3-29.1 24.5-34.9 40.2zM248 160h136v328c0 13.3-10.7 24-24 24H24c-13.3 0-24-10.7-24-24V24C0 10.7 10.7 0 24 0h200v136c0 13.2 10.8 24 24 24zm-8 171.8c-20-12.2-33.3-29-42.7-53.8 4.5-18.5 11.6-46.6 6.2-64.2-4.7-29.4-42.4-26.5-47.8-6.8-5 18.3-.4 44.1 8.1 77-11.6 27.6-28.7 64.6-40.8 85.8-.1 0-.1.1-.2.1-27.1 13.9-73.6 44.5-54.5 68 5.6 6.9 16 10 21.5 10 17.9 0 35.7-18 61.1-61.8 25.8-8.5 54.1-19.1 79-23.2 21.7 11.8 47.1 19.5 64 19.5 29.2 0 31.2-32 19.7-43.4-13.9-13.6-54.3-9.7-73.6-7.2zM377 105L279 7c-4.5-4.5-10.6-7-17-7h-6v128h128v-6.1c0-6.3-2.5-12.4-7-16.9zm-74.1 255.3c4.1-2.7-2.5-11.9-42.8-9 37.1 15.8 42.8 9 42.8 9z\"><\/path><\/svg>\t\t\t\t<\/a>\n\t\t\t<\/div>\n\t\t\t\n\t\t\t\t\t\t<div class=\"elementor-icon-box-content\">\n\n\t\t\t\t\t\t\t\t\t<h5 class=\"elementor-icon-box-title\">\n\t\t\t\t\t\t<a href=\"https:\/\/iaes.edu.ve\/wp-content\/uploads\/2024\/11\/requisitos_ingreso_diplomados_2024.pdf\" target=\"_blank\" >\n\t\t\t\t\t\t\tRequisitos para Ingresar a Diplomados\t\t\t\t\t\t<\/a>\n\t\t\t\t\t<\/h5>\n\t\t\t\t\n\t\t\t\t\n\t\t\t<\/div>\n\t\t\t\n\t\t<\/div>\n\t\t\t\t\t\t<\/div>\n\t\t\t\t<\/div>\n\t\t\t\t<\/div>\n\t\t<div class=\"elementor-element elementor-element-88e5ee2 e-con-full e-flex e-con e-child\" data-id=\"88e5ee2\" data-element_type=\"container\" data-e-type=\"container\">\n\t\t\t\t<div class=\"elementor-element elementor-element-a590739 elementor-view-default elementor-position-block-start elementor-mobile-position-block-start elementor-widget elementor-widget-icon-box\" data-id=\"a590739\" data-element_type=\"widget\" data-e-type=\"widget\" data-widget_type=\"icon-box.default\">\n\t\t\t\t<div class=\"elementor-widget-container\">\n\t\t\t\t\t\t\t<div class=\"elementor-icon-box-wrapper\">\n\n\t\t\t\t\t\t<div class=\"elementor-icon-box-icon\">\n\t\t\t\t<a href=\"https:\/\/iaes.edu.ve\/wp-content\/uploads\/2024\/11\/requisitos_ingreso_postgrados_2024.pdf\" target=\"_blank\" class=\"elementor-icon\" tabindex=\"-1\" aria-label=\"Requisitos para Ingresar a Postgrados\">\n\t\t\t\t<svg aria-hidden=\"true\" class=\"e-font-icon-svg e-fas-file-pdf\" viewBox=\"0 0 384 512\" xmlns=\"http:\/\/www.w3.org\/2000\/svg\"><path d=\"M181.9 256.1c-5-16-4.9-46.9-2-46.9 8.4 0 7.6 36.9 2 46.9zm-1.7 47.2c-7.7 20.2-17.3 43.3-28.4 62.7 18.3-7 39-17.2 62.9-21.9-12.7-9.6-24.9-23.4-34.5-40.8zM86.1 428.1c0 .8 13.2-5.4 34.9-40.2-6.7 6.3-29.1 24.5-34.9 40.2zM248 160h136v328c0 13.3-10.7 24-24 24H24c-13.3 0-24-10.7-24-24V24C0 10.7 10.7 0 24 0h200v136c0 13.2 10.8 24 24 24zm-8 171.8c-20-12.2-33.3-29-42.7-53.8 4.5-18.5 11.6-46.6 6.2-64.2-4.7-29.4-42.4-26.5-47.8-6.8-5 18.3-.4 44.1 8.1 77-11.6 27.6-28.7 64.6-40.8 85.8-.1 0-.1.1-.2.1-27.1 13.9-73.6 44.5-54.5 68 5.6 6.9 16 10 21.5 10 17.9 0 35.7-18 61.1-61.8 25.8-8.5 54.1-19.1 79-23.2 21.7 11.8 47.1 19.5 64 19.5 29.2 0 31.2-32 19.7-43.4-13.9-13.6-54.3-9.7-73.6-7.2zM377 105L279 7c-4.5-4.5-10.6-7-17-7h-6v128h128v-6.1c0-6.3-2.5-12.4-7-16.9zm-74.1 255.3c4.1-2.7-2.5-11.9-42.8-9 37.1 15.8 42.8 9 42.8 9z\"><\/path><\/svg>\t\t\t\t<\/a>\n\t\t\t<\/div>\n\t\t\t\n\t\t\t\t\t\t<div class=\"elementor-icon-box-content\">\n\n\t\t\t\t\t\t\t\t\t<h5 class=\"elementor-icon-box-title\">\n\t\t\t\t\t\t<a href=\"https:\/\/iaes.edu.ve\/wp-content\/uploads\/2024\/11\/requisitos_ingreso_postgrados_2024.pdf\" target=\"_blank\" >\n\t\t\t\t\t\t\tRequisitos para Ingresar a Postgrados\t\t\t\t\t\t<\/a>\n\t\t\t\t\t<\/h5>\n\t\t\t\t\n\t\t\t\t\n\t\t\t<\/div>\n\t\t\t\n\t\t<\/div>\n\t\t\t\t\t\t<\/div>\n\t\t\t\t<\/div>\n\t\t\t\t<\/div>\n\t\t\t\t\t<\/div>\n\t\t\t\t<\/div>\n\t\t<div class=\"elementor-element elementor-element-de25f6b e-flex e-con-boxed e-con e-parent\" data-id=\"de25f6b\" data-element_type=\"container\" data-e-type=\"container\">\n\t\t\t\t\t<div class=\"e-con-inner\">\n\t\t\t\t<div class=\"elementor-element elementor-element-939793c elementor-widget elementor-widget-button\" data-id=\"939793c\" data-element_type=\"widget\" data-e-type=\"widget\" data-widget_type=\"button.default\">\n\t\t\t\t<div class=\"elementor-widget-container\">\n\t\t\t\t\t\t\t\t\t<div class=\"elementor-button-wrapper\">\n\t\t\t\t\t<a class=\"elementor-button elementor-button-link elementor-size-sm elementor-animation-grow\" href=\"https:\/\/iaes.edu.ve\/?page_id=897\">\n\t\t\t\t\t\t<span class=\"elementor-button-content-wrapper\">\n\t\t\t\t\t\t<span class=\"elementor-button-icon\">\n\t\t\t\t<svg aria-hidden=\"true\" class=\"e-font-icon-svg e-fas-arrow-circle-left\" viewBox=\"0 0 512 512\" xmlns=\"http:\/\/www.w3.org\/2000\/svg\"><path d=\"M256 504C119 504 8 393 8 256S119 8 256 8s248 111 248 248-111 248-248 248zm28.9-143.6L209.4 288H392c13.3 0 24-10.7 24-24v-16c0-13.3-10.7-24-24-24H209.4l75.5-72.4c9.7-9.3 9.9-24.8.4-34.3l-11-10.9c-9.4-9.4-24.6-9.4-33.9 0L107.7 239c-9.4 9.4-9.4 24.6 0 33.9l132.7 132.7c9.4 9.4 24.6 9.4 33.9 0l11-10.9c9.5-9.5 9.3-25-.4-34.3z\"><\/path><\/svg>\t\t\t<\/span>\n\t\t\t\t\t\t\t\t\t<span class=\"elementor-button-text\">Volver<\/span>\n\t\t\t\t\t<\/span>\n\t\t\t\t\t<\/a>\n\t\t\t\t<\/div>\n\t\t\t\t\t\t\t\t<\/div>\n\t\t\t\t<\/div>\n\t\t\t\t\t<\/div>\n\t\t\t\t<\/div>\n\t\t\t\t<\/div>\n\t\t<p>Views: 3056<\/p>","protected":false},"excerpt":{"rendered":"<p>En esta secci\u00f3n encontrar\u00e1s las los requisitos para ingresar a Diplomados y\/o a los Postgrados.\u00a0 Requisitos para Ingresar a Diplomados Requisitos para Ingresar a Postgrados Volver Views: 3056<\/p>\n","protected":false},"author":1,"featured_media":0,"parent":0,"menu_order":0,"comment_status":"closed","ping_status":"closed","template":"","meta":{"inline_featured_image":false,"footnotes":""},"class_list":["post-2684","page","type-page","status-publish","hentry"],"yoast_head":"<!-- This site is optimized with the Yoast SEO plugin v27.4 - https:\/\/yoast.com\/product\/yoast-seo-wordpress\/ -->\n<title>Requisitos de Ingreso - iaes<\/title>\n<meta name=\"description\" content=\"IAE, Arnoldo Gabaldon, Requisitos de Ingreso, Diplomados, Postgrados, Cursos No Conducentes a T\u00edtulo, Cursos Conducentes a T\u00edtulo Acad\u00e9mico\" \/>\n<meta name=\"robots\" content=\"index, follow, max-snippet:-1, max-image-preview:large, max-video-preview:-1\" \/>\n<link rel=\"canonical\" href=\"https:\/\/iaes.edu.ve\/?page_id=2684\" \/>\n<meta property=\"og:locale\" content=\"es_ES\" \/>\n<meta property=\"og:type\" content=\"article\" \/>\n<meta property=\"og:title\" content=\"Requisitos de Ingreso - iaes\" \/>\n<meta property=\"og:description\" content=\"IAE, Arnoldo Gabaldon, Requisitos de Ingreso, Diplomados, Postgrados, Cursos No Conducentes a T\u00edtulo, Cursos Conducentes a T\u00edtulo Acad\u00e9mico\" \/>\n<meta property=\"og:url\" content=\"https:\/\/iaes.edu.ve\/?page_id=2684\" \/>\n<meta property=\"og:site_name\" content=\"iaes\" \/>\n<meta property=\"article:publisher\" content=\"https:\/\/www.facebook.com\/IAEGabaldonOficial\" \/>\n<meta property=\"article:modified_time\" content=\"2024-11-25T19:56:33+00:00\" \/>\n<meta name=\"twitter:card\" content=\"summary_large_image\" \/>\n<meta name=\"twitter:site\" content=\"@iaegabaldon\" \/>\n<meta name=\"twitter:label1\" content=\"Tiempo estimado de lectura\" \/>\n\t<meta name=\"twitter:data1\" content=\"1 minuto\" \/>\n<script type=\"application\/ld+json\" class=\"yoast-schema-graph\">{\"@context\":\"https:\\\/\\\/schema.org\",\"@graph\":[{\"@type\":\"WebPage\",\"@id\":\"https:\\\/\\\/iaes.edu.ve\\\/?page_id=2684\",\"url\":\"https:\\\/\\\/iaes.edu.ve\\\/?page_id=2684\",\"name\":\"Requisitos de Ingreso - iaes\",\"isPartOf\":{\"@id\":\"https:\\\/\\\/iaes.edu.ve\\\/#website\"},\"datePublished\":\"2024-11-25T19:53:36+00:00\",\"dateModified\":\"2024-11-25T19:56:33+00:00\",\"description\":\"IAE, Arnoldo Gabaldon, Requisitos de Ingreso, Diplomados, Postgrados, Cursos No Conducentes a T\u00edtulo, Cursos Conducentes a T\u00edtulo Acad\u00e9mico\",\"breadcrumb\":{\"@id\":\"https:\\\/\\\/iaes.edu.ve\\\/?page_id=2684#breadcrumb\"},\"inLanguage\":\"es\",\"potentialAction\":[{\"@type\":\"ReadAction\",\"target\":[\"https:\\\/\\\/iaes.edu.ve\\\/?page_id=2684\"]}]},{\"@type\":\"BreadcrumbList\",\"@id\":\"https:\\\/\\\/iaes.edu.ve\\\/?page_id=2684#breadcrumb\",\"itemListElement\":[{\"@type\":\"ListItem\",\"position\":1,\"name\":\"Portada\",\"item\":\"https:\\\/\\\/iaes.edu.ve\\\/\"},{\"@type\":\"ListItem\",\"position\":2,\"name\":\"Requisitos de Ingreso a Diplomados y\\\/o Postgrados\"}]},{\"@type\":\"WebSite\",\"@id\":\"https:\\\/\\\/iaes.edu.ve\\\/#website\",\"url\":\"https:\\\/\\\/iaes.edu.ve\\\/\",\"name\":\"iaes\",\"description\":\"Formando al talento humano del Sistema P\u00fablico Nacional de Salud\",\"publisher\":{\"@id\":\"https:\\\/\\\/iaes.edu.ve\\\/#organization\"},\"potentialAction\":[{\"@type\":\"SearchAction\",\"target\":{\"@type\":\"EntryPoint\",\"urlTemplate\":\"https:\\\/\\\/iaes.edu.ve\\\/?s={search_term_string}\"},\"query-input\":{\"@type\":\"PropertyValueSpecification\",\"valueRequired\":true,\"valueName\":\"search_term_string\"}}],\"inLanguage\":\"es\"},{\"@type\":\"Organization\",\"@id\":\"https:\\\/\\\/iaes.edu.ve\\\/#organization\",\"name\":\"Servicio Aut\u00f3nomo Instituto de Altos Estudios Dr. Arnoldo Gabaldon\",\"alternateName\":\"IAE Dr. Arnoldo Gabaldon\",\"url\":\"https:\\\/\\\/iaes.edu.ve\\\/\",\"logo\":{\"@type\":\"ImageObject\",\"inLanguage\":\"es\",\"@id\":\"https:\\\/\\\/iaes.edu.ve\\\/#\\\/schema\\\/logo\\\/image\\\/\",\"url\":\"https:\\\/\\\/iaes.edu.ve\\\/wp-content\\\/uploads\\\/2024\\\/05\\\/logo-iae-hor.png\",\"contentUrl\":\"https:\\\/\\\/iaes.edu.ve\\\/wp-content\\\/uploads\\\/2024\\\/05\\\/logo-iae-hor.png\",\"width\":512,\"height\":170,\"caption\":\"Servicio Aut\u00f3nomo Instituto de Altos Estudios Dr. Arnoldo Gabaldon\"},\"image\":{\"@id\":\"https:\\\/\\\/iaes.edu.ve\\\/#\\\/schema\\\/logo\\\/image\\\/\"},\"sameAs\":[\"https:\\\/\\\/www.facebook.com\\\/IAEGabaldonOficial\",\"https:\\\/\\\/x.com\\\/iaegabaldon\",\"https:\\\/\\\/www.instagram.com\\\/iaegabaldon_oficial\\\/\",\"https:\\\/\\\/www.youtube.com\\\/@iaesgabaldon\"]}]}<\/script>\n<!-- \/ Yoast SEO plugin. -->","yoast_head_json":{"title":"Requisitos de Ingreso - iaes","description":"IAE, Arnoldo Gabaldon, Requisitos de Ingreso, Diplomados, Postgrados, Cursos No Conducentes a T\u00edtulo, Cursos Conducentes a T\u00edtulo Acad\u00e9mico","robots":{"index":"index","follow":"follow","max-snippet":"max-snippet:-1","max-image-preview":"max-image-preview:large","max-video-preview":"max-video-preview:-1"},"canonical":"https:\/\/iaes.edu.ve\/?page_id=2684","og_locale":"es_ES","og_type":"article","og_title":"Requisitos de Ingreso - iaes","og_description":"IAE, Arnoldo Gabaldon, Requisitos de Ingreso, Diplomados, Postgrados, Cursos No Conducentes a T\u00edtulo, Cursos Conducentes a T\u00edtulo Acad\u00e9mico","og_url":"https:\/\/iaes.edu.ve\/?page_id=2684","og_site_name":"iaes","article_publisher":"https:\/\/www.facebook.com\/IAEGabaldonOficial","article_modified_time":"2024-11-25T19:56:33+00:00","twitter_card":"summary_large_image","twitter_site":"@iaegabaldon","twitter_misc":{"Tiempo estimado de lectura":"1 minuto"},"schema":{"@context":"https:\/\/schema.org","@graph":[{"@type":"WebPage","@id":"https:\/\/iaes.edu.ve\/?page_id=2684","url":"https:\/\/iaes.edu.ve\/?page_id=2684","name":"Requisitos de Ingreso - iaes","isPartOf":{"@id":"https:\/\/iaes.edu.ve\/#website"},"datePublished":"2024-11-25T19:53:36+00:00","dateModified":"2024-11-25T19:56:33+00:00","description":"IAE, Arnoldo Gabaldon, Requisitos de Ingreso, Diplomados, Postgrados, Cursos No Conducentes a T\u00edtulo, Cursos Conducentes a T\u00edtulo Acad\u00e9mico","breadcrumb":{"@id":"https:\/\/iaes.edu.ve\/?page_id=2684#breadcrumb"},"inLanguage":"es","potentialAction":[{"@type":"ReadAction","target":["https:\/\/iaes.edu.ve\/?page_id=2684"]}]},{"@type":"BreadcrumbList","@id":"https:\/\/iaes.edu.ve\/?page_id=2684#breadcrumb","itemListElement":[{"@type":"ListItem","position":1,"name":"Portada","item":"https:\/\/iaes.edu.ve\/"},{"@type":"ListItem","position":2,"name":"Requisitos de Ingreso a Diplomados y\/o Postgrados"}]},{"@type":"WebSite","@id":"https:\/\/iaes.edu.ve\/#website","url":"https:\/\/iaes.edu.ve\/","name":"iaes","description":"Formando al talento humano del Sistema P\u00fablico Nacional de Salud","publisher":{"@id":"https:\/\/iaes.edu.ve\/#organization"},"potentialAction":[{"@type":"SearchAction","target":{"@type":"EntryPoint","urlTemplate":"https:\/\/iaes.edu.ve\/?s={search_term_string}"},"query-input":{"@type":"PropertyValueSpecification","valueRequired":true,"valueName":"search_term_string"}}],"inLanguage":"es"},{"@type":"Organization","@id":"https:\/\/iaes.edu.ve\/#organization","name":"Servicio Aut\u00f3nomo Instituto de Altos Estudios Dr. Arnoldo Gabaldon","alternateName":"IAE Dr. Arnoldo Gabaldon","url":"https:\/\/iaes.edu.ve\/","logo":{"@type":"ImageObject","inLanguage":"es","@id":"https:\/\/iaes.edu.ve\/#\/schema\/logo\/image\/","url":"https:\/\/iaes.edu.ve\/wp-content\/uploads\/2024\/05\/logo-iae-hor.png","contentUrl":"https:\/\/iaes.edu.ve\/wp-content\/uploads\/2024\/05\/logo-iae-hor.png","width":512,"height":170,"caption":"Servicio Aut\u00f3nomo Instituto de Altos Estudios Dr. Arnoldo Gabaldon"},"image":{"@id":"https:\/\/iaes.edu.ve\/#\/schema\/logo\/image\/"},"sameAs":["https:\/\/www.facebook.com\/IAEGabaldonOficial","https:\/\/x.com\/iaegabaldon","https:\/\/www.instagram.com\/iaegabaldon_oficial\/","https:\/\/www.youtube.com\/@iaesgabaldon"]}]}},"_links":{"self":[{"href":"https:\/\/iaes.edu.ve\/index.php?rest_route=\/wp\/v2\/pages\/2684","targetHints":{"allow":["GET"]}}],"collection":[{"href":"https:\/\/iaes.edu.ve\/index.php?rest_route=\/wp\/v2\/pages"}],"about":[{"href":"https:\/\/iaes.edu.ve\/index.php?rest_route=\/wp\/v2\/types\/page"}],"author":[{"embeddable":true,"href":"https:\/\/iaes.edu.ve\/index.php?rest_route=\/wp\/v2\/users\/1"}],"replies":[{"embeddable":true,"href":"https:\/\/iaes.edu.ve\/index.php?rest_route=%2Fwp%2Fv2%2Fcomments&post=2684"}],"version-history":[{"count":13,"href":"https:\/\/iaes.edu.ve\/index.php?rest_route=\/wp\/v2\/pages\/2684\/revisions"}],"predecessor-version":[{"id":2699,"href":"https:\/\/iaes.edu.ve\/index.php?rest_route=\/wp\/v2\/pages\/2684\/revisions\/2699"}],"wp:attachment":[{"href":"https:\/\/iaes.edu.ve\/index.php?rest_route=%2Fwp%2Fv2%2Fmedia&parent=2684"}],"curies":[{"name":"wp","href":"https:\/\/api.w.org\/{rel}","templated":true}]}}