{"id":2865,"date":"2025-01-18T10:03:07","date_gmt":"2025-01-18T14:03:07","guid":{"rendered":"https:\/\/iaes.edu.ve\/?page_id=2865"},"modified":"2025-08-27T11:27:55","modified_gmt":"2025-08-27T15:27:55","slug":"llamado-nacional-para-nuevos-ingresos-a-postgrado-2025-2026","status":"publish","type":"page","link":"https:\/\/iaes.edu.ve\/?page_id=2865","title":{"rendered":"Llamado Nacional para Nuevos Ingresos a Postgrado 2025-2026"},"content":{"rendered":"\t\t<div data-elementor-type=\"wp-page\" data-elementor-id=\"2865\" class=\"elementor elementor-2865\">\n\t\t\t\t<div class=\"elementor-element elementor-element-73a174d e-flex e-con-boxed e-con e-parent\" data-id=\"73a174d\" data-element_type=\"container\" data-e-type=\"container\">\n\t\t\t\t\t<div class=\"e-con-inner\">\n\t\t\t\t<div class=\"elementor-element elementor-element-dd45beb elementor-widget elementor-widget-elementskit-simple-tab\" data-id=\"dd45beb\" data-element_type=\"widget\" data-e-type=\"widget\" data-widget_type=\"elementskit-simple-tab.default\">\n\t\t\t\t<div class=\"elementor-widget-container\">\n\t\t\t\t\t<div class=\"ekit-wid-con\" >        <div class=\"elementkit-tab-wraper  \">\n            <ul class=\"nav nav-tabs elementkit-tab-nav  elementskit_tooltip_style elementskit_tooltip_style elementskit-fullwidth-tab\">\n                                    <li class=\"elementkit-nav-item elementor-repeater-item-45a991d\">\n                        <a class=\"elementkit-nav-link  active show left-pos\" id=\"content-45a991d69ceed7ac7397-tab\" data-ekit-handler-id=\"especialidades\" data-ekit-toggle=\"tab\" data-target=\"#content-45a991d69ceed7ac7397\" href=\"#Content-45a991d69ceed7ac7397\"\n                            data-ekit-toggle-trigger=\"click\"\n                            aria-describedby=\"Content-45a991d69ceed7ac7397\">\n                                                        <span class=\"elementskit-tab-title\">ESPECIALIDADES<\/span>\n                        <\/a>\n                    <\/li>\n                                        <li class=\"elementkit-nav-item elementor-repeater-item-ed257c8\">\n                        <a class=\"elementkit-nav-link  left-pos\" id=\"content-ed257c869ceed7ac7397-tab\" data-ekit-handler-id=\"cronograma\" data-ekit-toggle=\"tab\" data-target=\"#content-ed257c869ceed7ac7397\" href=\"#Content-ed257c869ceed7ac7397\"\n                            data-ekit-toggle-trigger=\"click\"\n                            aria-describedby=\"Content-ed257c869ceed7ac7397\">\n                                                        <span class=\"elementskit-tab-title\">CRONOGRAMA<\/span>\n                        <\/a>\n                    <\/li>\n                                        <li class=\"elementkit-nav-item elementor-repeater-item-df22d6e\">\n                        <a class=\"elementkit-nav-link  left-pos\" id=\"content-df22d6e69ceed7ac7397-tab\" data-ekit-handler-id=\"perfil-del-aspirante\" data-ekit-toggle=\"tab\" data-target=\"#content-df22d6e69ceed7ac7397\" href=\"#Content-df22d6e69ceed7ac7397\"\n                            data-ekit-toggle-trigger=\"click\"\n                            aria-describedby=\"Content-df22d6e69ceed7ac7397\">\n                                                        <span class=\"elementskit-tab-title\">PERFIL DEL ASPIRANTE<\/span>\n                        <\/a>\n                    <\/li>\n                                        <li class=\"elementkit-nav-item elementor-repeater-item-3310d4f\">\n                        <a class=\"elementkit-nav-link  left-pos\" id=\"content-3310d4f69ceed7ac7397-tab\" data-ekit-handler-id=\"inscripci-n\" data-ekit-toggle=\"tab\" data-target=\"#content-3310d4f69ceed7ac7397\" href=\"#Content-3310d4f69ceed7ac7397\"\n                            data-ekit-toggle-trigger=\"click\"\n                            aria-describedby=\"Content-3310d4f69ceed7ac7397\">\n                                                        <span class=\"elementskit-tab-title\">INSCRIPCI\u00d3N<\/span>\n                        <\/a>\n                    <\/li>\n                                <\/ul>\n\n            <div class=\"tab-content elementkit-tab-content\">\n                                    <div class=\"tab-pane elementkit-tab-pane elementor-repeater-item-45a991d  active show\" id=\"content-45a991d69ceed7ac7397\" role=\"tabpanel\"\n                         aria-labelledby=\"content-45a991d69ceed7ac7397-tab\">\n                        <div class=\"animated fadeIn\">\n                            <ul><li>Epidemiolog\u00eda<\/li><li>Epidemiolog\u00eda de las Enfermedades Metax\u00e9nicas<\/li><li>Gesti\u00f3n en Salud P\u00fablica<\/li><li>Salud Ocupacional e Higiene del Ambiente Laboral<\/li><li>Manejo Integrado de Vectores y Reservorios en Salud<\/li><li>Maestr\u00eda en Salud Colectiva<\/li><\/ul>                        <\/div>\n                    <\/div>\n                                    <div class=\"tab-pane elementkit-tab-pane elementor-repeater-item-ed257c8 \" id=\"content-ed257c869ceed7ac7397\" role=\"tabpanel\"\n                         aria-labelledby=\"content-ed257c869ceed7ac7397-tab\">\n                        <div class=\"animated fadeIn\">\n                            <ul><li>Convocatoria de nuevas cohortes a nivel nacional: <strong>Del 27\/08\/2025 al 12\/09\/2025.<\/strong><\/li><li>Recepci\u00f3n de postulaciones: <strong>Del 22 al 28\/09\/2025.<\/strong><\/li><li>Inicio formal de actividades acad\u00e9micas: <strong>lunes 29\/09\/2025.<\/strong><\/li><\/ul>                        <\/div>\n                    <\/div>\n                                    <div class=\"tab-pane elementkit-tab-pane elementor-repeater-item-df22d6e \" id=\"content-df22d6e69ceed7ac7397\" role=\"tabpanel\"\n                         aria-labelledby=\"content-df22d6e69ceed7ac7397-tab\">\n                        <div class=\"animated fadeIn\">\n                            <ul><li>Ser trabajador o trabajadora activa del <strong>Sistema P\u00fablico Nacional de Salud<\/strong> (SPNS).<\/li><li>Ser egresado(a) de Carrera Universitaria o <strong>Programa Nacional de Formaci\u00f3n<\/strong> (PNF), cuyo t\u00edtulo sea de Licenciado(a) o su equivalente.<\/li><li>Presentar la <strong>Carta de Postulaci\u00f3n<\/strong> emitida por la Autoridad \u00danica de Salud, Directores Regionales de la Red Comunal, Red Ambulatoria, Red Hospitalaria, Coordinadores de Centros de Salud, Consejos Comunales o Directores de las instituciones adscritas al SPNS donde laboren.<\/li><li>C\u00e9dula de Identidad o Pasaporte legible.<\/li><li>Constancia de culminaci\u00f3n Art\u00edculo 8 (s\u00f3lo para m\u00e9dicos).<\/li><li>Manejo instrumental de un idioma extranjero.<\/li><li>Notas certificadas de pregrado.<\/li><li><strong>Registro de Informaci\u00f3n Fiscal<\/strong> (RIF), vigente.<\/li><li>Resumen curricular simple y vigente.<\/li><li>Autorizaci\u00f3n para la difusi\u00f3n electr\u00f3nica de la producci\u00f3n cient\u00edfica y\/o trabajo especial de grado del <strong>SAIAE \u00abDr. Arnoldo Gabaldon\u00bb<\/strong> (<a href=\"https:\/\/iaes.edu.ve\/wp-content\/uploads\/2025\/06\/planilla_de_propiedad_intelectual2.doc\">descargar planilla<\/a>).<\/li><li>Deben ser presentados con vista al original en la Oficina de Control de Estudios del IAE o al Coordinador Regional del Postgrado.<\/li><\/ul>                        <\/div>\n                    <\/div>\n                                    <div class=\"tab-pane elementkit-tab-pane elementor-repeater-item-3310d4f \" id=\"content-3310d4f69ceed7ac7397\" role=\"tabpanel\"\n                         aria-labelledby=\"content-3310d4f69ceed7ac7397-tab\">\n                        <div class=\"animated fadeIn\">\n                            <p style=\"text-align: center;\"><a href=\"https:\/\/iaes.edu.ve\/wp-content\/uploads\/2025\/08\/WhatsApp-Image-2025-08-27-at-6.47.07-AM.jpeg\"><img fetchpriority=\"high\" decoding=\"async\" class=\"aligncenter wp-image-3787 size-medium\" src=\"https:\/\/iaes.edu.ve\/wp-content\/uploads\/2025\/08\/WhatsApp-Image-2025-08-27-at-6.47.07-AM-240x300.jpeg\" alt=\"\" width=\"240\" height=\"300\" srcset=\"https:\/\/iaes.edu.ve\/wp-content\/uploads\/2025\/08\/WhatsApp-Image-2025-08-27-at-6.47.07-AM-240x300.jpeg 240w, https:\/\/iaes.edu.ve\/wp-content\/uploads\/2025\/08\/WhatsApp-Image-2025-08-27-at-6.47.07-AM-819x1024.jpeg 819w, https:\/\/iaes.edu.ve\/wp-content\/uploads\/2025\/08\/WhatsApp-Image-2025-08-27-at-6.47.07-AM-768x960.jpeg 768w, https:\/\/iaes.edu.ve\/wp-content\/uploads\/2025\/08\/WhatsApp-Image-2025-08-27-at-6.47.07-AM-1229x1536.jpeg 1229w, https:\/\/iaes.edu.ve\/wp-content\/uploads\/2025\/08\/WhatsApp-Image-2025-08-27-at-6.47.07-AM.jpeg 1280w\" sizes=\"(max-width: 240px) 100vw, 240px\" \/><\/a><br \/><em><strong>Escanea el C\u00f3digo QR para tu inscripci\u00f3n<\/strong><\/em><\/p>                        <\/div>\n                    <\/div>\n                                \n            <\/div>\n                                <script type=\"application\/ld+json\">{\"@context\":\"https:\/\/schema.org\",\"@type\":\"FAQPage\",\"mainEntity\":[{\"@type\":\"Question\",\"name\":\"ESPECIALIDADES\",\"acceptedAnswer\":{\"@type\":\"Answer\",\"text\":\"<ul><li>Epidemiolog\u00eda<\/li><li>Epidemiolog\u00eda de las Enfermedades Metax\u00e9nicas<\/li><li>Gesti\u00f3n en Salud P\u00fablica<\/li><li>Salud Ocupacional e Higiene del Ambiente Laboral<\/li><li>Manejo Integrado de Vectores y Reservorios en Salud<\/li><li>Maestr\u00eda en Salud Colectiva<\/li><\/ul>\"}},{\"@type\":\"Question\",\"name\":\"CRONOGRAMA\",\"acceptedAnswer\":{\"@type\":\"Answer\",\"text\":\"<ul><li>Convocatoria de nuevas cohortes a nivel nacional: <strong>Del 27\/08\/2025 al 12\/09\/2025.<\/strong><\/li><li>Recepci\u00f3n de postulaciones: <strong>Del 22 al 28\/09\/2025.<\/strong><\/li><li>Inicio formal de actividades acad\u00e9micas: <strong>lunes 29\/09\/2025.<\/strong><\/li><\/ul>\"}},{\"@type\":\"Question\",\"name\":\"PERFIL DEL ASPIRANTE\",\"acceptedAnswer\":{\"@type\":\"Answer\",\"text\":\"<ul><li>Ser trabajador o trabajadora activa del <strong>Sistema P\u00fablico Nacional de Salud<\/strong> (SPNS).<\/li><li>Ser egresado(a) de Carrera Universitaria o <strong>Programa Nacional de Formaci\u00f3n<\/strong> (PNF), cuyo t\u00edtulo sea de Licenciado(a) o su equivalente.<\/li><li>Presentar la <strong>Carta de Postulaci\u00f3n<\/strong> emitida por la Autoridad \u00danica de Salud, Directores Regionales de la Red Comunal, Red Ambulatoria, Red Hospitalaria, Coordinadores de Centros de Salud, Consejos Comunales o Directores de las instituciones adscritas al SPNS donde laboren.<\/li><li>C\u00e9dula de Identidad o Pasaporte legible.<\/li><li>Constancia de culminaci\u00f3n Art\u00edculo 8 (s\u00f3lo para m\u00e9dicos).<\/li><li>Manejo instrumental de un idioma extranjero.<\/li><li>Notas certificadas de pregrado.<\/li><li><strong>Registro de Informaci\u00f3n Fiscal<\/strong> (RIF), vigente.<\/li><li>Resumen curricular simple y vigente.<\/li><li>Autorizaci\u00f3n para la difusi\u00f3n electr\u00f3nica de la producci\u00f3n cient\u00edfica y\/o trabajo especial de grado del <strong>SAIAE \\\"Dr. Arnoldo Gabaldon\\\"<\/strong> (<a href=\\\"https:\/\/iaes.edu.ve\/wp-content\/uploads\/2025\/06\/planilla_de_propiedad_intelectual2.doc\\\">descargar planilla<\/a>).<\/li><li>Deben ser presentados con vista al original en la Oficina de Control de Estudios del IAE o al Coordinador Regional del Postgrado.<\/li><\/ul>\"}},{\"@type\":\"Question\",\"name\":\"INSCRIPCI\u00d3N\",\"acceptedAnswer\":{\"@type\":\"Answer\",\"text\":\"<p><a href=\\\"https:\/\/iaes.edu.ve\/wp-content\/uploads\/2025\/08\/WhatsApp-Image-2025-08-27-at-6.47.07-AM.jpeg\\\"><img class=\\\"aligncenter wp-image-3787 size-medium\\\" src=\\\"https:\/\/iaes.edu.ve\/wp-content\/uploads\/2025\/08\/WhatsApp-Image-2025-08-27-at-6.47.07-AM-240x300.jpeg\\\" alt=\\\"\\\" width=\\\"240\\\" height=\\\"300\\\" \/><\/a><br \/><em><strong>Escanea el C\u00f3digo QR para tu inscripci\u00f3n<\/strong><\/em><\/p>\"}}]}<\/script>\n                            <\/div>\n    <\/div>\t\t\t\t<\/div>\n\t\t\t\t<\/div>\n\t\t\t\t\t<\/div>\n\t\t\t\t<\/div>\n\t\t<div class=\"elementor-element elementor-element-25a1a0a e-flex e-con-boxed e-con e-parent\" data-id=\"25a1a0a\" data-element_type=\"container\" data-e-type=\"container\">\n\t\t\t\t\t<div class=\"e-con-inner\">\n\t\t\t\t<div class=\"elementor-element elementor-element-cfefc88 elementor-widget-divider--view-line_icon elementor-view-default elementor-widget-divider--element-align-center elementor-widget elementor-widget-divider\" data-id=\"cfefc88\" data-element_type=\"widget\" data-e-type=\"widget\" data-widget_type=\"divider.default\">\n\t\t\t\t<div class=\"elementor-widget-container\">\n\t\t\t\t\t\t\t<div class=\"elementor-divider\">\n\t\t\t<span class=\"elementor-divider-separator\">\n\t\t\t\t\t\t\t<div class=\"elementor-icon elementor-divider__element\">\n\t\t\t\t\t<svg aria-hidden=\"true\" class=\"e-font-icon-svg e-fas-dot-circle\" viewBox=\"0 0 512 512\" xmlns=\"http:\/\/www.w3.org\/2000\/svg\"><path d=\"M256 8C119.033 8 8 119.033 8 256s111.033 248 248 248 248-111.033 248-248S392.967 8 256 8zm80 248c0 44.112-35.888 80-80 80s-80-35.888-80-80 35.888-80 80-80 80 35.888 80 80z\"><\/path><\/svg><\/div>\n\t\t\t\t\t\t<\/span>\n\t\t<\/div>\n\t\t\t\t\t\t<\/div>\n\t\t\t\t<\/div>\n\t\t\t\t\t<\/div>\n\t\t\t\t<\/div>\n\t\t<div class=\"elementor-element elementor-element-ff0dabb e-flex e-con-boxed e-con e-parent\" data-id=\"ff0dabb\" data-element_type=\"container\" data-e-type=\"container\" data-settings=\"{&quot;background_background&quot;:&quot;classic&quot;}\">\n\t\t\t\t\t<div class=\"e-con-inner\">\n\t\t\t\t<div class=\"elementor-element elementor-element-11548c2 elementor-widget elementor-widget-elementskit-heading\" data-id=\"11548c2\" data-element_type=\"widget\" data-e-type=\"widget\" data-widget_type=\"elementskit-heading.default\">\n\t\t\t\t<div class=\"elementor-widget-container\">\n\t\t\t\t\t<div class=\"ekit-wid-con\" ><div class=\"ekit-heading elementskit-section-title-wraper center   ekit_heading_tablet-   ekit_heading_mobile-\"><h2 class=\"ekit-heading--title elementskit-section-title \">IMPORTANTE<\/h2><div class=\"ekit_heading_separetor_wraper ekit_heading_elementskit-border-divider ekit-dotted\"><div class=\"elementskit-border-divider ekit-dotted\"><\/div><\/div>\t\t\t\t<div class='ekit-heading__description'>\n\t\t\t\t\t<p>Las y los aspirantes deben ubicar a la <strong>Autoridad \u00danica de Salud<\/strong> (AUS) de su estado, Directores Regionales de la Red Comunal, Red Ambulatoria, Red Hospitalaria, Coordinadores de Centros de Salud, Consejos Comunales o Directores de las instituciones adscritas al <strong>Sistema P\u00fablico Nacional de Salud<\/strong> (SPNS), para solicitar su respectiva postulaci\u00f3n.<\/p>\n\t\t\t\t<\/div>\n\t\t\t<\/div><\/div>\t\t\t\t<\/div>\n\t\t\t\t<\/div>\n\t\t\t\t\t<\/div>\n\t\t\t\t<\/div>\n\t\t<div class=\"elementor-element elementor-element-1a2a541 e-flex e-con-boxed e-con e-parent\" data-id=\"1a2a541\" data-element_type=\"container\" data-e-type=\"container\">\n\t\t\t\t\t<div class=\"e-con-inner\">\n\t\t\t\t<div class=\"elementor-element elementor-element-0ff70f9 elementor-widget elementor-widget-button\" data-id=\"0ff70f9\" data-element_type=\"widget\" data-e-type=\"widget\" data-widget_type=\"button.default\">\n\t\t\t\t<div class=\"elementor-widget-container\">\n\t\t\t\t\t\t\t\t\t<div class=\"elementor-button-wrapper\">\n\t\t\t\t\t<a class=\"elementor-button elementor-button-link elementor-size-sm elementor-animation-grow\" href=\"https:\/\/iaes.edu.ve\/?page_id=15\">\n\t\t\t\t\t\t<span class=\"elementor-button-content-wrapper\">\n\t\t\t\t\t\t<span class=\"elementor-button-icon\">\n\t\t\t\t<svg aria-hidden=\"true\" class=\"e-font-icon-svg e-fas-arrow-circle-left\" viewBox=\"0 0 512 512\" xmlns=\"http:\/\/www.w3.org\/2000\/svg\"><path d=\"M256 504C119 504 8 393 8 256S119 8 256 8s248 111 248 248-111 248-248 248zm28.9-143.6L209.4 288H392c13.3 0 24-10.7 24-24v-16c0-13.3-10.7-24-24-24H209.4l75.5-72.4c9.7-9.3 9.9-24.8.4-34.3l-11-10.9c-9.4-9.4-24.6-9.4-33.9 0L107.7 239c-9.4 9.4-9.4 24.6 0 33.9l132.7 132.7c9.4 9.4 24.6 9.4 33.9 0l11-10.9c9.5-9.5 9.3-25-.4-34.3z\"><\/path><\/svg>\t\t\t<\/span>\n\t\t\t\t\t\t\t\t\t<span class=\"elementor-button-text\">Volver<\/span>\n\t\t\t\t\t<\/span>\n\t\t\t\t\t<\/a>\n\t\t\t\t<\/div>\n\t\t\t\t\t\t\t\t<\/div>\n\t\t\t\t<\/div>\n\t\t\t\t\t<\/div>\n\t\t\t\t<\/div>\n\t\t\t\t<\/div>\n\t\t<p>Views: 16883<\/p>","protected":false},"excerpt":{"rendered":"<p>ESPECIALIDADES CRONOGRAMA PERFIL DEL ASPIRANTE INSCRIPCI\u00d3N Epidemiolog\u00eda Epidemiolog\u00eda de las Enfermedades Metax\u00e9nicas Gesti\u00f3n en Salud P\u00fablica Salud Ocupacional e Higiene del Ambiente Laboral Manejo Integrado de Vectores y Reservorios en Salud Maestr\u00eda en Salud Colectiva Convocatoria de nuevas cohortes a nivel nacional: Del 27\/08\/2025 al 12\/09\/2025. Recepci\u00f3n de postulaciones: Del 22 al 28\/09\/2025. Inicio formal [&hellip;]<\/p>\n","protected":false},"author":1,"featured_media":0,"parent":0,"menu_order":0,"comment_status":"closed","ping_status":"closed","template":"","meta":{"inline_featured_image":false,"footnotes":""},"class_list":["post-2865","page","type-page","status-publish","hentry"],"yoast_head":"<!-- This site is optimized with the Yoast SEO plugin v27.2 - https:\/\/yoast.com\/product\/yoast-seo-wordpress\/ -->\n<title>Llamado Nacional Postgrados 2025-2026 - iaes<\/title>\n<meta name=\"description\" content=\"MPPS, IAE, Arnoldo Gabaldon, Postgrados, Especialidades, SPNS, Epidemiolog\u00eda, Gesti\u00f3n en Salud P\u00fablica, Salud Ocupacional, Salud Colectiva\" \/>\n<meta name=\"robots\" content=\"index, follow, max-snippet:-1, max-image-preview:large, max-video-preview:-1\" \/>\n<link rel=\"canonical\" href=\"https:\/\/iaes.edu.ve\/?page_id=2865\" \/>\n<meta property=\"og:locale\" content=\"es_ES\" \/>\n<meta property=\"og:type\" content=\"article\" \/>\n<meta property=\"og:title\" content=\"Llamado Nacional Postgrados 2025-2026 - iaes\" \/>\n<meta property=\"og:description\" content=\"MPPS, IAE, Arnoldo Gabaldon, Postgrados, Especialidades, SPNS, Epidemiolog\u00eda, Gesti\u00f3n en Salud P\u00fablica, Salud Ocupacional, Salud Colectiva\" \/>\n<meta property=\"og:url\" content=\"https:\/\/iaes.edu.ve\/?page_id=2865\" \/>\n<meta property=\"og:site_name\" content=\"iaes\" \/>\n<meta property=\"article:publisher\" content=\"https:\/\/www.facebook.com\/IAEGabaldonOficial\" \/>\n<meta property=\"article:modified_time\" content=\"2025-08-27T15:27:55+00:00\" \/>\n<meta property=\"og:image\" content=\"https:\/\/iaes.edu.ve\/wp-content\/uploads\/2025\/08\/WhatsApp-Image-2025-08-27-at-6.47.07-AM.jpeg\" \/>\n\t<meta property=\"og:image:width\" content=\"1280\" \/>\n\t<meta property=\"og:image:height\" content=\"1600\" \/>\n\t<meta property=\"og:image:type\" content=\"image\/jpeg\" \/>\n<meta name=\"twitter:card\" content=\"summary_large_image\" \/>\n<meta name=\"twitter:site\" content=\"@iaegabaldon\" \/>\n<meta name=\"twitter:label1\" content=\"Tiempo estimado de lectura\" \/>\n\t<meta name=\"twitter:data1\" content=\"2 minutos\" \/>\n<script type=\"application\/ld+json\" class=\"yoast-schema-graph\">{\"@context\":\"https:\/\/schema.org\",\"@graph\":[{\"@type\":\"WebPage\",\"@id\":\"https:\/\/iaes.edu.ve\/?page_id=2865\",\"url\":\"https:\/\/iaes.edu.ve\/?page_id=2865\",\"name\":\"Llamado Nacional Postgrados 2025-2026 - iaes\",\"isPartOf\":{\"@id\":\"https:\/\/iaes.edu.ve\/#website\"},\"primaryImageOfPage\":{\"@id\":\"https:\/\/iaes.edu.ve\/?page_id=2865#primaryimage\"},\"image\":{\"@id\":\"https:\/\/iaes.edu.ve\/?page_id=2865#primaryimage\"},\"thumbnailUrl\":\"https:\/\/iaes.edu.ve\/wp-content\/uploads\/2025\/08\/WhatsApp-Image-2025-08-27-at-6.47.07-AM-240x300.jpeg\",\"datePublished\":\"2025-01-18T14:03:07+00:00\",\"dateModified\":\"2025-08-27T15:27:55+00:00\",\"description\":\"MPPS, IAE, Arnoldo Gabaldon, Postgrados, Especialidades, SPNS, Epidemiolog\u00eda, Gesti\u00f3n en Salud P\u00fablica, Salud Ocupacional, Salud Colectiva\",\"breadcrumb\":{\"@id\":\"https:\/\/iaes.edu.ve\/?page_id=2865#breadcrumb\"},\"inLanguage\":\"es\",\"potentialAction\":[{\"@type\":\"ReadAction\",\"target\":[\"https:\/\/iaes.edu.ve\/?page_id=2865\"]}]},{\"@type\":\"ImageObject\",\"inLanguage\":\"es\",\"@id\":\"https:\/\/iaes.edu.ve\/?page_id=2865#primaryimage\",\"url\":\"https:\/\/iaes.edu.ve\/wp-content\/uploads\/2025\/08\/WhatsApp-Image-2025-08-27-at-6.47.07-AM.jpeg\",\"contentUrl\":\"https:\/\/iaes.edu.ve\/wp-content\/uploads\/2025\/08\/WhatsApp-Image-2025-08-27-at-6.47.07-AM.jpeg\",\"width\":1280,\"height\":1600},{\"@type\":\"BreadcrumbList\",\"@id\":\"https:\/\/iaes.edu.ve\/?page_id=2865#breadcrumb\",\"itemListElement\":[{\"@type\":\"ListItem\",\"position\":1,\"name\":\"Portada\",\"item\":\"https:\/\/iaes.edu.ve\/\"},{\"@type\":\"ListItem\",\"position\":2,\"name\":\"Llamado Nacional para Nuevos Ingresos a Postgrado 2025-2026\"}]},{\"@type\":\"WebSite\",\"@id\":\"https:\/\/iaes.edu.ve\/#website\",\"url\":\"https:\/\/iaes.edu.ve\/\",\"name\":\"iaes\",\"description\":\"Formando al talento humano del Sistema P\u00fablico Nacional de Salud\",\"publisher\":{\"@id\":\"https:\/\/iaes.edu.ve\/#organization\"},\"potentialAction\":[{\"@type\":\"SearchAction\",\"target\":{\"@type\":\"EntryPoint\",\"urlTemplate\":\"https:\/\/iaes.edu.ve\/?s={search_term_string}\"},\"query-input\":{\"@type\":\"PropertyValueSpecification\",\"valueRequired\":true,\"valueName\":\"search_term_string\"}}],\"inLanguage\":\"es\"},{\"@type\":\"Organization\",\"@id\":\"https:\/\/iaes.edu.ve\/#organization\",\"name\":\"Servicio Aut\u00f3nomo Instituto de Altos Estudios Dr. Arnoldo Gabaldon\",\"alternateName\":\"IAE Dr. Arnoldo Gabaldon\",\"url\":\"https:\/\/iaes.edu.ve\/\",\"logo\":{\"@type\":\"ImageObject\",\"inLanguage\":\"es\",\"@id\":\"https:\/\/iaes.edu.ve\/#\/schema\/logo\/image\/\",\"url\":\"https:\/\/iaes.edu.ve\/wp-content\/uploads\/2024\/05\/logo-iae-hor.png\",\"contentUrl\":\"https:\/\/iaes.edu.ve\/wp-content\/uploads\/2024\/05\/logo-iae-hor.png\",\"width\":512,\"height\":170,\"caption\":\"Servicio Aut\u00f3nomo Instituto de Altos Estudios Dr. Arnoldo Gabaldon\"},\"image\":{\"@id\":\"https:\/\/iaes.edu.ve\/#\/schema\/logo\/image\/\"},\"sameAs\":[\"https:\/\/www.facebook.com\/IAEGabaldonOficial\",\"https:\/\/x.com\/iaegabaldon\",\"https:\/\/www.instagram.com\/iaegabaldon_oficial\/\",\"https:\/\/www.youtube.com\/@iaesgabaldon\"]}]}<\/script>\n<!-- \/ Yoast SEO plugin. -->","yoast_head_json":{"title":"Llamado Nacional Postgrados 2025-2026 - iaes","description":"MPPS, IAE, Arnoldo Gabaldon, Postgrados, Especialidades, SPNS, Epidemiolog\u00eda, Gesti\u00f3n en Salud P\u00fablica, Salud Ocupacional, Salud Colectiva","robots":{"index":"index","follow":"follow","max-snippet":"max-snippet:-1","max-image-preview":"max-image-preview:large","max-video-preview":"max-video-preview:-1"},"canonical":"https:\/\/iaes.edu.ve\/?page_id=2865","og_locale":"es_ES","og_type":"article","og_title":"Llamado Nacional Postgrados 2025-2026 - iaes","og_description":"MPPS, IAE, Arnoldo Gabaldon, Postgrados, Especialidades, SPNS, Epidemiolog\u00eda, Gesti\u00f3n en Salud P\u00fablica, Salud Ocupacional, Salud Colectiva","og_url":"https:\/\/iaes.edu.ve\/?page_id=2865","og_site_name":"iaes","article_publisher":"https:\/\/www.facebook.com\/IAEGabaldonOficial","article_modified_time":"2025-08-27T15:27:55+00:00","og_image":[{"width":1280,"height":1600,"url":"https:\/\/iaes.edu.ve\/wp-content\/uploads\/2025\/08\/WhatsApp-Image-2025-08-27-at-6.47.07-AM.jpeg","type":"image\/jpeg"}],"twitter_card":"summary_large_image","twitter_site":"@iaegabaldon","twitter_misc":{"Tiempo estimado de lectura":"2 minutos"},"schema":{"@context":"https:\/\/schema.org","@graph":[{"@type":"WebPage","@id":"https:\/\/iaes.edu.ve\/?page_id=2865","url":"https:\/\/iaes.edu.ve\/?page_id=2865","name":"Llamado Nacional Postgrados 2025-2026 - iaes","isPartOf":{"@id":"https:\/\/iaes.edu.ve\/#website"},"primaryImageOfPage":{"@id":"https:\/\/iaes.edu.ve\/?page_id=2865#primaryimage"},"image":{"@id":"https:\/\/iaes.edu.ve\/?page_id=2865#primaryimage"},"thumbnailUrl":"https:\/\/iaes.edu.ve\/wp-content\/uploads\/2025\/08\/WhatsApp-Image-2025-08-27-at-6.47.07-AM-240x300.jpeg","datePublished":"2025-01-18T14:03:07+00:00","dateModified":"2025-08-27T15:27:55+00:00","description":"MPPS, IAE, Arnoldo Gabaldon, Postgrados, Especialidades, SPNS, Epidemiolog\u00eda, Gesti\u00f3n en Salud P\u00fablica, Salud Ocupacional, Salud Colectiva","breadcrumb":{"@id":"https:\/\/iaes.edu.ve\/?page_id=2865#breadcrumb"},"inLanguage":"es","potentialAction":[{"@type":"ReadAction","target":["https:\/\/iaes.edu.ve\/?page_id=2865"]}]},{"@type":"ImageObject","inLanguage":"es","@id":"https:\/\/iaes.edu.ve\/?page_id=2865#primaryimage","url":"https:\/\/iaes.edu.ve\/wp-content\/uploads\/2025\/08\/WhatsApp-Image-2025-08-27-at-6.47.07-AM.jpeg","contentUrl":"https:\/\/iaes.edu.ve\/wp-content\/uploads\/2025\/08\/WhatsApp-Image-2025-08-27-at-6.47.07-AM.jpeg","width":1280,"height":1600},{"@type":"BreadcrumbList","@id":"https:\/\/iaes.edu.ve\/?page_id=2865#breadcrumb","itemListElement":[{"@type":"ListItem","position":1,"name":"Portada","item":"https:\/\/iaes.edu.ve\/"},{"@type":"ListItem","position":2,"name":"Llamado Nacional para Nuevos Ingresos a Postgrado 2025-2026"}]},{"@type":"WebSite","@id":"https:\/\/iaes.edu.ve\/#website","url":"https:\/\/iaes.edu.ve\/","name":"iaes","description":"Formando al talento humano del Sistema P\u00fablico Nacional de Salud","publisher":{"@id":"https:\/\/iaes.edu.ve\/#organization"},"potentialAction":[{"@type":"SearchAction","target":{"@type":"EntryPoint","urlTemplate":"https:\/\/iaes.edu.ve\/?s={search_term_string}"},"query-input":{"@type":"PropertyValueSpecification","valueRequired":true,"valueName":"search_term_string"}}],"inLanguage":"es"},{"@type":"Organization","@id":"https:\/\/iaes.edu.ve\/#organization","name":"Servicio Aut\u00f3nomo Instituto de Altos Estudios Dr. Arnoldo Gabaldon","alternateName":"IAE Dr. Arnoldo Gabaldon","url":"https:\/\/iaes.edu.ve\/","logo":{"@type":"ImageObject","inLanguage":"es","@id":"https:\/\/iaes.edu.ve\/#\/schema\/logo\/image\/","url":"https:\/\/iaes.edu.ve\/wp-content\/uploads\/2024\/05\/logo-iae-hor.png","contentUrl":"https:\/\/iaes.edu.ve\/wp-content\/uploads\/2024\/05\/logo-iae-hor.png","width":512,"height":170,"caption":"Servicio Aut\u00f3nomo Instituto de Altos Estudios Dr. Arnoldo Gabaldon"},"image":{"@id":"https:\/\/iaes.edu.ve\/#\/schema\/logo\/image\/"},"sameAs":["https:\/\/www.facebook.com\/IAEGabaldonOficial","https:\/\/x.com\/iaegabaldon","https:\/\/www.instagram.com\/iaegabaldon_oficial\/","https:\/\/www.youtube.com\/@iaesgabaldon"]}]}},"_links":{"self":[{"href":"https:\/\/iaes.edu.ve\/index.php?rest_route=\/wp\/v2\/pages\/2865","targetHints":{"allow":["GET"]}}],"collection":[{"href":"https:\/\/iaes.edu.ve\/index.php?rest_route=\/wp\/v2\/pages"}],"about":[{"href":"https:\/\/iaes.edu.ve\/index.php?rest_route=\/wp\/v2\/types\/page"}],"author":[{"embeddable":true,"href":"https:\/\/iaes.edu.ve\/index.php?rest_route=\/wp\/v2\/users\/1"}],"replies":[{"embeddable":true,"href":"https:\/\/iaes.edu.ve\/index.php?rest_route=%2Fwp%2Fv2%2Fcomments&post=2865"}],"version-history":[{"count":49,"href":"https:\/\/iaes.edu.ve\/index.php?rest_route=\/wp\/v2\/pages\/2865\/revisions"}],"predecessor-version":[{"id":3793,"href":"https:\/\/iaes.edu.ve\/index.php?rest_route=\/wp\/v2\/pages\/2865\/revisions\/3793"}],"wp:attachment":[{"href":"https:\/\/iaes.edu.ve\/index.php?rest_route=%2Fwp%2Fv2%2Fmedia&parent=2865"}],"curies":[{"name":"wp","href":"https:\/\/api.w.org\/{rel}","templated":true}]}}