{"id":304,"date":"2024-05-24T15:46:49","date_gmt":"2024-05-24T19:46:49","guid":{"rendered":"http:\/\/200.11.228.221\/?page_id=304"},"modified":"2024-11-04T14:05:08","modified_gmt":"2024-11-04T18:05:08","slug":"preguntas-frecuentes-instituto-de-altos-estudios-dr-arnoldo-gabaldon","status":"publish","type":"page","link":"https:\/\/iaes.edu.ve\/?page_id=304","title":{"rendered":"Preguntas Frecuentes"},"content":{"rendered":"\t\t<div data-elementor-type=\"wp-page\" data-elementor-id=\"304\" class=\"elementor elementor-304\">\n\t\t\t\t<div class=\"elementor-element elementor-element-c5547ec e-flex e-con-boxed e-con e-parent\" data-id=\"c5547ec\" data-element_type=\"container\" data-e-type=\"container\">\n\t\t\t\t\t<div class=\"e-con-inner\">\n\t\t\t\t<div class=\"elementor-element elementor-element-0cbf3bb elementor-widget elementor-widget-image\" data-id=\"0cbf3bb\" data-element_type=\"widget\" data-e-type=\"widget\" data-widget_type=\"image.default\">\n\t\t\t\t<div class=\"elementor-widget-container\">\n\t\t\t\t\t\t\t\t\t\t\t\t\t\t\t<img fetchpriority=\"high\" decoding=\"async\" width=\"640\" height=\"160\" src=\"https:\/\/iaes.edu.ve\/wp-content\/uploads\/2024\/06\/banners-preguntas.jpg\" class=\"attachment-large size-large wp-image-589\" alt=\"\" \/>\t\t\t\t\t\t\t\t\t\t\t\t\t\t\t<\/div>\n\t\t\t\t<\/div>\n\t\t\t\t\t<\/div>\n\t\t\t\t<\/div>\n\t\t\t\t<section class=\"elementor-section elementor-top-section elementor-element elementor-element-6630c964 elementor-section-boxed elementor-section-height-default elementor-section-height-default\" data-id=\"6630c964\" data-element_type=\"section\" data-e-type=\"section\" id=\"xs_faq_5\">\n\t\t\t\t\t\t<div class=\"elementor-container elementor-column-gap-default\">\n\t\t\t\t\t<div class=\"elementor-column elementor-col-100 elementor-top-column elementor-element elementor-element-2552c269\" data-id=\"2552c269\" data-element_type=\"column\" data-e-type=\"column\">\n\t\t\t<div class=\"elementor-widget-wrap elementor-element-populated\">\n\t\t\t\t\t\t<div class=\"elementor-element elementor-element-3b78412 elementor-widget elementor-widget-elementskit-heading\" data-id=\"3b78412\" data-element_type=\"widget\" data-e-type=\"widget\" data-widget_type=\"elementskit-heading.default\">\n\t\t\t\t<div class=\"elementor-widget-container\">\n\t\t\t\t\t<div class=\"ekit-wid-con\" ><div class=\"ekit-heading elementskit-section-title-wraper center   ekit_heading_tablet-   ekit_heading_mobile-\"><h2 class=\"ekit-heading--title elementskit-section-title \">Preguntas Frecuentes<\/h2><div class=\"ekit_heading_separetor_wraper ekit_heading_elementskit-border-divider ekit-dotted\"><div class=\"elementskit-border-divider ekit-dotted\"><\/div><\/div>\t\t\t\t<div class='ekit-heading__description'>\n\t\t\t\t\t<p><span style=\"font-weight: 400\">En esta secci\u00f3n te aclaramos las dudas m\u00e1s frecuentes con respecto a nuestra oferta acad\u00e9mica y dem\u00e1s tr\u00e1mites administrativos.\u00a0<\/span><\/p>\n\t\t\t\t<\/div>\n\t\t\t<\/div><\/div>\t\t\t\t<\/div>\n\t\t\t\t<\/div>\n\t\t\t\t<section class=\"elementor-section elementor-inner-section elementor-element elementor-element-609fea3a elementor-section-boxed elementor-section-height-default elementor-section-height-default\" data-id=\"609fea3a\" data-element_type=\"section\" data-e-type=\"section\">\n\t\t\t\t\t\t<div class=\"elementor-container elementor-column-gap-default\">\n\t\t\t\t\t<div class=\"elementor-column elementor-col-50 elementor-inner-column elementor-element elementor-element-3265abd6\" data-id=\"3265abd6\" data-element_type=\"column\" data-e-type=\"column\">\n\t\t\t<div class=\"elementor-widget-wrap elementor-element-populated\">\n\t\t\t\t\t\t<div class=\"elementor-element elementor-element-4d3ea251 elementor-widget elementor-widget-elementskit-faq\" data-id=\"4d3ea251\" data-element_type=\"widget\" data-e-type=\"widget\" data-widget_type=\"elementskit-faq.default\">\n\t\t\t\t<div class=\"elementor-widget-container\">\n\t\t\t\t\t<div class=\"ekit-wid-con\" >\n                <div class=\"elementskit-single-faq elementor-repeater-item-ccb3fc9\">\n            <div class=\"elementskit-faq-header\">\n                <h2 class=\"elementskit-faq-title\">\u00bfQu\u00e9 modalidad tienen los postgrados?<\/h2>\n            <\/div>\n            <div class=\"elementskit-faq-body\">\n                Todos los postgrados son Semi-Presenciales.            <\/div>\n        <\/div>\n                <div class=\"elementskit-single-faq elementor-repeater-item-1219655\">\n            <div class=\"elementskit-faq-header\">\n                <h2 class=\"elementskit-faq-title\">\u00bfLas actividades presenciales son todos los d\u00edas?<\/h2>\n            <\/div>\n            <div class=\"elementskit-faq-body\">\n                Depender\u00e1 del cronograma suministrado por cada coordinaci\u00f3n.            <\/div>\n        <\/div>\n                <div class=\"elementskit-single-faq elementor-repeater-item-31ebcfd\">\n            <div class=\"elementskit-faq-header\">\n                <h2 class=\"elementskit-faq-title\">\u00bfQu\u00e9 horario tienen las actividades acad\u00e9micas?<\/h2>\n            <\/div>\n            <div class=\"elementskit-faq-body\">\n                Cuando son presenciales ser\u00e1 de 8:00 a.m. a 4:00 p.m., en la sede que le corresponda. En caso de ser a distancia, depender\u00e1 del cronograma suministrado por la coordinaci\u00f3n a trav\u00e9s de su correo electr\u00f3nico.            <\/div>\n        <\/div>\n                <div class=\"elementskit-single-faq elementor-repeater-item-b2838c2\">\n            <div class=\"elementskit-faq-header\">\n                <h2 class=\"elementskit-faq-title\">\u00bfC\u00f3mo se desarrollan las actividades a distancia?<\/h2>\n            <\/div>\n            <div class=\"elementskit-faq-body\">\n                A trav\u00e9s de nuestra plataforma de Educaci\u00f3n a Distancia (Moodle) y a trav\u00e9s de herramientas digitales.            <\/div>\n        <\/div>\n                <div class=\"elementskit-single-faq elementor-repeater-item-8ca5a75\">\n            <div class=\"elementskit-faq-header\">\n                <h2 class=\"elementskit-faq-title\">\u00bfPuedo postularme si estoy en otro estado?<\/h2>\n            <\/div>\n            <div class=\"elementskit-faq-body\">\n                Si puede postularse, pero las clases presenciales las ver\u00e1 en el estado donde se oferto el postgrado.            <\/div>\n        <\/div>\n                <div class=\"elementskit-single-faq elementor-repeater-item-9e53e69\">\n            <div class=\"elementskit-faq-header\">\n                <h2 class=\"elementskit-faq-title\">\u00bfEl postgrado es solo para Venezuela?<\/h2>\n            <\/div>\n            <div class=\"elementskit-faq-body\">\n                Si, es solo para el territorio venezolano, en modalidad semi-presencial.            <\/div>\n        <\/div>\n                \n    <\/div>\t\t\t\t<\/div>\n\t\t\t\t<\/div>\n\t\t\t\t\t<\/div>\n\t\t<\/div>\n\t\t\t\t<div class=\"elementor-column elementor-col-50 elementor-inner-column elementor-element elementor-element-4c017195\" data-id=\"4c017195\" data-element_type=\"column\" data-e-type=\"column\">\n\t\t\t<div class=\"elementor-widget-wrap elementor-element-populated\">\n\t\t\t\t\t\t<div class=\"elementor-element elementor-element-70b7c8ca elementor-widget elementor-widget-elementskit-faq\" data-id=\"70b7c8ca\" data-element_type=\"widget\" data-e-type=\"widget\" data-widget_type=\"elementskit-faq.default\">\n\t\t\t\t<div class=\"elementor-widget-container\">\n\t\t\t\t\t<div class=\"ekit-wid-con\" >\n                <div class=\"elementskit-single-faq elementor-repeater-item-e12c595\">\n            <div class=\"elementskit-faq-header\">\n                <h2 class=\"elementskit-faq-title\">\u00bfC\u00f3mo realizo mi postulaci\u00f3n al postgrado? y \u00bfa d\u00f3nde debo dirigirme para solicitar mi postulaci\u00f3n?<\/h2>\n            <\/div>\n            <div class=\"elementskit-faq-body\">\n                Debes dirigirte al Director\/a del centro de salud donde laboras para que gestione la postulaci\u00f3n a trav\u00e9s de la Autoridad \u00danica de Salud de tu estado.            <\/div>\n        <\/div>\n                <div class=\"elementskit-single-faq elementor-repeater-item-5f94b9e\">\n            <div class=\"elementskit-faq-header\">\n                <h2 class=\"elementskit-faq-title\">\u00bfCu\u00e1nto cuesta el postgrado?<\/h2>\n            <\/div>\n            <div class=\"elementskit-faq-body\">\n                Todas nuestras especialidades son gratuitas.            <\/div>\n        <\/div>\n                <div class=\"elementskit-single-faq elementor-repeater-item-ad5f942\">\n            <div class=\"elementskit-faq-header\">\n                <h2 class=\"elementskit-faq-title\">\u00bfQu\u00e9 requisitos debo ingresar al sistema?<\/h2>\n            <\/div>\n            <div class=\"elementskit-faq-body\">\n                Los requisitos los pueden ubicar en el Centro de Descargas &gt;&gt; Control de Estudios de nuestra web oficial.            <\/div>\n        <\/div>\n                <div class=\"elementskit-single-faq elementor-repeater-item-9109314\">\n            <div class=\"elementskit-faq-header\">\n                <h2 class=\"elementskit-faq-title\">Soy m\u00e9dico, \u00bfdebo haber cumplido con el Art. 8 para poder postularme a un postgrado?<\/h2>\n            <\/div>\n            <div class=\"elementskit-faq-body\">\n                Si, es un requisito obligatorio para las y los m\u00e9dicos.            <\/div>\n        <\/div>\n                <div class=\"elementskit-single-faq elementor-repeater-item-ae9454b\">\n            <div class=\"elementskit-faq-header\">\n                <h2 class=\"elementskit-faq-title\">\u00bfEl Trabajo Especial de Grado y\/o Proyecto se puede presentar v\u00eda on-line?<\/h2>\n            <\/div>\n            <div class=\"elementskit-faq-body\">\n                Si, pueden presentarlo a trav\u00e9s de la plataforma ZOOM o cualquier otra herramienta de videoconferencia.            <\/div>\n        <\/div>\n                <div class=\"elementskit-single-faq elementor-repeater-item-aec08e2\">\n            <div class=\"elementskit-faq-header\">\n                <h2 class=\"elementskit-faq-title\">\u00bfSe pueden cursar dos postgrados a la vez dentro del instituto?<\/h2>\n            <\/div>\n            <div class=\"elementskit-faq-body\">\n                No.            <\/div>\n        <\/div>\n                \n    <\/div>\t\t\t\t<\/div>\n\t\t\t\t<\/div>\n\t\t\t\t\t<\/div>\n\t\t<\/div>\n\t\t\t\t\t<\/div>\n\t\t<\/section>\n\t\t\t\t\t<\/div>\n\t\t<\/div>\n\t\t\t\t\t<\/div>\n\t\t<\/section>\n\t\t<div class=\"elementor-element elementor-element-c5abde8 e-flex e-con-boxed e-con e-parent\" data-id=\"c5abde8\" data-element_type=\"container\" data-e-type=\"container\">\n\t\t\t\t\t<div class=\"e-con-inner\">\n\t\t<div class=\"elementor-element elementor-element-7c1a348 e-con-full e-flex e-con e-child\" data-id=\"7c1a348\" data-element_type=\"container\" data-e-type=\"container\">\n\t\t\t\t<div class=\"elementor-element elementor-element-0daf339 elementor-widget elementor-widget-heading\" data-id=\"0daf339\" data-element_type=\"widget\" data-e-type=\"widget\" data-widget_type=\"heading.default\">\n\t\t\t\t<div class=\"elementor-widget-container\">\n\t\t\t\t\t<h4 class=\"elementor-heading-title elementor-size-default\">Para m\u00e1s informaci\u00f3n env\u00edanos tu mensaje...<\/h4>\t\t\t\t<\/div>\n\t\t\t\t<\/div>\n\t\t\t\t<div class=\"elementor-element elementor-element-604c935 elementor-widget elementor-widget-image\" data-id=\"604c935\" data-element_type=\"widget\" data-e-type=\"widget\" data-widget_type=\"image.default\">\n\t\t\t\t<div class=\"elementor-widget-container\">\n\t\t\t\t\t\t\t\t\t\t\t\t\t\t\t<img decoding=\"async\" width=\"350\" height=\"350\" src=\"https:\/\/iaes.edu.ve\/wp-content\/uploads\/2024\/06\/recepcionista01.png\" class=\"attachment-large size-large wp-image-612\" alt=\"\" \/>\t\t\t\t\t\t\t\t\t\t\t\t\t\t\t<\/div>\n\t\t\t\t<\/div>\n\t\t\t\t<div class=\"elementor-element elementor-element-ffcb7e2 elementor-widget elementor-widget-heading\" data-id=\"ffcb7e2\" data-element_type=\"widget\" data-e-type=\"widget\" data-widget_type=\"heading.default\">\n\t\t\t\t<div class=\"elementor-widget-container\">\n\t\t\t\t\t<h4 class=\"elementor-heading-title elementor-size-default\">...que responderemos a la brevedad posible.<\/h4>\t\t\t\t<\/div>\n\t\t\t\t<\/div>\n\t\t\t\t<div class=\"elementor-element elementor-element-6b60294 elementor-widget elementor-widget-image\" data-id=\"6b60294\" data-element_type=\"widget\" data-e-type=\"widget\" data-widget_type=\"image.default\">\n\t\t\t\t<div class=\"elementor-widget-container\">\n\t\t\t\t\t\t\t\t\t\t\t\t\t\t\t<img decoding=\"async\" width=\"350\" height=\"150\" src=\"https:\/\/iaes.edu.ve\/wp-content\/uploads\/2024\/06\/logos-iae-mpps.png\" class=\"attachment-large size-large wp-image-617\" alt=\"\" \/>\t\t\t\t\t\t\t\t\t\t\t\t\t\t\t<\/div>\n\t\t\t\t<\/div>\n\t\t\t\t<\/div>\n\t\t<div class=\"elementor-element elementor-element-b7c2f61 e-con-full e-flex e-con e-child\" data-id=\"b7c2f61\" data-element_type=\"container\" data-e-type=\"container\">\n\t\t\t\t<div class=\"elementor-element elementor-element-f32a36d elementor-widget elementor-widget-elementskit-contact-form7\" data-id=\"f32a36d\" data-element_type=\"widget\" data-e-type=\"widget\" data-widget_type=\"elementskit-contact-form7.default\">\n\t\t\t\t<div class=\"elementor-widget-container\">\n\t\t\t\t\t<div class=\"ekit-wid-con\" ><div class=\"ekit-form\">\n<div class=\"wpcf7 no-js\" id=\"wpcf7-f2554-p304-o1\" lang=\"es-VE\" dir=\"ltr\" data-wpcf7-id=\"2554\">\n<div class=\"screen-reader-response\"><p role=\"status\" aria-live=\"polite\" aria-atomic=\"true\"><\/p> <ul><\/ul><\/div>\n<form action=\"\/?page_id=304#wpcf7-f2554-p304-o1\" method=\"post\" class=\"wpcf7-form init\" aria-label=\"Formulario de contacto\" novalidate=\"novalidate\" data-status=\"init\">\n<fieldset class=\"hidden-fields-container\"><input type=\"hidden\" name=\"_wpcf7\" value=\"2554\" \/><input type=\"hidden\" name=\"_wpcf7_version\" value=\"6.1.5\" \/><input type=\"hidden\" name=\"_wpcf7_locale\" value=\"es_VE\" \/><input type=\"hidden\" name=\"_wpcf7_unit_tag\" value=\"wpcf7-f2554-p304-o1\" \/><input type=\"hidden\" name=\"_wpcf7_container_post\" value=\"304\" \/><input type=\"hidden\" name=\"_wpcf7_posted_data_hash\" value=\"\" \/><input type=\"hidden\" name=\"_wpcf7_recaptcha_response\" value=\"\" \/>\n<\/fieldset>\n<p><label> Tu nombre<br \/>\n<span class=\"wpcf7-form-control-wrap\" data-name=\"your-name\"><input size=\"40\" maxlength=\"400\" class=\"wpcf7-form-control wpcf7-text wpcf7-validates-as-required\" autocomplete=\"name\" aria-required=\"true\" aria-invalid=\"false\" value=\"\" type=\"text\" name=\"your-name\" \/><\/span> <\/label>\n<\/p>\n<p><label> Tu correo electr\u00f3nico<br \/>\n<span class=\"wpcf7-form-control-wrap\" data-name=\"your-email\"><input size=\"40\" maxlength=\"400\" class=\"wpcf7-form-control wpcf7-email wpcf7-validates-as-required wpcf7-text wpcf7-validates-as-email\" autocomplete=\"email\" aria-required=\"true\" aria-invalid=\"false\" value=\"\" type=\"email\" name=\"your-email\" \/><\/span> <\/label>\n<\/p>\n<p><label> Tu tel\u00e9fono<br \/>\n<span class=\"wpcf7-form-control-wrap\" data-name=\"tel-757\"><input size=\"40\" maxlength=\"400\" class=\"wpcf7-form-control wpcf7-tel wpcf7-validates-as-required wpcf7-text wpcf7-validates-as-tel\" aria-required=\"true\" aria-invalid=\"false\" value=\"\" type=\"tel\" name=\"tel-757\" \/><\/span> <\/label>\n<\/p>\n<p><label> Asunto<br \/>\n<span class=\"wpcf7-form-control-wrap\" data-name=\"your-subject\"><input size=\"40\" maxlength=\"400\" class=\"wpcf7-form-control wpcf7-text wpcf7-validates-as-required\" aria-required=\"true\" aria-invalid=\"false\" value=\"\" type=\"text\" name=\"your-subject\" \/><\/span> <\/label>\n<\/p>\n<p><label> Tu mensaje (opcional)<br \/>\n<span class=\"wpcf7-form-control-wrap\" data-name=\"your-message\"><textarea cols=\"40\" rows=\"10\" maxlength=\"2000\" class=\"wpcf7-form-control wpcf7-textarea\" aria-invalid=\"false\" name=\"your-message\"><\/textarea><\/span> <\/label>\n<\/p>\n<p><input class=\"wpcf7-form-control wpcf7-submit has-spinner\" type=\"submit\" value=\"Enviar\" \/>\n<\/p><input type='hidden' class='wpcf7-pum' value='{\"closepopup\":false,\"closedelay\":0,\"openpopup\":false,\"openpopup_id\":0}' \/><div class=\"wpcf7-response-output\" aria-hidden=\"true\"><\/div>\n<\/form>\n<\/div>\n<\/div><\/div>\t\t\t\t<\/div>\n\t\t\t\t<\/div>\n\t\t\t\t<\/div>\n\t\t\t\t\t<\/div>\n\t\t\t\t<\/div>\n\t\t\t\t<\/div>\n\t\t<p>Views: 1002<\/p>","protected":false},"excerpt":{"rendered":"<p>Preguntas Frecuentes En esta secci\u00f3n te aclaramos las dudas m\u00e1s frecuentes con respecto a nuestra oferta acad\u00e9mica y dem\u00e1s tr\u00e1mites administrativos.\u00a0 \u00bfQu\u00e9 modalidad tienen los postgrados? Todos los postgrados son Semi-Presenciales. \u00bfLas actividades presenciales son todos los d\u00edas? Depender\u00e1 del cronograma suministrado por cada coordinaci\u00f3n. \u00bfQu\u00e9 horario tienen las actividades acad\u00e9micas? Cuando son presenciales ser\u00e1 [&hellip;]<\/p>\n","protected":false},"author":1,"featured_media":0,"parent":0,"menu_order":0,"comment_status":"closed","ping_status":"closed","template":"","meta":{"inline_featured_image":false,"footnotes":""},"class_list":["post-304","page","type-page","status-publish","hentry"],"yoast_head":"<!-- This site is optimized with the Yoast SEO plugin v27.4 - https:\/\/yoast.com\/product\/yoast-seo-wordpress\/ -->\n<title>Preguntas Frecuentes - iaes<\/title>\n<meta name=\"description\" content=\"Salud P\u00fablica, Salud Ocupacional, Epidemiolog\u00eda, Enfermedades Metax\u00e9nicas, Salud Colectiva, Investigaci\u00f3n, Interacci\u00f3n Social, Cursos, FAQ&#039;s\" \/>\n<meta name=\"robots\" content=\"index, follow, max-snippet:-1, max-image-preview:large, max-video-preview:-1\" \/>\n<link rel=\"canonical\" href=\"https:\/\/iaes.edu.ve\/?page_id=304\" \/>\n<meta property=\"og:locale\" content=\"es_ES\" \/>\n<meta property=\"og:type\" content=\"article\" \/>\n<meta property=\"og:title\" content=\"Preguntas Frecuentes - iaes\" \/>\n<meta property=\"og:description\" content=\"Salud P\u00fablica, Salud Ocupacional, Epidemiolog\u00eda, Enfermedades Metax\u00e9nicas, Salud Colectiva, Investigaci\u00f3n, Interacci\u00f3n Social, Cursos, FAQ&#039;s\" \/>\n<meta property=\"og:url\" content=\"https:\/\/iaes.edu.ve\/?page_id=304\" \/>\n<meta property=\"og:site_name\" content=\"iaes\" \/>\n<meta property=\"article:publisher\" content=\"https:\/\/www.facebook.com\/IAEGabaldonOficial\" \/>\n<meta property=\"article:modified_time\" content=\"2024-11-04T18:05:08+00:00\" \/>\n<meta property=\"og:image\" content=\"https:\/\/iaes.edu.ve\/wp-content\/uploads\/2024\/06\/banners-preguntas.jpg\" \/>\n<meta name=\"twitter:card\" content=\"summary_large_image\" \/>\n<meta name=\"twitter:site\" content=\"@iaegabaldon\" \/>\n<meta name=\"twitter:label1\" content=\"Tiempo estimado de lectura\" \/>\n\t<meta name=\"twitter:data1\" content=\"3 minutos\" \/>\n<script type=\"application\/ld+json\" class=\"yoast-schema-graph\">{\"@context\":\"https:\\\/\\\/schema.org\",\"@graph\":[{\"@type\":\"WebPage\",\"@id\":\"https:\\\/\\\/iaes.edu.ve\\\/?page_id=304\",\"url\":\"https:\\\/\\\/iaes.edu.ve\\\/?page_id=304\",\"name\":\"Preguntas Frecuentes - iaes\",\"isPartOf\":{\"@id\":\"https:\\\/\\\/iaes.edu.ve\\\/#website\"},\"primaryImageOfPage\":{\"@id\":\"https:\\\/\\\/iaes.edu.ve\\\/?page_id=304#primaryimage\"},\"image\":{\"@id\":\"https:\\\/\\\/iaes.edu.ve\\\/?page_id=304#primaryimage\"},\"thumbnailUrl\":\"https:\\\/\\\/iaes.edu.ve\\\/wp-content\\\/uploads\\\/2024\\\/06\\\/banners-preguntas.jpg\",\"datePublished\":\"2024-05-24T19:46:49+00:00\",\"dateModified\":\"2024-11-04T18:05:08+00:00\",\"description\":\"Salud P\u00fablica, Salud Ocupacional, Epidemiolog\u00eda, Enfermedades Metax\u00e9nicas, Salud Colectiva, Investigaci\u00f3n, Interacci\u00f3n Social, Cursos, FAQ's\",\"breadcrumb\":{\"@id\":\"https:\\\/\\\/iaes.edu.ve\\\/?page_id=304#breadcrumb\"},\"inLanguage\":\"es\",\"potentialAction\":[{\"@type\":\"ReadAction\",\"target\":[\"https:\\\/\\\/iaes.edu.ve\\\/?page_id=304\"]}]},{\"@type\":\"ImageObject\",\"inLanguage\":\"es\",\"@id\":\"https:\\\/\\\/iaes.edu.ve\\\/?page_id=304#primaryimage\",\"url\":\"https:\\\/\\\/iaes.edu.ve\\\/wp-content\\\/uploads\\\/2024\\\/06\\\/banners-preguntas.jpg\",\"contentUrl\":\"https:\\\/\\\/iaes.edu.ve\\\/wp-content\\\/uploads\\\/2024\\\/06\\\/banners-preguntas.jpg\",\"width\":1600,\"height\":400},{\"@type\":\"BreadcrumbList\",\"@id\":\"https:\\\/\\\/iaes.edu.ve\\\/?page_id=304#breadcrumb\",\"itemListElement\":[{\"@type\":\"ListItem\",\"position\":1,\"name\":\"Portada\",\"item\":\"https:\\\/\\\/iaes.edu.ve\\\/\"},{\"@type\":\"ListItem\",\"position\":2,\"name\":\"Preguntas Frecuentes\"}]},{\"@type\":\"WebSite\",\"@id\":\"https:\\\/\\\/iaes.edu.ve\\\/#website\",\"url\":\"https:\\\/\\\/iaes.edu.ve\\\/\",\"name\":\"iaes\",\"description\":\"Formando al talento humano del Sistema P\u00fablico Nacional de Salud\",\"publisher\":{\"@id\":\"https:\\\/\\\/iaes.edu.ve\\\/#organization\"},\"potentialAction\":[{\"@type\":\"SearchAction\",\"target\":{\"@type\":\"EntryPoint\",\"urlTemplate\":\"https:\\\/\\\/iaes.edu.ve\\\/?s={search_term_string}\"},\"query-input\":{\"@type\":\"PropertyValueSpecification\",\"valueRequired\":true,\"valueName\":\"search_term_string\"}}],\"inLanguage\":\"es\"},{\"@type\":\"Organization\",\"@id\":\"https:\\\/\\\/iaes.edu.ve\\\/#organization\",\"name\":\"Servicio Aut\u00f3nomo Instituto de Altos Estudios Dr. Arnoldo Gabaldon\",\"alternateName\":\"IAE Dr. Arnoldo Gabaldon\",\"url\":\"https:\\\/\\\/iaes.edu.ve\\\/\",\"logo\":{\"@type\":\"ImageObject\",\"inLanguage\":\"es\",\"@id\":\"https:\\\/\\\/iaes.edu.ve\\\/#\\\/schema\\\/logo\\\/image\\\/\",\"url\":\"https:\\\/\\\/iaes.edu.ve\\\/wp-content\\\/uploads\\\/2024\\\/05\\\/logo-iae-hor.png\",\"contentUrl\":\"https:\\\/\\\/iaes.edu.ve\\\/wp-content\\\/uploads\\\/2024\\\/05\\\/logo-iae-hor.png\",\"width\":512,\"height\":170,\"caption\":\"Servicio Aut\u00f3nomo Instituto de Altos Estudios Dr. Arnoldo Gabaldon\"},\"image\":{\"@id\":\"https:\\\/\\\/iaes.edu.ve\\\/#\\\/schema\\\/logo\\\/image\\\/\"},\"sameAs\":[\"https:\\\/\\\/www.facebook.com\\\/IAEGabaldonOficial\",\"https:\\\/\\\/x.com\\\/iaegabaldon\",\"https:\\\/\\\/www.instagram.com\\\/iaegabaldon_oficial\\\/\",\"https:\\\/\\\/www.youtube.com\\\/@iaesgabaldon\"]}]}<\/script>\n<!-- \/ Yoast SEO plugin. -->","yoast_head_json":{"title":"Preguntas Frecuentes - iaes","description":"Salud P\u00fablica, Salud Ocupacional, Epidemiolog\u00eda, Enfermedades Metax\u00e9nicas, Salud Colectiva, Investigaci\u00f3n, Interacci\u00f3n Social, Cursos, FAQ's","robots":{"index":"index","follow":"follow","max-snippet":"max-snippet:-1","max-image-preview":"max-image-preview:large","max-video-preview":"max-video-preview:-1"},"canonical":"https:\/\/iaes.edu.ve\/?page_id=304","og_locale":"es_ES","og_type":"article","og_title":"Preguntas Frecuentes - iaes","og_description":"Salud P\u00fablica, Salud Ocupacional, Epidemiolog\u00eda, Enfermedades Metax\u00e9nicas, Salud Colectiva, Investigaci\u00f3n, Interacci\u00f3n Social, Cursos, FAQ's","og_url":"https:\/\/iaes.edu.ve\/?page_id=304","og_site_name":"iaes","article_publisher":"https:\/\/www.facebook.com\/IAEGabaldonOficial","article_modified_time":"2024-11-04T18:05:08+00:00","og_image":[{"url":"https:\/\/iaes.edu.ve\/wp-content\/uploads\/2024\/06\/banners-preguntas.jpg","type":"","width":"","height":""}],"twitter_card":"summary_large_image","twitter_site":"@iaegabaldon","twitter_misc":{"Tiempo estimado de lectura":"3 minutos"},"schema":{"@context":"https:\/\/schema.org","@graph":[{"@type":"WebPage","@id":"https:\/\/iaes.edu.ve\/?page_id=304","url":"https:\/\/iaes.edu.ve\/?page_id=304","name":"Preguntas Frecuentes - iaes","isPartOf":{"@id":"https:\/\/iaes.edu.ve\/#website"},"primaryImageOfPage":{"@id":"https:\/\/iaes.edu.ve\/?page_id=304#primaryimage"},"image":{"@id":"https:\/\/iaes.edu.ve\/?page_id=304#primaryimage"},"thumbnailUrl":"https:\/\/iaes.edu.ve\/wp-content\/uploads\/2024\/06\/banners-preguntas.jpg","datePublished":"2024-05-24T19:46:49+00:00","dateModified":"2024-11-04T18:05:08+00:00","description":"Salud P\u00fablica, Salud Ocupacional, Epidemiolog\u00eda, Enfermedades Metax\u00e9nicas, Salud Colectiva, Investigaci\u00f3n, Interacci\u00f3n Social, Cursos, FAQ's","breadcrumb":{"@id":"https:\/\/iaes.edu.ve\/?page_id=304#breadcrumb"},"inLanguage":"es","potentialAction":[{"@type":"ReadAction","target":["https:\/\/iaes.edu.ve\/?page_id=304"]}]},{"@type":"ImageObject","inLanguage":"es","@id":"https:\/\/iaes.edu.ve\/?page_id=304#primaryimage","url":"https:\/\/iaes.edu.ve\/wp-content\/uploads\/2024\/06\/banners-preguntas.jpg","contentUrl":"https:\/\/iaes.edu.ve\/wp-content\/uploads\/2024\/06\/banners-preguntas.jpg","width":1600,"height":400},{"@type":"BreadcrumbList","@id":"https:\/\/iaes.edu.ve\/?page_id=304#breadcrumb","itemListElement":[{"@type":"ListItem","position":1,"name":"Portada","item":"https:\/\/iaes.edu.ve\/"},{"@type":"ListItem","position":2,"name":"Preguntas Frecuentes"}]},{"@type":"WebSite","@id":"https:\/\/iaes.edu.ve\/#website","url":"https:\/\/iaes.edu.ve\/","name":"iaes","description":"Formando al talento humano del Sistema P\u00fablico Nacional de Salud","publisher":{"@id":"https:\/\/iaes.edu.ve\/#organization"},"potentialAction":[{"@type":"SearchAction","target":{"@type":"EntryPoint","urlTemplate":"https:\/\/iaes.edu.ve\/?s={search_term_string}"},"query-input":{"@type":"PropertyValueSpecification","valueRequired":true,"valueName":"search_term_string"}}],"inLanguage":"es"},{"@type":"Organization","@id":"https:\/\/iaes.edu.ve\/#organization","name":"Servicio Aut\u00f3nomo Instituto de Altos Estudios Dr. Arnoldo Gabaldon","alternateName":"IAE Dr. Arnoldo Gabaldon","url":"https:\/\/iaes.edu.ve\/","logo":{"@type":"ImageObject","inLanguage":"es","@id":"https:\/\/iaes.edu.ve\/#\/schema\/logo\/image\/","url":"https:\/\/iaes.edu.ve\/wp-content\/uploads\/2024\/05\/logo-iae-hor.png","contentUrl":"https:\/\/iaes.edu.ve\/wp-content\/uploads\/2024\/05\/logo-iae-hor.png","width":512,"height":170,"caption":"Servicio Aut\u00f3nomo Instituto de Altos Estudios Dr. Arnoldo Gabaldon"},"image":{"@id":"https:\/\/iaes.edu.ve\/#\/schema\/logo\/image\/"},"sameAs":["https:\/\/www.facebook.com\/IAEGabaldonOficial","https:\/\/x.com\/iaegabaldon","https:\/\/www.instagram.com\/iaegabaldon_oficial\/","https:\/\/www.youtube.com\/@iaesgabaldon"]}]}},"_links":{"self":[{"href":"https:\/\/iaes.edu.ve\/index.php?rest_route=\/wp\/v2\/pages\/304","targetHints":{"allow":["GET"]}}],"collection":[{"href":"https:\/\/iaes.edu.ve\/index.php?rest_route=\/wp\/v2\/pages"}],"about":[{"href":"https:\/\/iaes.edu.ve\/index.php?rest_route=\/wp\/v2\/types\/page"}],"author":[{"embeddable":true,"href":"https:\/\/iaes.edu.ve\/index.php?rest_route=\/wp\/v2\/users\/1"}],"replies":[{"embeddable":true,"href":"https:\/\/iaes.edu.ve\/index.php?rest_route=%2Fwp%2Fv2%2Fcomments&post=304"}],"version-history":[{"count":37,"href":"https:\/\/iaes.edu.ve\/index.php?rest_route=\/wp\/v2\/pages\/304\/revisions"}],"predecessor-version":[{"id":2557,"href":"https:\/\/iaes.edu.ve\/index.php?rest_route=\/wp\/v2\/pages\/304\/revisions\/2557"}],"wp:attachment":[{"href":"https:\/\/iaes.edu.ve\/index.php?rest_route=%2Fwp%2Fv2%2Fmedia&parent=304"}],"curies":[{"name":"wp","href":"https:\/\/api.w.org\/{rel}","templated":true}]}}