{"id":5837,"date":"2025-02-19T13:25:38","date_gmt":"2025-02-19T17:25:38","guid":{"rendered":"https:\/\/iaes.edu.ve\/?page_id=5837"},"modified":"2026-05-05T10:59:53","modified_gmt":"2026-05-05T14:59:53","slug":"viii-jornadas-de-salud-ocupacional-e-higiene-del-ambiente-laboral","status":"publish","type":"page","link":"https:\/\/iaes.edu.ve\/?page_id=5837","title":{"rendered":"VIII Jornadas de Salud Ocupacional e Higiene del Ambiente Laboral"},"content":{"rendered":"\t\t<div data-elementor-type=\"wp-page\" data-elementor-id=\"5837\" class=\"elementor elementor-5837\">\n\t\t\t\t<div class=\"elementor-element elementor-element-2c09fee e-flex e-con-boxed e-con e-parent\" data-id=\"2c09fee\" data-element_type=\"container\" data-e-type=\"container\">\n\t\t\t\t\t<div class=\"e-con-inner\">\n\t\t\t\t<div class=\"elementor-element elementor-element-b461970 elementor-widget elementor-widget-image\" data-id=\"b461970\" data-element_type=\"widget\" data-e-type=\"widget\" data-widget_type=\"image.default\">\n\t\t\t\t<div class=\"elementor-widget-container\">\n\t\t\t\t\t\t\t\t\t\t\t\t\t\t\t<img fetchpriority=\"high\" decoding=\"async\" width=\"2560\" height=\"800\" src=\"https:\/\/iaes.edu.ve\/wp-content\/uploads\/2026\/05\/banner-sohal-01-scaled.jpg\" class=\"attachment-full size-full wp-image-5841\" alt=\"\" srcset=\"https:\/\/iaes.edu.ve\/wp-content\/uploads\/2026\/05\/banner-sohal-01-scaled.jpg 2560w, https:\/\/iaes.edu.ve\/wp-content\/uploads\/2026\/05\/banner-sohal-01-300x94.jpg 300w, https:\/\/iaes.edu.ve\/wp-content\/uploads\/2026\/05\/banner-sohal-01-1024x320.jpg 1024w, https:\/\/iaes.edu.ve\/wp-content\/uploads\/2026\/05\/banner-sohal-01-768x240.jpg 768w, https:\/\/iaes.edu.ve\/wp-content\/uploads\/2026\/05\/banner-sohal-01-1536x480.jpg 1536w, https:\/\/iaes.edu.ve\/wp-content\/uploads\/2026\/05\/banner-sohal-01-2048x640.jpg 2048w\" sizes=\"(max-width: 2560px) 100vw, 2560px\" \/>\t\t\t\t\t\t\t\t\t\t\t\t\t\t\t<\/div>\n\t\t\t\t<\/div>\n\t\t\t\t\t<\/div>\n\t\t\t\t<\/div>\n\t\t<div class=\"elementor-element elementor-element-ea73ab6 e-flex e-con-boxed e-con e-parent\" data-id=\"ea73ab6\" data-element_type=\"container\" data-e-type=\"container\">\n\t\t\t\t\t<div class=\"e-con-inner\">\n\t\t\t\t<div class=\"elementor-element elementor-element-f54f4d7 elementor-widget elementor-widget-text-editor\" data-id=\"f54f4d7\" data-element_type=\"widget\" data-e-type=\"widget\" data-widget_type=\"text-editor.default\">\n\t\t\t\t<div class=\"elementor-widget-container\">\n\t\t\t\t\t\t\t\t\t<p><strong>Fecha:<\/strong> 29 de abril de 2026<\/p><p><strong>Modalidad:<\/strong> <span style=\"color: #0000ff;\"><strong>PRESENCIAL<\/strong> <\/span>en el sal\u00f3n \u00abHaydee Mireles\u00bb del SAIAE \u00b7Dr. Arnoldo Gabaldon\u00bb &#8211; Maracay, Edo. Aragua\u00a0\u00a0<\/p><p><strong>Evento:<\/strong> Totalmente gratuito y de acceso libre. Se entregar\u00e1 Certificado de Participaci\u00f3n en formato digital.<\/p><p><strong>Contacto: <a href=\"mpps.iae.sohal@gmail.com\">mpps.iae.sohal@gmail.com<\/a><\/strong><\/p>\t\t\t\t\t\t\t\t<\/div>\n\t\t\t\t<\/div>\n\t\t\t\t\t<\/div>\n\t\t\t\t<\/div>\n\t\t<div class=\"elementor-element elementor-element-9bc16c4 e-con-full e-flex e-con e-parent\" data-id=\"9bc16c4\" data-element_type=\"container\" data-e-type=\"container\">\n\t\t\t\t<div class=\"elementor-element elementor-element-372a5d4 elementor-widget-divider--view-line_icon elementor-view-default elementor-widget-divider--element-align-center elementor-widget elementor-widget-divider\" data-id=\"372a5d4\" data-element_type=\"widget\" data-e-type=\"widget\" data-widget_type=\"divider.default\">\n\t\t\t\t<div class=\"elementor-widget-container\">\n\t\t\t\t\t\t\t<div class=\"elementor-divider\">\n\t\t\t<span class=\"elementor-divider-separator\">\n\t\t\t\t\t\t\t<div class=\"elementor-icon elementor-divider__element\">\n\t\t\t\t\t<svg aria-hidden=\"true\" class=\"e-font-icon-svg e-fas-dot-circle\" viewBox=\"0 0 512 512\" xmlns=\"http:\/\/www.w3.org\/2000\/svg\"><path d=\"M256 8C119.033 8 8 119.033 8 256s111.033 248 248 248 248-111.033 248-248S392.967 8 256 8zm80 248c0 44.112-35.888 80-80 80s-80-35.888-80-80 35.888-80 80-80 80 35.888 80 80z\"><\/path><\/svg><\/div>\n\t\t\t\t\t\t<\/span>\n\t\t<\/div>\n\t\t\t\t\t\t<\/div>\n\t\t\t\t<\/div>\n\t\t\t\t<\/div>\n\t\t<div class=\"elementor-element elementor-element-b3a7707 e-flex e-con-boxed e-con e-parent\" data-id=\"b3a7707\" data-element_type=\"container\" data-e-type=\"container\">\n\t\t\t\t\t<div class=\"e-con-inner\">\n\t\t\t\t<div class=\"elementor-element elementor-element-8b12f63 elementor-widget elementor-widget-text-editor\" data-id=\"8b12f63\" data-element_type=\"widget\" data-e-type=\"widget\" data-widget_type=\"text-editor.default\">\n\t\t\t\t<div class=\"elementor-widget-container\">\n\t\t\t\t\t\t\t\t\t<p><strong>JUSTIFICACI\u00d3N<\/strong><\/p><p>El conocimiento que se genera en estas importantes jornadas, permitir\u00e1 Proteger la integridad f\u00edsica y mental de los trabajadores, reducir enfermedades profesionales, accidentes y cumplir con normativas legales. Estas actividades dan luces innovadoras para aumentar la productividad, mejorar la motivaci\u00f3n y reducir costos, adem\u00e1s de fomentar una cultura de prevenci\u00f3n y autocuidado de manera hol\u00edstica en beneficio de la salud del trabajador y por ende su repercusi\u00f3n en lo social, familiar y otros.<\/p><p><b>PROP\u00d3SITO<br \/><\/b>Ampliaci\u00f3n y Perfeccionamiento para promover y proteger el bienestar integral de los trabajadores, previniendo accidentes y enfermedades laborales a trav\u00e9s de la identificaci\u00f3n, evaluaci\u00f3n y control de riesgos f\u00edsicos, qu\u00edmicos, biol\u00f3gicos y ergon\u00f3micos en el entorno de trabajo.<\/p>\t\t\t\t\t\t\t\t<\/div>\n\t\t\t\t<\/div>\n\t\t\t\t\t<\/div>\n\t\t\t\t<\/div>\n\t\t<div class=\"elementor-element elementor-element-5114ded e-con-full e-flex e-con e-parent\" data-id=\"5114ded\" data-element_type=\"container\" data-e-type=\"container\">\n\t\t\t\t<div class=\"elementor-element elementor-element-dd32da6 elementor-widget-divider--view-line_icon elementor-view-default elementor-widget-divider--element-align-center elementor-widget elementor-widget-divider\" data-id=\"dd32da6\" data-element_type=\"widget\" data-e-type=\"widget\" data-widget_type=\"divider.default\">\n\t\t\t\t<div class=\"elementor-widget-container\">\n\t\t\t\t\t\t\t<div class=\"elementor-divider\">\n\t\t\t<span class=\"elementor-divider-separator\">\n\t\t\t\t\t\t\t<div class=\"elementor-icon elementor-divider__element\">\n\t\t\t\t\t<svg aria-hidden=\"true\" class=\"e-font-icon-svg e-fas-dot-circle\" viewBox=\"0 0 512 512\" xmlns=\"http:\/\/www.w3.org\/2000\/svg\"><path d=\"M256 8C119.033 8 8 119.033 8 256s111.033 248 248 248 248-111.033 248-248S392.967 8 256 8zm80 248c0 44.112-35.888 80-80 80s-80-35.888-80-80 35.888-80 80-80 80 35.888 80 80z\"><\/path><\/svg><\/div>\n\t\t\t\t\t\t<\/span>\n\t\t<\/div>\n\t\t\t\t\t\t<\/div>\n\t\t\t\t<\/div>\n\t\t\t\t<\/div>\n\t\t<div class=\"elementor-element elementor-element-6e907cf e-flex e-con-boxed e-con e-parent\" data-id=\"6e907cf\" data-element_type=\"container\" data-e-type=\"container\">\n\t\t\t\t\t<div class=\"e-con-inner\">\n\t\t<div class=\"elementor-element elementor-element-eae2836 e-con-full e-flex e-con e-child\" data-id=\"eae2836\" data-element_type=\"container\" data-e-type=\"container\">\n\t\t<div class=\"elementor-element elementor-element-d723c2a e-con-full e-flex e-con e-child\" data-id=\"d723c2a\" data-element_type=\"container\" data-e-type=\"container\">\n\t\t\t\t<div class=\"elementor-element elementor-element-b2f539c elementor-widget elementor-widget-heading\" data-id=\"b2f539c\" data-element_type=\"widget\" data-e-type=\"widget\" data-widget_type=\"heading.default\">\n\t\t\t\t<div class=\"elementor-widget-container\">\n\t\t\t\t\t<h5 class=\"elementor-heading-title elementor-size-default\">Flyer Promocional de \nlas Jornadas e Inscripci\u00f3n<\/h5>\t\t\t\t<\/div>\n\t\t\t\t<\/div>\n\t\t\t\t<\/div>\n\t\t\t\t<div class=\"elementor-element elementor-element-b6939b5 elementor-widget elementor-widget-image\" data-id=\"b6939b5\" data-element_type=\"widget\" data-e-type=\"widget\" data-widget_type=\"image.default\">\n\t\t\t\t<div class=\"elementor-widget-container\">\n\t\t\t\t\t\t\t\t\t\t\t\t<figure class=\"wp-caption\">\n\t\t\t\t\t\t\t\t\t\t\t<a href=\"https:\/\/iaes.edu.ve\/wp-content\/uploads\/2026\/05\/Flyer-SOHAL-07-scaled.jpg\" data-elementor-open-lightbox=\"yes\" data-elementor-lightbox-title=\"Flyer SOHAL-07\" data-e-action-hash=\"#elementor-action%3Aaction%3Dlightbox%26settings%3DeyJpZCI6NTg0MiwidXJsIjoiaHR0cHM6XC9cL2lhZXMuZWR1LnZlXC93cC1jb250ZW50XC91cGxvYWRzXC8yMDI2XC8wNVwvRmx5ZXItU09IQUwtMDctc2NhbGVkLmpwZyJ9\">\n\t\t\t\t\t\t\t<img decoding=\"async\" width=\"240\" height=\"300\" src=\"https:\/\/iaes.edu.ve\/wp-content\/uploads\/2026\/05\/Flyer-SOHAL-07-240x300.jpg\" class=\"attachment-medium size-medium wp-image-5842\" alt=\"\" srcset=\"https:\/\/iaes.edu.ve\/wp-content\/uploads\/2026\/05\/Flyer-SOHAL-07-240x300.jpg 240w, https:\/\/iaes.edu.ve\/wp-content\/uploads\/2026\/05\/Flyer-SOHAL-07-819x1024.jpg 819w, https:\/\/iaes.edu.ve\/wp-content\/uploads\/2026\/05\/Flyer-SOHAL-07-768x960.jpg 768w, https:\/\/iaes.edu.ve\/wp-content\/uploads\/2026\/05\/Flyer-SOHAL-07-1229x1536.jpg 1229w, https:\/\/iaes.edu.ve\/wp-content\/uploads\/2026\/05\/Flyer-SOHAL-07-1639x2048.jpg 1639w, https:\/\/iaes.edu.ve\/wp-content\/uploads\/2026\/05\/Flyer-SOHAL-07-scaled.jpg 2048w\" sizes=\"(max-width: 240px) 100vw, 240px\" \/>\t\t\t\t\t\t\t\t<\/a>\n\t\t\t\t\t\t\t\t\t\t\t<figcaption class=\"widget-image-caption wp-caption-text\">Escanea el C\u00f3digo QR e inscr\u00edbete<\/figcaption>\n\t\t\t\t\t\t\t\t\t\t<\/figure>\n\t\t\t\t\t\t\t\t\t<\/div>\n\t\t\t\t<\/div>\n\t\t\t\t<\/div>\n\t\t\t\t\t<\/div>\n\t\t\t\t<\/div>\n\t\t<div class=\"elementor-element elementor-element-bdd78c7 e-con-full e-flex e-con e-parent\" data-id=\"bdd78c7\" data-element_type=\"container\" data-e-type=\"container\">\n\t\t\t\t<div class=\"elementor-element elementor-element-09ed09e elementor-widget-divider--view-line_icon elementor-view-default elementor-widget-divider--element-align-center elementor-widget elementor-widget-divider\" data-id=\"09ed09e\" data-element_type=\"widget\" data-e-type=\"widget\" data-widget_type=\"divider.default\">\n\t\t\t\t<div class=\"elementor-widget-container\">\n\t\t\t\t\t\t\t<div class=\"elementor-divider\">\n\t\t\t<span class=\"elementor-divider-separator\">\n\t\t\t\t\t\t\t<div class=\"elementor-icon elementor-divider__element\">\n\t\t\t\t\t<svg aria-hidden=\"true\" class=\"e-font-icon-svg e-fas-dot-circle\" viewBox=\"0 0 512 512\" xmlns=\"http:\/\/www.w3.org\/2000\/svg\"><path d=\"M256 8C119.033 8 8 119.033 8 256s111.033 248 248 248 248-111.033 248-248S392.967 8 256 8zm80 248c0 44.112-35.888 80-80 80s-80-35.888-80-80 35.888-80 80-80 80 35.888 80 80z\"><\/path><\/svg><\/div>\n\t\t\t\t\t\t<\/span>\n\t\t<\/div>\n\t\t\t\t\t\t<\/div>\n\t\t\t\t<\/div>\n\t\t\t\t<\/div>\n\t\t<div class=\"elementor-element elementor-element-17b3c54 e-flex e-con-boxed e-con e-parent\" data-id=\"17b3c54\" data-element_type=\"container\" data-e-type=\"container\">\n\t\t\t\t\t<div class=\"e-con-inner\">\n\t\t<div class=\"elementor-element elementor-element-db6ca12 e-con-full e-flex e-con e-child\" data-id=\"db6ca12\" data-element_type=\"container\" data-e-type=\"container\">\n\t\t\t\t<div class=\"elementor-element elementor-element-ac93626 elementor-widget elementor-widget-text-editor\" data-id=\"ac93626\" data-element_type=\"widget\" data-e-type=\"widget\" data-widget_type=\"text-editor.default\">\n\t\t\t\t<div class=\"elementor-widget-container\">\n\t\t\t\t\t\t\t\t\t<p><strong>DIRIGIDO A:<\/strong><\/p><ul><li>Direcci\u00f3n General de Programas de Salud.<\/li><li>Viceministro de Salud Colectiva.<\/li><li>Direcci\u00f3n General de Salud Ambiental.<\/li><li>Direcciones Estadales de Salud.<\/li><li>\u00c1reas de Salud Integral Comunitaria (ASIC).<\/li><li>Corporaci\u00f3n de Salud del estado Aragua.<\/li><li>Ministerio del Poder Popular para la Salud (MPPS)<\/li><li>Fundaci\u00f3n para el Desarrollo de la Ciencia y la Tecnolog\u00eda (FUNDACITE)<\/li><li>Ministerio del Poder Popular de Ciencia y Tecnolog\u00eda (MINCYT).<\/li><li>Estudiantes de los distintas Universidades de Pregrado, PNF, Postgrado y PNFA a nivel nacional.<\/li><li>P\u00fablico en general.<\/li><\/ul>\t\t\t\t\t\t\t\t<\/div>\n\t\t\t\t<\/div>\n\t\t\t\t<\/div>\n\t\t<div class=\"elementor-element elementor-element-05840f4 e-con-full e-flex e-con e-child\" data-id=\"05840f4\" data-element_type=\"container\" data-e-type=\"container\">\n\t\t\t\t<div class=\"elementor-element elementor-element-2319093 elementor-widget elementor-widget-text-editor\" data-id=\"2319093\" data-element_type=\"widget\" data-e-type=\"widget\" data-widget_type=\"text-editor.default\">\n\t\t\t\t<div class=\"elementor-widget-container\">\n\t\t\t\t\t\t\t\t\t<p><strong>COMIT\u00c9 OPERATIVO:<\/strong><\/p><ul><li>Dra. Marling Castro &#8211; Directora de Gesti\u00f3n Acad\u00e9mica.<\/li><li>Dr. Gabriel Barrios &#8211; Coord. del Postgrado de Salud Ocupacional e Higiene del Ambiente Laboral<\/li><li>Lcda. Gina Guerra &#8211; Directora (E) de Secretar\u00eda Acad\u00e9mica.<\/li><li>Ing. Jenny Lizarazo \u2013 Directora (E) de la Direcci\u00f3n de Gesti\u00f3n Tecnol\u00f3gica.<\/li><li>Lcda. Katiuska Cordero \u2013 Directora (E) de Gesti\u00f3n de Informaci\u00f3n.<\/li><li>Lcdo. Jos\u00e9 A. S\u00e1ez &#8211; Coordinador (E) de Prensa y RRPP.<\/li><li>TSU. Andr\u00e9s Arrillaga \u2013 Coordinador (E) de Publicaciones y\u00a0 Audiovisuales.<\/li><\/ul>\t\t\t\t\t\t\t\t<\/div>\n\t\t\t\t<\/div>\n\t\t\t\t<\/div>\n\t\t\t\t\t<\/div>\n\t\t\t\t<\/div>\n\t\t\t\t<\/div>\n\t\t<p>Views: 8<\/p>","protected":false},"excerpt":{"rendered":"<p>Fecha: 29 de abril de 2026 Modalidad: PRESENCIAL en el sal\u00f3n \u00abHaydee Mireles\u00bb del SAIAE \u00b7Dr. Arnoldo Gabaldon\u00bb &#8211; Maracay, Edo. Aragua\u00a0\u00a0 Evento: Totalmente gratuito y de acceso libre. Se entregar\u00e1 Certificado de Participaci\u00f3n en formato digital. Contacto: mpps.iae.sohal@gmail.com JUSTIFICACI\u00d3N El conocimiento que se genera en estas importantes jornadas, permitir\u00e1 Proteger la integridad f\u00edsica y [&hellip;]<\/p>\n","protected":false},"author":1,"featured_media":0,"parent":0,"menu_order":0,"comment_status":"closed","ping_status":"closed","template":"","meta":{"inline_featured_image":false,"footnotes":""},"class_list":["post-5837","page","type-page","status-publish","hentry"],"yoast_head":"<!-- This site is optimized with the Yoast SEO plugin v27.5 - https:\/\/yoast.com\/product\/yoast-seo-wordpress\/ -->\n<title>VIII Jornadas de Salud Ocupacional - iaes<\/title>\n<meta name=\"description\" content=\"MPPS, IAE, Jornadas, Salud Ocupacional e Higiene del Ambiente Laboral, Salud P\u00fablica, Epidemiolog\u00eda, Salud Colectiva\" \/>\n<meta name=\"robots\" content=\"index, follow, max-snippet:-1, max-image-preview:large, max-video-preview:-1\" \/>\n<link rel=\"canonical\" href=\"https:\/\/iaes.edu.ve\/?page_id=5837\" \/>\n<meta property=\"og:locale\" content=\"es_ES\" \/>\n<meta property=\"og:type\" content=\"article\" \/>\n<meta property=\"og:title\" content=\"VIII Jornadas de Salud Ocupacional - iaes\" \/>\n<meta property=\"og:description\" content=\"MPPS, IAE, Jornadas, Salud Ocupacional e Higiene del Ambiente Laboral, Salud P\u00fablica, Epidemiolog\u00eda, Salud Colectiva\" \/>\n<meta property=\"og:url\" content=\"https:\/\/iaes.edu.ve\/?page_id=5837\" \/>\n<meta property=\"og:site_name\" content=\"iaes\" \/>\n<meta property=\"article:publisher\" content=\"https:\/\/www.facebook.com\/IAEGabaldonOficial\" \/>\n<meta property=\"article:modified_time\" content=\"2026-05-05T14:59:53+00:00\" \/>\n<meta property=\"og:image\" content=\"https:\/\/iaes.edu.ve\/wp-content\/uploads\/2026\/05\/banner-sohal-01-scaled.jpg\" \/>\n<meta name=\"twitter:card\" content=\"summary_large_image\" \/>\n<meta name=\"twitter:site\" content=\"@iaegabaldon\" \/>\n<meta name=\"twitter:label1\" content=\"Tiempo estimado de lectura\" \/>\n\t<meta name=\"twitter:data1\" content=\"2 minutos\" \/>\n<script type=\"application\/ld+json\" class=\"yoast-schema-graph\">{\"@context\":\"https:\\\/\\\/schema.org\",\"@graph\":[{\"@type\":\"WebPage\",\"@id\":\"https:\\\/\\\/iaes.edu.ve\\\/?page_id=5837\",\"url\":\"https:\\\/\\\/iaes.edu.ve\\\/?page_id=5837\",\"name\":\"VIII Jornadas de Salud Ocupacional - iaes\",\"isPartOf\":{\"@id\":\"https:\\\/\\\/iaes.edu.ve\\\/#website\"},\"primaryImageOfPage\":{\"@id\":\"https:\\\/\\\/iaes.edu.ve\\\/?page_id=5837#primaryimage\"},\"image\":{\"@id\":\"https:\\\/\\\/iaes.edu.ve\\\/?page_id=5837#primaryimage\"},\"thumbnailUrl\":\"https:\\\/\\\/iaes.edu.ve\\\/wp-content\\\/uploads\\\/2026\\\/05\\\/banner-sohal-01-scaled.jpg\",\"datePublished\":\"2025-02-19T17:25:38+00:00\",\"dateModified\":\"2026-05-05T14:59:53+00:00\",\"description\":\"MPPS, IAE, Jornadas, Salud Ocupacional e Higiene del Ambiente Laboral, Salud P\u00fablica, Epidemiolog\u00eda, Salud Colectiva\",\"breadcrumb\":{\"@id\":\"https:\\\/\\\/iaes.edu.ve\\\/?page_id=5837#breadcrumb\"},\"inLanguage\":\"es\",\"potentialAction\":[{\"@type\":\"ReadAction\",\"target\":[\"https:\\\/\\\/iaes.edu.ve\\\/?page_id=5837\"]}]},{\"@type\":\"ImageObject\",\"inLanguage\":\"es\",\"@id\":\"https:\\\/\\\/iaes.edu.ve\\\/?page_id=5837#primaryimage\",\"url\":\"https:\\\/\\\/iaes.edu.ve\\\/wp-content\\\/uploads\\\/2026\\\/05\\\/banner-sohal-01-scaled.jpg\",\"contentUrl\":\"https:\\\/\\\/iaes.edu.ve\\\/wp-content\\\/uploads\\\/2026\\\/05\\\/banner-sohal-01-scaled.jpg\",\"width\":2560,\"height\":800},{\"@type\":\"BreadcrumbList\",\"@id\":\"https:\\\/\\\/iaes.edu.ve\\\/?page_id=5837#breadcrumb\",\"itemListElement\":[{\"@type\":\"ListItem\",\"position\":1,\"name\":\"Portada\",\"item\":\"https:\\\/\\\/iaes.edu.ve\\\/\"},{\"@type\":\"ListItem\",\"position\":2,\"name\":\"VIII Jornadas de Salud Ocupacional e Higiene del Ambiente Laboral\"}]},{\"@type\":\"WebSite\",\"@id\":\"https:\\\/\\\/iaes.edu.ve\\\/#website\",\"url\":\"https:\\\/\\\/iaes.edu.ve\\\/\",\"name\":\"iaes\",\"description\":\"Formando al talento humano del Sistema P\u00fablico Nacional de Salud\",\"publisher\":{\"@id\":\"https:\\\/\\\/iaes.edu.ve\\\/#organization\"},\"potentialAction\":[{\"@type\":\"SearchAction\",\"target\":{\"@type\":\"EntryPoint\",\"urlTemplate\":\"https:\\\/\\\/iaes.edu.ve\\\/?s={search_term_string}\"},\"query-input\":{\"@type\":\"PropertyValueSpecification\",\"valueRequired\":true,\"valueName\":\"search_term_string\"}}],\"inLanguage\":\"es\"},{\"@type\":\"Organization\",\"@id\":\"https:\\\/\\\/iaes.edu.ve\\\/#organization\",\"name\":\"Servicio Aut\u00f3nomo Instituto de Altos Estudios Dr. Arnoldo Gabaldon\",\"alternateName\":\"IAE Dr. Arnoldo Gabaldon\",\"url\":\"https:\\\/\\\/iaes.edu.ve\\\/\",\"logo\":{\"@type\":\"ImageObject\",\"inLanguage\":\"es\",\"@id\":\"https:\\\/\\\/iaes.edu.ve\\\/#\\\/schema\\\/logo\\\/image\\\/\",\"url\":\"https:\\\/\\\/iaes.edu.ve\\\/wp-content\\\/uploads\\\/2024\\\/05\\\/logo-iae-hor.png\",\"contentUrl\":\"https:\\\/\\\/iaes.edu.ve\\\/wp-content\\\/uploads\\\/2024\\\/05\\\/logo-iae-hor.png\",\"width\":512,\"height\":170,\"caption\":\"Servicio Aut\u00f3nomo Instituto de Altos Estudios Dr. Arnoldo Gabaldon\"},\"image\":{\"@id\":\"https:\\\/\\\/iaes.edu.ve\\\/#\\\/schema\\\/logo\\\/image\\\/\"},\"sameAs\":[\"https:\\\/\\\/www.facebook.com\\\/IAEGabaldonOficial\",\"https:\\\/\\\/x.com\\\/iaegabaldon\",\"https:\\\/\\\/www.instagram.com\\\/iaegabaldon_oficial\\\/\",\"https:\\\/\\\/www.youtube.com\\\/@iaesgabaldon\"]}]}<\/script>\n<!-- \/ Yoast SEO plugin. -->","yoast_head_json":{"title":"VIII Jornadas de Salud Ocupacional - iaes","description":"MPPS, IAE, Jornadas, Salud Ocupacional e Higiene del Ambiente Laboral, Salud P\u00fablica, Epidemiolog\u00eda, Salud Colectiva","robots":{"index":"index","follow":"follow","max-snippet":"max-snippet:-1","max-image-preview":"max-image-preview:large","max-video-preview":"max-video-preview:-1"},"canonical":"https:\/\/iaes.edu.ve\/?page_id=5837","og_locale":"es_ES","og_type":"article","og_title":"VIII Jornadas de Salud Ocupacional - iaes","og_description":"MPPS, IAE, Jornadas, Salud Ocupacional e Higiene del Ambiente Laboral, Salud P\u00fablica, Epidemiolog\u00eda, Salud Colectiva","og_url":"https:\/\/iaes.edu.ve\/?page_id=5837","og_site_name":"iaes","article_publisher":"https:\/\/www.facebook.com\/IAEGabaldonOficial","article_modified_time":"2026-05-05T14:59:53+00:00","og_image":[{"url":"https:\/\/iaes.edu.ve\/wp-content\/uploads\/2026\/05\/banner-sohal-01-scaled.jpg","type":"","width":"","height":""}],"twitter_card":"summary_large_image","twitter_site":"@iaegabaldon","twitter_misc":{"Tiempo estimado de lectura":"2 minutos"},"schema":{"@context":"https:\/\/schema.org","@graph":[{"@type":"WebPage","@id":"https:\/\/iaes.edu.ve\/?page_id=5837","url":"https:\/\/iaes.edu.ve\/?page_id=5837","name":"VIII Jornadas de Salud Ocupacional - iaes","isPartOf":{"@id":"https:\/\/iaes.edu.ve\/#website"},"primaryImageOfPage":{"@id":"https:\/\/iaes.edu.ve\/?page_id=5837#primaryimage"},"image":{"@id":"https:\/\/iaes.edu.ve\/?page_id=5837#primaryimage"},"thumbnailUrl":"https:\/\/iaes.edu.ve\/wp-content\/uploads\/2026\/05\/banner-sohal-01-scaled.jpg","datePublished":"2025-02-19T17:25:38+00:00","dateModified":"2026-05-05T14:59:53+00:00","description":"MPPS, IAE, Jornadas, Salud Ocupacional e Higiene del Ambiente Laboral, Salud P\u00fablica, Epidemiolog\u00eda, Salud Colectiva","breadcrumb":{"@id":"https:\/\/iaes.edu.ve\/?page_id=5837#breadcrumb"},"inLanguage":"es","potentialAction":[{"@type":"ReadAction","target":["https:\/\/iaes.edu.ve\/?page_id=5837"]}]},{"@type":"ImageObject","inLanguage":"es","@id":"https:\/\/iaes.edu.ve\/?page_id=5837#primaryimage","url":"https:\/\/iaes.edu.ve\/wp-content\/uploads\/2026\/05\/banner-sohal-01-scaled.jpg","contentUrl":"https:\/\/iaes.edu.ve\/wp-content\/uploads\/2026\/05\/banner-sohal-01-scaled.jpg","width":2560,"height":800},{"@type":"BreadcrumbList","@id":"https:\/\/iaes.edu.ve\/?page_id=5837#breadcrumb","itemListElement":[{"@type":"ListItem","position":1,"name":"Portada","item":"https:\/\/iaes.edu.ve\/"},{"@type":"ListItem","position":2,"name":"VIII Jornadas de Salud Ocupacional e Higiene del Ambiente Laboral"}]},{"@type":"WebSite","@id":"https:\/\/iaes.edu.ve\/#website","url":"https:\/\/iaes.edu.ve\/","name":"iaes","description":"Formando al talento humano del Sistema P\u00fablico Nacional de Salud","publisher":{"@id":"https:\/\/iaes.edu.ve\/#organization"},"potentialAction":[{"@type":"SearchAction","target":{"@type":"EntryPoint","urlTemplate":"https:\/\/iaes.edu.ve\/?s={search_term_string}"},"query-input":{"@type":"PropertyValueSpecification","valueRequired":true,"valueName":"search_term_string"}}],"inLanguage":"es"},{"@type":"Organization","@id":"https:\/\/iaes.edu.ve\/#organization","name":"Servicio Aut\u00f3nomo Instituto de Altos Estudios Dr. Arnoldo Gabaldon","alternateName":"IAE Dr. Arnoldo Gabaldon","url":"https:\/\/iaes.edu.ve\/","logo":{"@type":"ImageObject","inLanguage":"es","@id":"https:\/\/iaes.edu.ve\/#\/schema\/logo\/image\/","url":"https:\/\/iaes.edu.ve\/wp-content\/uploads\/2024\/05\/logo-iae-hor.png","contentUrl":"https:\/\/iaes.edu.ve\/wp-content\/uploads\/2024\/05\/logo-iae-hor.png","width":512,"height":170,"caption":"Servicio Aut\u00f3nomo Instituto de Altos Estudios Dr. Arnoldo Gabaldon"},"image":{"@id":"https:\/\/iaes.edu.ve\/#\/schema\/logo\/image\/"},"sameAs":["https:\/\/www.facebook.com\/IAEGabaldonOficial","https:\/\/x.com\/iaegabaldon","https:\/\/www.instagram.com\/iaegabaldon_oficial\/","https:\/\/www.youtube.com\/@iaesgabaldon"]}]}},"_links":{"self":[{"href":"https:\/\/iaes.edu.ve\/index.php?rest_route=\/wp\/v2\/pages\/5837","targetHints":{"allow":["GET"]}}],"collection":[{"href":"https:\/\/iaes.edu.ve\/index.php?rest_route=\/wp\/v2\/pages"}],"about":[{"href":"https:\/\/iaes.edu.ve\/index.php?rest_route=\/wp\/v2\/types\/page"}],"author":[{"embeddable":true,"href":"https:\/\/iaes.edu.ve\/index.php?rest_route=\/wp\/v2\/users\/1"}],"replies":[{"embeddable":true,"href":"https:\/\/iaes.edu.ve\/index.php?rest_route=%2Fwp%2Fv2%2Fcomments&post=5837"}],"version-history":[{"count":7,"href":"https:\/\/iaes.edu.ve\/index.php?rest_route=\/wp\/v2\/pages\/5837\/revisions"}],"predecessor-version":[{"id":5848,"href":"https:\/\/iaes.edu.ve\/index.php?rest_route=\/wp\/v2\/pages\/5837\/revisions\/5848"}],"wp:attachment":[{"href":"https:\/\/iaes.edu.ve\/index.php?rest_route=%2Fwp%2Fv2%2Fmedia&parent=5837"}],"curies":[{"name":"wp","href":"https:\/\/api.w.org\/{rel}","templated":true}]}}